{"id":7227,"date":"2021-01-17T11:58:11","date_gmt":"2021-01-17T11:58:11","guid":{"rendered":"https:\/\/smartmag.theme-sphere.com\/mag-studio\/our-authors\/"},"modified":"2021-01-17T11:58:11","modified_gmt":"2021-01-17T11:58:11","slug":"tac-gia-cua-chung-toi-2","status":"publish","type":"page","link":"https:\/\/planeta-info.com\/vi\/our-authors-2\/","title":{"rendered":"t\u00e1c gi\u1ea3 c\u1ee7a ch\u00fang t\u00f4i"},"content":{"rendered":"<p>\u0110\u00e2y l\u00e0 danh s\u00e1ch t\u1ea5t c\u1ea3 c\u00e1c t\u00e1c gi\u1ea3 c\u1ee7a ch\u00fang t\u00f4i.<\/p>","protected":false},"excerpt":{"rendered":"<p>\u0110\u00e2y l\u00e0 danh s\u00e1ch t\u1ea5t c\u1ea3 c\u00e1c t\u00e1c gi\u1ea3 c\u1ee7a ch\u00fang t\u00f4i.<\/p>","protected":false},"author":3,"featured_media":0,"parent":0,"menu_order":0,"comment_status":"closed","ping_status":"closed","template":"page-templates\/authors.php","meta":{"footnotes":""},"class_list":["post-7227","page","type-page","status-publish"],"_links":{"self":[{"href":"https:\/\/planeta-info.com\/vi\/wp-json\/wp\/v2\/pages\/7227","targetHints":{"allow":["GET"]}}],"collection":[{"href":"https:\/\/planeta-info.com\/vi\/wp-json\/wp\/v2\/pages"}],"about":[{"href":"https:\/\/planeta-info.com\/vi\/wp-json\/wp\/v2\/types\/page"}],"author":[{"embeddable":true,"href":"https:\/\/planeta-info.com\/vi\/wp-json\/wp\/v2\/users\/3"}],"replies":[{"embeddable":true,"href":"https:\/\/planeta-info.com\/vi\/wp-json\/wp\/v2\/comments?post=7227"}],"version-history":[{"count":0,"href":"https:\/\/planeta-info.com\/vi\/wp-json\/wp\/v2\/pages\/7227\/revisions"}],"wp:attachment":[{"href":"https:\/\/planeta-info.com\/vi\/wp-json\/wp\/v2\/media?parent=7227"}],"curies":[{"name":"wp","href":"https:\/\/api.w.org\/{rel}","templated":true}]}}