{"id":331,"date":"2021-01-15T11:45:26","date_gmt":"2021-01-15T11:45:26","guid":{"rendered":"https:\/\/smartmag.theme-sphere.com\/tech-drop\/typography-post-elements\/"},"modified":"2021-01-15T11:45:26","modified_gmt":"2021-01-15T11:45:26","slug":"yeu-to-bai-kieu-chu","status":"publish","type":"page","link":"https:\/\/planeta-info.com\/vi\/typography-post-elements\/","title":{"rendered":"Y\u1ebfu t\u1ed1 ki\u1ec3u ch\u1eef"},"content":{"rendered":"<p>Trang n\u00e0y hi\u1ec3n th\u1ecb c\u00e1c y\u1ebfu t\u1ed1 li\u00ean quan \u0111\u1ebfn ki\u1ec3u ch\u1eef v\u00e0 v\u0103n b\u1ea3n c\u1ee7a b\u00e0i \u0111\u0103ng v\u00e0 trang trong tr\u00ecnh ch\u1ec9nh s\u1eeda m\u1eb7c \u0111\u1ecbnh c\u1ee7a WordPress. B\u1ea1n c\u00f3 th\u1ec3 th\u1ea5y c\u00e1c y\u1ebfu t\u1ed1 kh\u00e1c trong <a href=\"https:\/\/smartmag.theme-sphere.com\/tech-drop\/welcome-to-the-future-of-wordpress-with-gutenberg\/\" data-type=\"post\" data-id=\"338\"><strong>Ki\u1ec3u Gutenberg<\/strong><\/a> b\u01b0u ki\u1ec7n.<\/p>\n\n\n\n<p>K\u00edch th\u00edch gian h\u00e0ng ch\u1ee5p \u1ea3nh Stunttown t\u00fai tote Banksy, elit l\u00f4 nh\u1ecf freegan sed. Bia th\u1ee7 c\u00f4ng seitan \u01b0u t\u00fa <a href=\"#\">b\u00e0i t\u1eadp<\/a>, photo Booth v\u00e0 khoai t\u00e2y chi\u00ean 8-bit c\u1ea3i xo\u0103n t\u1ea1o n\u00ean l\u00e0n s\u00f3ng l\u1ea1nh s\u00e2u trong ph\u00f2ng l\u00e0m vi\u1ec7c.<\/p>\n\n\n\n<hr class=\"wp-block-separator has-css-opacity is-style-wide\"\/>\n\n\n\n<p><strong>1. Tr\u00edch d\u1eabn m\u1eb7c \u0111\u1ecbnh<\/strong><\/p>\n\n\n\n<figure class=\"wp-block-pullquote\"><blockquote><p>Ch\u1ec9 1\/4 thanh ni\u00ean hi\u1ec3u bi\u1ebft v\u1ec1 t\u00e0i ch\u00ednh. B\u1ea1n kh\u00f4ng mu\u1ed1n l\u00e0m h\u1ecd cho\u00e1ng ng\u1ee3p v\u1edbi nh\u1eefng l\u1eddi khuy\u00ean t\u1ec7 h\u1ea1i.<\/p><cite>James Matthews<\/cite><\/blockquote><\/figure>\n\n\n\n<p>Ki\u1ec3u pullquote th\u00f4ng th\u01b0\u1eddng ch\u1ec9 kh\u1ea3 d\u1ee5ng v\u1edbi Gutenberg Editor.<\/p>\n\n\n\n<p><strong>2. Tr\u00edch d\u1eabn hi\u1ec7n \u0111\u1ea1i<\/strong><\/p>\n\n\n\n<p>Tr\u00edch d\u1eabn hi\u1ec7n \u0111\u1ea1i c\u00f3 s\u1eb5n \u1edf c\u1ea3 tr\u00ecnh so\u1ea1n th\u1ea3o c\u1ed5 \u0111i\u1ec3n v\u00e0 tr\u00ecnh so\u1ea1n th\u1ea3o Gutenberg. Trong tr\u00ecnh ch\u1ec9nh s\u1eeda Gutenberg, n\u00f3 c\u00f3 s\u1eb5n d\u01b0\u1edbi d\u1ea1ng bi\u1ebfn th\u1ec3 Ki\u1ec3u l\u1edbn trong khi \u1edf tr\u00ecnh ch\u1ec9nh s\u1eeda c\u1ed5 \u0111i\u1ec3n, n\u00f3 c\u00f3 s\u1eb5n trong Ki\u1ec3u kh\u00e1c d\u01b0\u1edbi d\u1ea1ng Tr\u00edch d\u1eabn Hi\u1ec7n \u0111\u1ea1i.<\/p>\n\n\n\n<figure class=\"wp-block-pullquote is-style-modern\"><blockquote><p>M\u1ecdi ng\u01b0\u1eddi ngh\u0129 t\u1eadp trung c\u00f3 ngh\u0129a l\u00e0 n\u00f3i \u0111\u1ed3ng \u00fd v\u1edbi \u0111i\u1ec1u b\u1ea1n ph\u1ea3i t\u1eadp trung v\u00e0o. Nh\u01b0ng \u0111\u00f3 kh\u00f4ng ph\u1ea3i l\u00e0 \u00fd ngh\u0129a c\u1ee7a n\u00f3 ch\u00fat n\u00e0o. N\u00f3 c\u00f3 ngh\u0129a l\u00e0 n\u00f3i kh\u00f4ng v\u1edbi h\u00e0ng tr\u0103m \u00fd t\u01b0\u1edfng hay kh\u00e1c \u0111ang c\u00f3. B\u1ea1n ph\u1ea3i l\u1ef1a ch\u1ecdn c\u1ea9n th\u1eadn.<\/p><cite>Shane Doe<\/cite><\/blockquote><\/figure>\n\n\n\n<p><strong>3. Tr\u00edch d\u1eabn m\u00e0u<\/strong><\/p>\n\n\n\n<p>B\u1ea1n c\u00f3 th\u1ec3 s\u1eed d\u1ee5ng b\u1ea5t k\u1ef3 t\u00f9y ch\u1ecdn m\u00e0u n\u00e0o tr\u00ean c\u1ea3 m\u00e0u n\u1ec1n v\u00e0 m\u00e0u v\u0103n b\u1ea3n v\u1edbi t\u00f9y ch\u1ecdn n\u00e0y trong Gutenberg.<\/p>\n\n\n\n<figure class=\"wp-block-pullquote is-style-solid-bg has-black-color has-pale-cyan-blue-background-color has-text-color has-background\"><blockquote><p>Ch\u1ec9 1\/4 thanh ni\u00ean hi\u1ec3u bi\u1ebft v\u1ec1 t\u00e0i ch\u00ednh. B\u1ea1n kh\u00f4ng mu\u1ed1n l\u00e0m h\u1ecd cho\u00e1ng ng\u1ee3p v\u1edbi nh\u1eefng l\u1eddi khuy\u00ean t\u1ec7 h\u1ea1i.<\/p><cite><mark style=\"background-color:rgba(0, 0, 0, 0)\" class=\"has-inline-color has-black-color\">Shane Doe<\/mark><\/cite><\/blockquote><\/figure>\n\n\n\n<p><strong>4. M\u1eb7c \u0111\u1ecbnh tr\u00edch d\u1eabn kh\u1ed1i<\/strong><\/p>\n\n\n\n<blockquote class=\"wp-block-quote is-layout-flow wp-block-quote-is-layout-flow\"><p>M\u1ecdi ng\u01b0\u1eddi ngh\u0129 t\u1eadp trung c\u00f3 ngh\u0129a l\u00e0 n\u00f3i \u0111\u1ed3ng \u00fd v\u1edbi \u0111i\u1ec1u b\u1ea1n ph\u1ea3i t\u1eadp trung v\u00e0o. Nh\u01b0ng \u0111\u00f3 kh\u00f4ng ph\u1ea3i l\u00e0 \u00fd ngh\u0129a c\u1ee7a n\u00f3 ch\u00fat n\u00e0o. N\u00f3 c\u00f3 ngh\u0129a l\u00e0 n\u00f3i kh\u00f4ng v\u1edbi h\u00e0ng tr\u0103m \u00fd t\u01b0\u1edfng hay kh\u00e1c \u0111ang c\u00f3. B\u1ea1n ph\u1ea3i l\u1ef1a ch\u1ecdn c\u1ea9n th\u1eadn.<\/p><cite>Shane Doe<\/cite><\/blockquote>\n\n\n\n<p><strong>5. Blockquote l\u1edbn<\/strong><\/p>\n\n\n\n<blockquote class=\"wp-block-quote is-style-large is-layout-flow wp-block-quote-is-layout-flow\"><p>M\u1ecdi ng\u01b0\u1eddi ngh\u0129 t\u1eadp trung c\u00f3 ngh\u0129a l\u00e0 n\u00f3i \u0111\u1ed3ng \u00fd v\u1edbi \u0111i\u1ec1u b\u1ea1n ph\u1ea3i t\u1eadp trung v\u00e0o. Nh\u01b0ng \u0111\u00f3 kh\u00f4ng ph\u1ea3i l\u00e0 \u00fd ngh\u0129a c\u1ee7a n\u00f3 ch\u00fat n\u00e0o. <\/p><\/blockquote>\n\n\n\n<p>Tonx cray commododo, t\u1eadp th\u1ec3 d\u1ee5c c\u00f3 l\u1ebd b\u1ea1n ch\u01b0a t\u1eebng nghe \u0111\u1ebfn h\u1ecd c\u00f3 r\u00e2u. Selfies iPhone Kickstarter, u\u1ed1ng gi\u1ea5m qu\u1ea7n short jean fixie h\u1eadu qu\u1ea3.<\/p>\n\n\n\n<hr class=\"wp-block-separator has-css-opacity is-style-dots\"\/>\n\n\n\n<figure class=\"wp-block-pullquote alignright\"><blockquote><p>\u0110\u00e2y l\u00e0 m\u1ed9t tr\u00edch d\u1eabn \u0111\u01b0\u1ee3c c\u0103n ph\u1ea3i \u0111\u1ec3 hi\u1ec3n th\u1ecb n\u1ed9i dung n\u00e0o \u0111\u00f3 t\u1eeb b\u00e0i vi\u1ebft.<\/p><cite>Shane Doe<\/cite><\/blockquote><\/figure>\n\n\n\n<p><strong>Pullquote \u0111\u01b0\u1ee3c c\u0103n ph\u1ea3i<\/strong>. B\u00e1c s\u0129 quang ph\u1ed5 kilowog lieberman flash gordon ong b\u1eafp c\u00e0y ng\u01b0\u1eddi l\u00e0m v\u01b0\u1eddn hoa h\u1ed3ng deadpool sinh s\u1ea3n b\u1eadc th\u1ea7y gi\u00e1m h\u1ed9 tr\u01b0\u1edfng, ng\u01b0\u1eddi ki\u1ebfn magog.\u201d Bi\u1ebfn th\u00e1i trey langstrom ng\u01b0\u1eddi b\u1ea3o v\u1ec7 m\u00e0u \u0111\u1ecf, \u201chellcat, jane Foster betty brant stacy x hellcat emma Frost qu\u00e1n t\u00ednh c\u00f3c chu\u1ea9n tinh?\u201d Deadpool, \u201cqu\u00e2n th\u1eadp t\u1ef1 chinh m\u00e0u \u0111\u1ecf th\u1eabm l\u1ea1 m\u1eaft, si\u00eau nh\u00e2n n\u1eef ho\u00e0ng da tr\u1eafng t\u00e0n s\u00e1t.\u201d <\/p>\n\n\n\n<p>Arcanna Captain Italy \u0111i\u1ec1u ph\u01b0\u1ee3ng ho\u00e0ng jennifer c\u1ea3i xo\u0103n Robbie Burchill, \u201choa h\u1ed3ng sinh s\u1ea3n, k\u1ef3 l\u00e2n elektra.\u201d<\/p>\n\n\n\n<h2 class=\"wp-block-heading\">Danh s\u00e1ch th\u00f4ng th\u01b0\u1eddng<\/h2>\n\n\n\n<p>K\u00edch th\u00edch gian h\u00e0ng ch\u1ee5p \u1ea3nh Stunttown t\u00fai tote Banksy, elit l\u00f4 nh\u1ecf freegan sed. Bia th\u1ee7 c\u00f4ng seitan \u01b0u t\u00fa&nbsp;<a href=\"#\">b\u00e0i t\u1eadp<\/a>, photo Booth v\u00e0 khoai t\u00e2y chi\u00ean 8-bit c\u1ea3i xo\u0103n t\u1ea1o n\u00ean l\u00e0n s\u00f3ng l\u1ea1nh s\u00e2u trong ph\u00f2ng l\u00e0m vi\u1ec7c.<\/p>\n\n\n\n<ul class=\"wp-block-list\"><li>Aliquam erat volutpat<\/li><li>K\u00edch th\u00edch bu\u1ed3ng ch\u1ee5p \u1ea3nh Stumptown t\u00fai tote Banksy<\/li><li>C\u00e0 ph\u00ea nguy\u00ean ch\u1ea5t Tempor duis<\/li><li>Magnis dis parurient mones<\/li><\/ul>\n\n\n\n<h2 class=\"wp-block-heading\">Danh s\u00e1ch \u0111\u00e1nh s\u1ed1<\/h2>\n\n\n\n<p>Stumptown k\u1ebb s\u1ecdc \u0111\u1eb7t ri\u00eang, r\u00e2u mini diesel sinh h\u1ecdc T\u1ef7 l\u1ec7 s\u1ed1ng cao theo phong c\u00e1ch retro b\u1ec1n v\u1eefng c\u1ee7a Echo Park Tumblr c\u1ee7a th\u1eadp ni\u00ean 90. Photo Booth v\u00e0 c\u1ea3i xo\u0103n 8-bit khoai t\u00e2y chi\u00ean t\u1ea1o c\u1ea3m gi\u00e1c l\u1ea1nh s\u00e2u trong ph\u00f2ng l\u00e0m vi\u1ec7c.<\/p>\n\n\n\n<ol class=\"wp-block-list\"><li>Aliquam erat volutpat<\/li><li>K\u00edch th\u00edch bu\u1ed3ng ch\u1ee5p \u1ea3nh Stumptown t\u00fai tote Banksy<\/li><li>C\u00e0 ph\u00ea nguy\u00ean ch\u1ea5t Tempor duis<\/li><li>Magnis dis parurient mones<\/li><\/ol>\n\n\n\n<h1 class=\"wp-block-heading\">Ti\u00eau \u0111\u1ec1 1<\/h1>\n\n\n\n<p>Meh synth Schlitz, t\u1ea1m th\u1eddi l\u00e0 hai lo\u1ea1i c\u00e0 ph\u00ea c\u00f3 ngu\u1ed3n g\u1ed1c duy nh\u1ea5t v\u00e0 m\u1ed9t g\u00f3i fanny pack d\u00e0nh cho ng\u01b0\u1eddi d\u00e2n t\u1ed9c c\u1ea5p \u0111\u1ed9 ti\u1ebfp theo.<\/p>\n\n\n\n<h2 class=\"wp-block-heading\">Ti\u00eau \u0111\u1ec1 2<\/h2>\n\n\n\n<p>Sed ut perspiciatis unde omnis iste natus error sit voluptatem accusantium doloremque laudantium, totam rem aperiam, eaque ipsa.<\/p>\n\n\n\n<h3 class=\"wp-block-heading\">Ti\u00eau \u0111\u1ec1 3<\/h3>\n\n\n\n<p>Sed ut perspiciatis unde omnis iste natus error sit voluptatem accusantium doloremque laudantium, totam rem aperiam, eaque ipsa.<\/p>\n\n\n\n<h4 class=\"wp-block-heading\">Ti\u00eau \u0111\u1ec1 4<\/h4>\n\n\n\n<p>K\u00edch th\u00edch gian h\u00e0ng ch\u1ee5p \u1ea3nh Stunttown t\u00fai tote Banksy, elit l\u00f4 nh\u1ecf freegan sed.<\/p>\n\n\n\n<h5 class=\"wp-block-heading\">Ti\u00eau \u0111\u1ec1 5<\/h5>\n\n\n\n<p>Photo Booth ho\u1ea1t h\u00ecnh 8-bit hella, PBR 3 m\u1eb7t tr\u0103ng s\u00f3i Helvetica.<\/p>\n\n\n\n<h6 class=\"wp-block-heading\">Ti\u00eau \u0111\u1ec1 6<\/h6>\n\n\n\n<p>Meh synth Schlitz, t\u1ea1m th\u1eddi l\u00e0 hai lo\u1ea1i c\u00e0 ph\u00ea c\u00f3 ngu\u1ed3n g\u1ed1c duy nh\u1ea5t v\u00e0 m\u1ed9t g\u00f3i fanny pack d\u00e0nh cho ng\u01b0\u1eddi d\u00e2n t\u1ed9c c\u1ea5p \u0111\u1ed9 ti\u1ebfp theo.<\/p>\n\n\n\n<h3 class=\"wp-block-heading\">C\u00e1c ki\u1ec3u c\u01a1 b\u1ea3n ph\u1ed5 bi\u1ebfn<\/h3>\n\n\n\n<p>\u1ea2nh t\u1eadp th\u1ec3 d\u1ee5c&nbsp;<strong>ch\u1eef in \u0111\u1eadm<\/strong>&nbsp;t\u00fai h\u00e0ng h\u00f3a&nbsp;<em>ch\u1eef in nghi\u00eang<\/em>, \u01b0u t\u00fa sed nh\u1ecf m\u00e0u.&nbsp;<a href=\"#\">Li\u00ean k\u1ebft \u1edf \u0111\u00e2y<\/a>&nbsp;m\u00ec c\u0103n \u01b0u t\u00fa&nbsp;<a href=\"#\">b\u00e0i t\u1eadp<\/a>, h\u00ecnh ch\u1ee5p&nbsp;<del>g\u1ea1ch ngang<\/del>&nbsp;et M\u00e3 n\u1ed9i tuy\u1ebfn c\u1ea3i xo\u0103n 8 bit:&nbsp;<code>d\u1ea3i_tags()<\/code>&nbsp;v\u00e0 ti\u1ebfp t\u1ee5c.<\/p>\n\n\n\n<pre class=\"wp-block-preformatted\">h\u00e0m code_sample($text) { $text = t\u00ednh_sample($text); tr\u1ea3 v\u1ec1 v\u0103n b\u1ea3n $; }<\/pre>\n\n\n\n<p class=\"has-drop-cap\">V\u00ed d\u1ee5 v\u1ec1 ch\u1eef hoa th\u1ea3 \u1edf \u0111\u00e2y. Ph\u00f9 th\u1ee7y \u0111\u1ecf t\u01b0\u01a1i Fenris colossus lockjaw wolverine gh\u00ea t\u1edfm l\u0169 l\u00ednh canh m\u1edbi l\u1eeba \u0111\u1ea3o, c\u00f4 g\u00e1i k\u1ef3 di\u1ec7u dreadknight h\u00e9t l\u00ean ahab. Darkman b\u00f3ng t\u1ed1i vua ma c\u01b0\u1ee1i chim \u01b0ng th\u1ea7n kinh montana h\u00ecnh d\u1ea1ng nam t\u01b0\u1edbc zemo?<\/p>\n\n\n\n<p>B\u1ea1n \u0111ang t\u00ecm ki\u1ebfm th\u00eam phong c\u00e1ch v\u00e0 y\u1ebfu t\u1ed1? Nh\u00ecn th\u1ea5y <a href=\"https:\/\/smartmag.theme-sphere.com\/tech-drop\/welcome-to-the-future-of-wordpress-with-gutenberg\/\"><strong>Ki\u1ec3u Gutenberg<\/strong><\/a> b\u01b0u ki\u1ec7n.<\/p>","protected":false},"excerpt":{"rendered":"<p>This page shows typography and text related elements of the posts and pages in the default WordPress editor. You can see other elements in the Gutenberg Styles post. Exercitation photo booth stumptown tote bag Banksy, elit small batch freegan sed. Craft beer elit seitan exercitation, photo booth et 8-bit kale chips proident chillwave deep v [&hellip;]<\/p>\n","protected":false},"author":3,"featured_media":0,"parent":0,"menu_order":0,"comment_status":"closed","ping_status":"closed","template":"","meta":{"footnotes":""},"class_list":["post-331","page","type-page","status-publish"],"_links":{"self":[{"href":"https:\/\/planeta-info.com\/vi\/wp-json\/wp\/v2\/pages\/331","targetHints":{"allow":["GET"]}}],"collection":[{"href":"https:\/\/planeta-info.com\/vi\/wp-json\/wp\/v2\/pages"}],"about":[{"href":"https:\/\/planeta-info.com\/vi\/wp-json\/wp\/v2\/types\/page"}],"author":[{"embeddable":true,"href":"https:\/\/planeta-info.com\/vi\/wp-json\/wp\/v2\/users\/3"}],"replies":[{"embeddable":true,"href":"https:\/\/planeta-info.com\/vi\/wp-json\/wp\/v2\/comments?post=331"}],"version-history":[{"count":0,"href":"https:\/\/planeta-info.com\/vi\/wp-json\/wp\/v2\/pages\/331\/revisions"}],"wp:attachment":[{"href":"https:\/\/planeta-info.com\/vi\/wp-json\/wp\/v2\/media?parent=331"}],"curies":[{"name":"wp","href":"https:\/\/api.w.org\/{rel}","templated":true}]}}