{"id":7529,"date":"2023-10-21T22:33:55","date_gmt":"2023-10-21T22:33:55","guid":{"rendered":"https:\/\/planeta-info.com\/?page_id=7529"},"modified":"2023-10-21T22:33:56","modified_gmt":"2023-10-21T22:33:56","slug":"gizlilik-politikasi","status":"publish","type":"page","link":"https:\/\/planeta-info.com\/tr\/politica-de-privacidade\/","title":{"rendered":"Gizlilik Politikas\u0131"},"content":{"rendered":"<p>Gizlili\u011finiz bizim i\u00e7in \u00f6nemlidir. Web sitesinde toplayabilece\u011fimiz herhangi bir bilgiyle ilgili olarak gizlili\u011finize sayg\u0131 g\u00f6stermek Planeta Info&#039;nun politikas\u0131d\u0131r. <a href=\"https:\/\/planeta-info.com\/tr\/\">Gezegen Bilgisi<\/a>, sahibi oldu\u011fumuz ve i\u015fletti\u011fimiz di\u011fer siteler.<\/p>\n<p>Ki\u015fisel bilgileri yaln\u0131zca size bir hizmet sunmak i\u00e7in ger\u00e7ekten ihtiyac\u0131m\u0131z oldu\u011funda talep ederiz. Bunu sizin bilginiz ve izninizle, adil ve yasal yollarla yap\u0131yoruz. Ayr\u0131ca bunlar\u0131 neden toplad\u0131\u011f\u0131m\u0131z\u0131 ve nas\u0131l kullan\u0131laca\u011f\u0131n\u0131 da anlat\u0131yoruz.<\/p>\n<p>Toplanan bilgileri yaln\u0131zca talep edilen hizmeti sa\u011flamak i\u00e7in gerekli oldu\u011fu s\u00fcrece saklar\u0131z. Verileri saklad\u0131\u011f\u0131m\u0131zda, bunlar\u0131 kay\u0131p ve h\u0131rs\u0131zl\u0131\u011f\u0131n yan\u0131 s\u0131ra yetkisiz eri\u015fim, if\u015fa, kopyalama, kullan\u0131m veya de\u011fi\u015ftirmeyi \u00f6nlemek i\u00e7in ticari olarak kabul edilebilir y\u00f6ntemlerle koruruz.<\/p>\n<p>Ki\u015fisel olarak tan\u0131mlanabilecek bilgileri, yasalar\u0131n gerektirdi\u011fi durumlar d\u0131\u015f\u0131nda kamuya a\u00e7\u0131k olarak veya \u00fc\u00e7\u00fcnc\u00fc taraflarla payla\u015fm\u0131yoruz.<\/p>\n<p>Web sitemizde taraf\u0131m\u0131zca i\u015fletilmeyen harici web sitelerine ba\u011flant\u0131lar bulunabilir. L\u00fctfen bu sitelerin i\u00e7eri\u011fi ve uygulamalar\u0131 \u00fczerinde hi\u00e7bir kontrol\u00fcm\u00fcz olmad\u0131\u011f\u0131n\u0131 ve ilgili gizlilik politikalar\u0131n\u0131n sorumlulu\u011funu kabul edemeyece\u011fimizi unutmay\u0131n.<\/p>\n<p>\u0130stedi\u011finiz hizmetlerden baz\u0131lar\u0131n\u0131 size sa\u011flayamayabilece\u011fimizi kabul ederek, ki\u015fisel bilgilerinize ili\u015fkin talebimizi reddetmekte \u00f6zg\u00fcrs\u00fcn\u00fcz.<\/p>\n<p>Web sitemizi kullanmaya devam etmeniz, gizlilik ve ki\u015fisel bilgilerle ilgili uygulamalar\u0131m\u0131z\u0131 kabul etti\u011finiz anlam\u0131na gelecektir. Kullan\u0131c\u0131 verilerini ve ki\u015fisel bilgileri nas\u0131l i\u015fledi\u011fimize ili\u015fkin sorular\u0131n\u0131z varsa l\u00fctfen bizimle ileti\u015fime ge\u00e7in.<\/p>\n<h3>Planeta Bilgi \u00c7erez Politikas\u0131<\/h3>\n<h3>\u00c7erezler nedir?<\/h3>\n<p>Neredeyse t\u00fcm profesyonel web sitelerinde oldu\u011fu gibi, bu site de deneyiminizi geli\u015ftirmek i\u00e7in bilgisayar\u0131n\u0131za indirilen k\u00fc\u00e7\u00fck dosyalar olan \u00e7erezleri kullan\u0131r. Bu sayfada hangi bilgileri toplad\u0131klar\u0131n\u0131, bunlar\u0131 nas\u0131l kulland\u0131\u011f\u0131m\u0131z\u0131 ve neden bazen bu \u00e7erezleri saklamam\u0131z gerekti\u011fini a\u00e7\u0131kl\u0131yoruz. Ayr\u0131ca bu \u00e7erezlerin saklanmas\u0131n\u0131 nas\u0131l \u00f6nleyebilece\u011finizi de payla\u015faca\u011f\u0131z; ancak bu, sitenin i\u015flevselli\u011finin belirli \u00f6\u011felerinin d\u00fczeyini d\u00fc\u015f\u00fcrebilir veya &#039;bozabilir&#039;.<\/p>\n<h3>\u00c7erezleri nas\u0131l kullan\u0131r\u0131z?<\/h3>\n<p>\u00c7erezleri a\u015fa\u011f\u0131da ayr\u0131nt\u0131lar\u0131 verilen \u00e7e\u015fitli nedenlerle kullan\u0131yoruz. Ne yaz\u0131k ki \u00e7o\u011fu durumda, \u00e7erezlerin bu siteye ekledikleri i\u015flevsellik ve \u00f6zellikleri tamamen devre d\u0131\u015f\u0131 b\u0131rakmadan \u00e7erezleri devre d\u0131\u015f\u0131 b\u0131rakmaya y\u00f6nelik end\u00fcstri standard\u0131 se\u00e7enekler bulunmamaktad\u0131r. Kulland\u0131\u011f\u0131n\u0131z bir hizmeti sa\u011flamak i\u00e7in kullan\u0131lmalar\u0131 durumunda \u00e7erezlere ihtiyac\u0131n\u0131z olup olmad\u0131\u011f\u0131ndan emin de\u011filseniz t\u00fcm \u00e7erezleri b\u0131rakman\u0131z \u00f6nerilir.<\/p>\n<h3>\u00c7erezleri devre d\u0131\u015f\u0131 b\u0131rak<\/h3>\n<p>Taray\u0131c\u0131n\u0131z\u0131n ayarlar\u0131n\u0131 de\u011fi\u015ftirerek \u00e7erezlerin ayarlanmas\u0131n\u0131 engelleyebilirsiniz (bunun nas\u0131l yap\u0131laca\u011f\u0131 hakk\u0131nda bilgi i\u00e7in taray\u0131c\u0131n\u0131z\u0131n Yard\u0131m\u0131na bak\u0131n). \u00c7erezleri devre d\u0131\u015f\u0131 b\u0131rakman\u0131n bu sitenin ve ziyaret etti\u011finiz di\u011fer bir\u00e7ok web sitesinin i\u015flevselli\u011fini etkileyece\u011fini l\u00fctfen unutmay\u0131n. \u00c7erezlerin devre d\u0131\u015f\u0131 b\u0131rak\u0131lmas\u0131 genellikle bu web sitesinin belirli i\u015flevlerinin ve \u00f6zelliklerinin devre d\u0131\u015f\u0131 b\u0131rak\u0131lmas\u0131yla sonu\u00e7lanacakt\u0131r. Bu nedenle \u00e7erezleri devre d\u0131\u015f\u0131 b\u0131rakmaman\u0131z tavsiye edilir.<\/p>\n<h3>Ayarlad\u0131\u011f\u0131m\u0131z \u00e7erezler<\/h3>\n<ul>\n<li>Hesapla \u0130lgili \u00c7erezlerBizde bir hesap olu\u015fturursan\u0131z, kay\u0131t s\u00fcrecini ve genel y\u00f6netimi y\u00f6netmek i\u00e7in \u00e7erezleri kullanaca\u011f\u0131z. Bu \u00e7erezler genellikle \u00e7\u0131k\u0131\u015f yapt\u0131\u011f\u0131n\u0131zda silinir, ancak baz\u0131 durumlarda \u00e7\u0131k\u0131\u015f yapt\u0131\u011f\u0131n\u0131zda site tercihlerinizi hat\u0131rlamak i\u00e7in daha sonra da kalabilirler.<\/li>\n<li>Giri\u015fle ilgili \u00e7erezler Giri\u015f yapt\u0131\u011f\u0131n\u0131zda bu i\u015flemi hat\u0131rlayabilmemiz i\u00e7in \u00e7erezleri kullan\u0131r\u0131z. Bu, her yeni sayfay\u0131 ziyaret etti\u011finizde oturum a\u00e7ma zorunlulu\u011funuzu ortadan kald\u0131r\u0131r. Oturum a\u00e7t\u0131\u011f\u0131n\u0131zda yaln\u0131zca k\u0131s\u0131tl\u0131 \u00f6zelliklere ve alanlara eri\u015febilmenizi sa\u011flamak i\u00e7in bu \u00e7erezler normalde oturumunuzu kapatt\u0131\u011f\u0131n\u0131zda kald\u0131r\u0131l\u0131r veya temizlenir.<\/li>\n<li>E-posta haber b\u00fcltenleriyle ilgili \u00e7erezler Bu web sitesi haber b\u00fclteni veya e-posta aboneli\u011fi hizmetleri sunmaktad\u0131r ve \u00e7erezler, halihaz\u0131rda kay\u0131tl\u0131 olup olmad\u0131\u011f\u0131n\u0131z\u0131 ve yaln\u0131zca abone olan\/abone olmayan kullan\u0131c\u0131lar i\u00e7in ge\u00e7erli olan belirli bildirimlerin g\u00f6sterilip g\u00f6sterilmeyece\u011fini hat\u0131rlamak i\u00e7in kullan\u0131labilir.<\/li>\n<li>Sipari\u015flerle ilgili \u00e7erezlerin i\u015flenmesi Bu site, e-ticaret veya \u00f6deme olanaklar\u0131 sunmaktad\u0131r ve baz\u0131 \u00e7erezler, sipari\u015finizin d\u00fczg\u00fcn bir \u015fekilde i\u015fleyebilmemiz i\u00e7in sayfalar aras\u0131nda hat\u0131rlanmas\u0131n\u0131 sa\u011flamak i\u00e7in gereklidir.<\/li>\n<li>Anketle \u0130lgili \u00c7erezler \u0130lgin\u00e7 bilgiler, faydal\u0131 ara\u00e7lar sa\u011flamak veya kullan\u0131c\u0131 taban\u0131m\u0131z\u0131 daha do\u011fru anlamak i\u00e7in periyodik olarak anketler ve soru formlar\u0131 sunuyoruz. Bu anketler, bir ankete daha \u00f6nce kimlerin kat\u0131ld\u0131\u011f\u0131n\u0131 hat\u0131rlamak veya sayfalar\u0131 de\u011fi\u015ftirdikten sonra do\u011fru sonu\u00e7lar sa\u011flamak i\u00e7in \u00e7erezleri kullanabilir.<\/li>\n<li>Formlarla ilgili \u00e7erezler \u0130leti\u015fim sayfalar\u0131nda veya yorum formlar\u0131nda bulunanlar gibi bir form arac\u0131l\u0131\u011f\u0131yla veri g\u00f6nderdi\u011finizde, gelecekteki yaz\u0131\u015fmalarda kullan\u0131c\u0131 bilgilerinizi hat\u0131rlamak i\u00e7in \u00e7erezler ayarlanabilir.<\/li>\n<li>Site tercihleri \u00e7erezleri Size bu sitede harika bir deneyim sunmak i\u00e7in, bu siteyi kulland\u0131\u011f\u0131n\u0131zda nas\u0131l \u00e7al\u0131\u015faca\u011f\u0131na ili\u015fkin tercihlerinizi ayarlama i\u015flevselli\u011fi sa\u011fl\u0131yoruz. Tercihlerinizi hat\u0131rlamak i\u00e7in, tercihlerinizden etkilenen bir sayfayla etkile\u015fimde bulundu\u011funuzda bu bilgilerin \u00e7a\u011fr\u0131labilmesi i\u00e7in \u00e7erezleri ayarlamam\u0131z gerekir.<\/li>\n<\/ul>\n<h3>Ki\u015fiselle\u015ftirilmi\u015f Reklamc\u0131l\u0131k<\/h3>\n<p>Kullan\u0131c\u0131lar \u015fu adresi ziyaret ederek ki\u015fiselle\u015ftirilmi\u015f reklamlardan vazge\u00e7ebilirler: <a href=\"https:\/\/adssettings.google.com\/authenticated\">Reklam Ayarlar\u0131<\/a>. Alternatif olarak kullan\u0131c\u0131lar\u0131 siteye eri\u015fmeye y\u00f6nlendirebilirsiniz. <a href=\"http:\/\/www.aboutads.info\">www.aboutads.info<\/a> \u00fc\u00e7\u00fcnc\u00fc taraf ki\u015fiselle\u015ftirilmi\u015f reklam \u00e7erezlerinin kullan\u0131m\u0131n\u0131 devre d\u0131\u015f\u0131 b\u0131rakmak i\u00e7in.<\/p>\n<h3>\u00dc\u00e7\u00fcnc\u00fc Taraf \u00c7erezleri<\/h3>\n<p>Baz\u0131 \u00f6zel durumlarda, g\u00fcvenilir \u00fc\u00e7\u00fcnc\u00fc taraflar\u0131n sa\u011flad\u0131\u011f\u0131 \u00e7erezleri de kullan\u0131r\u0131z. A\u015fa\u011f\u0131daki b\u00f6l\u00fcm, bu web sitesi arac\u0131l\u0131\u011f\u0131yla hangi \u00fc\u00e7\u00fcnc\u00fc taraf \u00e7erezleriyle kar\u015f\u0131la\u015fabilece\u011finizi a\u00e7\u0131klamaktad\u0131r.<\/p>\n<ul>\n<li>Bu site, siteyi nas\u0131l kulland\u0131\u011f\u0131n\u0131z\u0131 ve deneyiminizi iyile\u015ftirme yollar\u0131m\u0131z\u0131 anlamam\u0131za yard\u0131mc\u0131 olmak i\u00e7in web \u00fczerindeki en yayg\u0131n ve g\u00fcvenilir analiz \u00e7\u00f6z\u00fcmlerinden biri olan Google Analytics&#039;i kullanmaktad\u0131r. Bu \u00e7erezler, ilgi \u00e7ekici i\u00e7erik \u00fcretmeye devam edebilmemiz i\u00e7in sitede ne kadar s\u00fcre ge\u00e7irdi\u011finiz ve ziyaret etti\u011finiz sayfalar gibi bilgileri izleyebilir.<\/li>\n<\/ul>\n<p>Google Analytics \u00e7erezleri hakk\u0131nda daha fazla bilgi i\u00e7in resmi Google Analytics sayfas\u0131na bak\u0131n.<\/p>\n<ul>\n<li>\u0130lgi \u00e7ekici i\u00e7erik \u00fcretmeye devam edebilmemiz amac\u0131yla bu sitenin kullan\u0131m\u0131n\u0131 izlemek ve \u00f6l\u00e7mek i\u00e7in \u00fc\u00e7\u00fcnc\u00fc taraf analizleri kullan\u0131l\u0131r. Bu \u00e7erezler sitede ge\u00e7irdi\u011finiz s\u00fcre veya ziyaret etti\u011finiz sayfalar gibi \u015feyleri izleyebilir ve bu da siteyi sizin i\u00e7in nas\u0131l geli\u015ftirebilece\u011fimizi anlamam\u0131za yard\u0131mc\u0131 olur.<\/li>\n<li>Periyodik olarak yeni \u00f6zellikleri test ediyor ve sitenin g\u00f6r\u00fcn\u00fcm\u00fcnde ince de\u011fi\u015fiklikler yap\u0131yoruz. Hala yeni \u00f6zellikleri test etti\u011fimizde, bu \u00e7erezler sitedeyken tutarl\u0131 bir deneyim ya\u015faman\u0131z\u0131 sa\u011flamak ve kullan\u0131c\u0131lar\u0131m\u0131z\u0131n en \u00e7ok hangi optimizasyonlar\u0131 takdir etti\u011fini anlamak i\u00e7in kullan\u0131labilir.<\/li>\n<li>\u00dcr\u00fcn satarken, web sitemize gelen ka\u00e7 ziyaret\u00e7inin ger\u00e7ekte \u00fcr\u00fcn sat\u0131n ald\u0131\u011f\u0131na ili\u015fkin istatistikleri anlamam\u0131z \u00f6nemlidir ve dolay\u0131s\u0131yla bu, \u00e7erezlerin izleyece\u011fi veri t\u00fcr\u00fcd\u00fcr. Bu sizin i\u00e7in \u00f6nemlidir, \u00e7\u00fcnk\u00fc bu, m\u00fcmk\u00fcn olan en iyi fiyat\u0131 sa\u011flamak i\u00e7in reklam ve \u00fcr\u00fcn maliyetlerimizi analiz etmemize olanak tan\u0131yan i\u015f tahminlerini do\u011fru bir \u015fekilde yapabilmemiz anlam\u0131na gelir.<\/li>\n<li>Reklam sunmak i\u00e7in kulland\u0131\u011f\u0131m\u0131z Google AdSense hizmeti, web \u00fczerinde daha alakal\u0131 reklamlar sunmak ve belirli bir reklam\u0131n size g\u00f6sterilme say\u0131s\u0131n\u0131 s\u0131n\u0131rlamak i\u00e7in bir DoubleClick \u00e7erezi kullan\u0131r.<br \/>\nGoogle AdSense hakk\u0131nda daha fazla bilgi i\u00e7in resmi Google AdSense Gizlilik SSS&#039;lerine bak\u0131n.<\/li>\n<li>Bu siteyi i\u015fletme maliyetlerini dengelemek ve gelecekteki geli\u015ftirmeler i\u00e7in finansman sa\u011flamak i\u00e7in reklamlar\u0131 kullan\u0131yoruz. Bu site taraf\u0131ndan kullan\u0131lan davran\u0131\u015fsal reklam \u00e7erezleri, ilgi alanlar\u0131n\u0131z\u0131 anonim olarak takip ederek ve ilginizi \u00e7ekebilecek benzer \u015feyleri sunarak size m\u00fcmk\u00fcn olan en uygun reklamlar\u0131 sunmam\u0131z\u0131 sa\u011flamak i\u00e7in tasarlanm\u0131\u015ft\u0131r.<\/li>\n<li>Bir\u00e7ok ortak bizim ad\u0131m\u0131za reklam verir ve ba\u011fl\u0131 kurulu\u015f izleme \u00e7erezleri, m\u00fc\u015fterilerimizin siteye ortaklar\u0131m\u0131z\u0131n sitelerinden biri arac\u0131l\u0131\u011f\u0131yla eri\u015fip eri\u015fmedi\u011fini g\u00f6rmemize olanak tan\u0131r, b\u00f6ylece onlar\u0131 uygun \u015fekilde kredilendirebiliriz ve uygulanabilir oldu\u011funda, ba\u011fl\u0131 ortaklar\u0131m\u0131z\u0131n herhangi bir promosyon sunmas\u0131na izin verebiliriz. sat\u0131n alma i\u015flemi yapman\u0131z\u0131 sa\u011flayabilir.<\/li>\n<\/ul>\n<h3>Kullan\u0131c\u0131 Taahh\u00fcd\u00fc<\/h3>\n<p>Kullan\u0131c\u0131, Planeta Info&#039;nun web sitesinde sundu\u011fu i\u00e7erik ve bilgileri a\u00e7\u0131klay\u0131c\u0131 ancak s\u0131n\u0131rlay\u0131c\u0131 olmayan nitelikte kullanmay\u0131 taahh\u00fct eder:<\/p>\n<ul>\n<li>A) Kanuna ayk\u0131r\u0131 veya iyi niyet ve kamu d\u00fczenine ayk\u0131r\u0131 faaliyetlerde bulunmamak;<\/li>\n<li>B) Ter\u00f6rizmi destekleyen veya insan haklar\u0131na ayk\u0131r\u0131 olan \u0131rk\u00e7\u0131, yabanc\u0131 d\u00fc\u015fman\u0131 veya k\u00f6t\u00fc nitelikteki propaganday\u0131 veya i\u00e7eri\u011fi, her t\u00fcrl\u00fc yasa d\u0131\u015f\u0131 pornografiyi yaymay\u0131n;<\/li>\n<li>C) Planeta Info&#039;nun, tedarik\u00e7ilerinin veya \u00fc\u00e7\u00fcnc\u00fc taraflar\u0131n fiziksel (donan\u0131m) ve mant\u0131ksal (yaz\u0131l\u0131m) sistemlerine, yukar\u0131da belirtilen zararlara neden olabilecek bilgisayar vir\u00fcsleri veya di\u011fer donan\u0131m veya yaz\u0131l\u0131m sistemlerini sokmak veya yaymak i\u00e7in zarar vermeyin.<\/li>\n<\/ul>\n<h3>Daha fazla bilgi<\/h3>\n<p>Umar\u0131m bu a\u00e7\u0131kt\u0131r ve daha \u00f6nce de belirtildi\u011fi gibi, ihtiyac\u0131n\u0131z olup olmad\u0131\u011f\u0131ndan emin olmad\u0131\u011f\u0131n\u0131z bir \u015fey varsa, sitemizde kulland\u0131\u011f\u0131n\u0131z \u00f6zelliklerden biriyle etkile\u015fime girmesi durumunda \u00e7erezleri etkin b\u0131rakmak genellikle daha g\u00fcvenlidir.<\/p>\n<p>Bu politika \u015fu tarihten itibaren ge\u00e7erlidir: <strong>Ocak<\/strong>\/<strong>2022<\/strong>.<\/p>","protected":false},"excerpt":{"rendered":"<p>A sua privacidade \u00e9 importante para n\u00f3s. \u00c9 pol\u00edtica do Planeta Info respeitar a sua privacidade em rela\u00e7\u00e3o a qualquer informa\u00e7\u00e3o sua que possamos coletar no site Planeta Info, e outros sites que possu\u00edmos e operamos. Solicitamos informa\u00e7\u00f5es pessoais apenas quando realmente precisamos delas para lhe fornecer um servi\u00e7o. Fazemo-lo por meios justos e legais, [&hellip;]<\/p>\n","protected":false},"author":3,"featured_media":0,"parent":0,"menu_order":0,"comment_status":"closed","ping_status":"closed","template":"","meta":{"footnotes":""},"class_list":["post-7529","page","type-page","status-publish"],"_links":{"self":[{"href":"https:\/\/planeta-info.com\/tr\/wp-json\/wp\/v2\/pages\/7529","targetHints":{"allow":["GET"]}}],"collection":[{"href":"https:\/\/planeta-info.com\/tr\/wp-json\/wp\/v2\/pages"}],"about":[{"href":"https:\/\/planeta-info.com\/tr\/wp-json\/wp\/v2\/types\/page"}],"author":[{"embeddable":true,"href":"https:\/\/planeta-info.com\/tr\/wp-json\/wp\/v2\/users\/3"}],"replies":[{"embeddable":true,"href":"https:\/\/planeta-info.com\/tr\/wp-json\/wp\/v2\/comments?post=7529"}],"version-history":[{"count":1,"href":"https:\/\/planeta-info.com\/tr\/wp-json\/wp\/v2\/pages\/7529\/revisions"}],"predecessor-version":[{"id":7530,"href":"https:\/\/planeta-info.com\/tr\/wp-json\/wp\/v2\/pages\/7529\/revisions\/7530"}],"wp:attachment":[{"href":"https:\/\/planeta-info.com\/tr\/wp-json\/wp\/v2\/media?parent=7529"}],"curies":[{"name":"wp","href":"https:\/\/api.w.org\/{rel}","templated":true}]}}