{"id":331,"date":"2021-01-15T11:45:26","date_gmt":"2021-01-15T11:45:26","guid":{"rendered":"https:\/\/smartmag.theme-sphere.com\/tech-drop\/typography-post-elements\/"},"modified":"2021-01-15T11:45:26","modified_gmt":"2021-01-15T11:45:26","slug":"tipografi-yazi-elemanlari","status":"publish","type":"page","link":"https:\/\/planeta-info.com\/tr\/typography-post-elements\/","title":{"rendered":"Tipografi \u00d6\u011feleri"},"content":{"rendered":"<p>Bu sayfa, varsay\u0131lan WordPress d\u00fczenleyicisindeki yaz\u0131lar\u0131n ve sayfalar\u0131n tipografi ve metinle ilgili \u00f6\u011felerini g\u00f6sterir. Di\u011fer \u00f6\u011feleri de g\u00f6rebilirsiniz. <a href=\"https:\/\/smartmag.theme-sphere.com\/tech-drop\/welcome-to-the-future-of-wordpress-with-gutenberg\/\" data-type=\"post\" data-id=\"338\"><strong>Gutenberg Stilleri<\/strong><\/a> postalamak.<\/p>\n\n\n\n<p>Egzersiz foto\u011fraf kabini stumptown ta\u015f\u0131ma \u00e7antas\u0131 Banksy, elit k\u00fc\u00e7\u00fck toplu freegan sed. Zanaat biras\u0131 elit seitan <a href=\"#\">egzersiz yapmak<\/a>, foto\u011fraf kabini ve 8-bit lahana cipsi proident chillwave derin v emek.<\/p>\n\n\n\n<hr class=\"wp-block-separator has-css-opacity is-style-wide\"\/>\n\n\n\n<p><strong>1. Varsay\u0131lan Al\u0131nt\u0131<\/strong><\/p>\n\n\n\n<figure class=\"wp-block-pullquote\"><blockquote><p>Gen\u00e7 yeti\u015fkinlerin yaln\u0131zca d\u00f6rtte biri finansal okuryazard\u0131r. Korkun\u00e7 tavsiyelerle onlar\u0131 bunaltmak istemezsin.<\/p><cite>James Matthews<\/cite><\/blockquote><\/figure>\n\n\n\n<p>Normal k\u0131sa al\u0131nt\u0131 stili yaln\u0131zca Gutenberg Edit\u00f6r&#039;de mevcuttur.<\/p>\n\n\n\n<p><strong>2. K\u0131sa Al\u0131nt\u0131lar Modern<\/strong><\/p>\n\n\n\n<p>Modern al\u0131nt\u0131 hem klasik hem de Gutenberg edit\u00f6r\u00fcnde mevcuttur. Gutenberg edit\u00f6r\u00fcnde B\u00fcy\u00fck stil \u00e7e\u015fidi olarak mevcutken, klasik edit\u00f6rde Di\u011fer Stiller alt\u0131nda Modern Al\u0131nt\u0131 olarak mevcuttur.<\/p>\n\n\n\n<figure class=\"wp-block-pullquote is-style-modern\"><blockquote><p>\u0130nsanlar odaklanman\u0131n, odaklanman\u0131z gereken \u015feye evet demek anlam\u0131na geldi\u011fini d\u00fc\u015f\u00fcn\u00fcyor. Ama bunun anlam\u0131 hi\u00e7 de bu de\u011fil. Bu, var olan y\u00fczlerce iyi fikre hay\u0131r demek anlam\u0131na gelir. Dikkatlice se\u00e7melisiniz.<\/p><cite>Shane Doe<\/cite><\/blockquote><\/figure>\n\n\n\n<p><strong>3. Renkli Al\u0131nt\u0131lar<\/strong><\/p>\n\n\n\n<p>Gutenberg&#039;de bu se\u00e7enek ile hem arka plan hem de yaz\u0131 renginde renk se\u00e7eneklerinden diledi\u011finizi kullanabilirsiniz.<\/p>\n\n\n\n<figure class=\"wp-block-pullquote is-style-solid-bg has-black-color has-pale-cyan-blue-background-color has-text-color has-background\"><blockquote><p>Gen\u00e7 yeti\u015fkinlerin yaln\u0131zca d\u00f6rtte biri finansal okuryazard\u0131r. Korkun\u00e7 tavsiyelerle onlar\u0131 bunaltmak istemezsin.<\/p><cite><mark style=\"background-color:rgba(0, 0, 0, 0)\" class=\"has-inline-color has-black-color\">Shane Doe<\/mark><\/cite><\/blockquote><\/figure>\n\n\n\n<p><strong>4. Blok Al\u0131nt\u0131 Varsay\u0131lan\u0131<\/strong><\/p>\n\n\n\n<blockquote class=\"wp-block-quote is-layout-flow wp-block-quote-is-layout-flow\"><p>\u0130nsanlar odaklanman\u0131n, odaklanman\u0131z gereken \u015feye evet demek anlam\u0131na geldi\u011fini d\u00fc\u015f\u00fcn\u00fcyor. Ama bunun anlam\u0131 hi\u00e7 de bu de\u011fil. Bu, var olan y\u00fczlerce iyi fikre hay\u0131r demek anlam\u0131na gelir. Dikkatlice se\u00e7melisiniz.<\/p><cite>Shane Doe<\/cite><\/blockquote>\n\n\n\n<p><strong>5. B\u00fcy\u00fck Blok Al\u0131nt\u0131<\/strong><\/p>\n\n\n\n<blockquote class=\"wp-block-quote is-style-large is-layout-flow wp-block-quote-is-layout-flow\"><p>\u0130nsanlar odaklanman\u0131n, odaklanman\u0131z gereken \u015feye evet demek anlam\u0131na geldi\u011fini d\u00fc\u015f\u00fcn\u00fcyor. Ama bunun anlam\u0131 hi\u00e7 de bu de\u011fil. <\/p><\/blockquote>\n\n\n\n<p>Tonx cray commodo, muhtemelen sakal inanc\u0131n\u0131 duymad\u0131\u011f\u0131n\u0131z egzersiz. Selfie&#039;ler iPhone Kickstarter, sirkeli jean \u015fort fixie consequat i\u00e7iyorum.<\/p>\n\n\n\n<hr class=\"wp-block-separator has-css-opacity is-style-dots\"\/>\n\n\n\n<figure class=\"wp-block-pullquote alignright\"><blockquote><p>\u0130\u015fte makaleden bir \u015feyi g\u00f6stermek i\u00e7in sa\u011fa hizalanm\u0131\u015f k\u0131sa al\u0131nt\u0131.<\/p><cite>Shane Doe<\/cite><\/blockquote><\/figure>\n\n\n\n<p><strong>Al\u0131nt\u0131 sa\u011fa hizalanm\u0131\u015f<\/strong>. Doktor spektrum kilowog lieberman flash gordon yaban ar\u0131s\u0131 g\u00fcl adam gardner deadpool yumurtlama usta ba\u015f koruyucu, magog kar\u0131nca-adam. Metamorpho Trey Langstrom Red Guardian, &quot;Cehennem Kedisi, Jane Foster Betty Brant Stacy x Cehennem Kedisi Emma Frost Atalet Kurba\u011fas\u0131 Kuasar m\u0131?&quot; Deadpool, &quot;s\u00fcsl\u00fc ve k\u0131z\u0131l ha\u00e7l\u0131, katliamc\u0131 beyaz krali\u00e7e Hyperion.&quot; <\/p>\n\n\n\n<p>Arcanna kaptan \u0130talya \u015fey phoenix jennifer kale robbie burchhill, &quot;g\u00fcl yumurtas\u0131, tek boynuzlu at elektra.&quot;<\/p>\n\n\n\n<h2 class=\"wp-block-heading\">Normal Listeler<\/h2>\n\n\n\n<p>Egzersiz foto\u011fraf kabini stumptown ta\u015f\u0131ma \u00e7antas\u0131 Banksy, elit k\u00fc\u00e7\u00fck toplu freegan sed. Zanaat biras\u0131 elit seitan&nbsp;<a href=\"#\">egzersiz yapmak<\/a>, foto\u011fraf kabini ve 8-bit lahana cipsi proident chillwave derin v emek.<\/p>\n\n\n\n<ul class=\"wp-block-list\"><li>Aliquam zaman\u0131nda volutpat<\/li><li>Egzersiz foto\u011fraf kabini stumptown \u00e7antas\u0131 Banksy<\/li><li>Tempor duis tek k\u00f6kenli kahve<\/li><li>Magnis dis parturient montes<\/li><\/ul>\n\n\n\n<h2 class=\"wp-block-heading\">Numaral\u0131 Listeler<\/h2>\n\n\n\n<p>Stumptown&#039;a \u00f6zel ekose, biyodizel mini sakal High Life insidans\u0131, retro, s\u00fcrd\u00fcr\u00fclebilir 90&#039;lar\u0131n Echo Park Tumblr&#039;\u0131. Foto\u011fraf kabini ve 8 bitlik lahana cipsi, derin so\u011fuk dalgan\u0131n ortaya \u00e7\u0131kmas\u0131n\u0131 sa\u011flar.<\/p>\n\n\n\n<ol class=\"wp-block-list\"><li>Aliquam zaman\u0131nda volutpat<\/li><li>Egzersiz foto\u011fraf kabini stumptown \u00e7antas\u0131 Banksy<\/li><li>Tempor duis tek k\u00f6kenli kahve<\/li><li>Magnis dis parturient montes<\/li><\/ol>\n\n\n\n<h1 class=\"wp-block-heading\">Ba\u015fl\u0131k 1<\/h1>\n\n\n\n<p>Meh synth Schlitz, ge\u00e7ici olarak iki adet tek k\u00f6kenli kahve ve bir sonraki seviye etnik parmak b\u0131y\u0131kl\u0131 bel \u00e7antas\u0131.<\/p>\n\n\n\n<h2 class=\"wp-block-heading\">Ba\u015fl\u0131k 2<\/h2>\n\n\n\n<p>Her \u015feyde bir tak\u0131m do\u011fal hatalar var ve bunlar tamamen doloremque laudantium, tam olarak ayn\u0131 \u015fey de\u011fil, ayn\u0131 \u015fekilde.<\/p>\n\n\n\n<h3 class=\"wp-block-heading\">Ba\u015fl\u0131k 3<\/h3>\n\n\n\n<p>Her \u015feyde bir tak\u0131m do\u011fal hatalar var ve bunlar tamamen doloremque laudantium, tam olarak ayn\u0131 \u015fey de\u011fil, ayn\u0131 \u015fekilde.<\/p>\n\n\n\n<h4 class=\"wp-block-heading\">Ba\u015fl\u0131k 4<\/h4>\n\n\n\n<p>Egzersiz foto\u011fraf kabini stumptown ta\u015f\u0131ma \u00e7antas\u0131 Banksy, elit k\u00fc\u00e7\u00fck toplu freegan sed.<\/p>\n\n\n\n<h5 class=\"wp-block-heading\">Ba\u015fl\u0131k 5<\/h5>\n\n\n\n<p>Foto\u011fraf kabini animasyonu 8 bitlik hella, PBR 3 kurt ay sakall\u0131 Helvetica.<\/p>\n\n\n\n<h6 class=\"wp-block-heading\">Ba\u015fl\u0131k 6<\/h6>\n\n\n\n<p>Meh synth Schlitz, ge\u00e7ici olarak iki adet tek k\u00f6kenli kahve ve bir sonraki seviye etnik parmak b\u0131y\u0131kl\u0131 bel \u00e7antas\u0131.<\/p>\n\n\n\n<h3 class=\"wp-block-heading\">Ortak Temel Stiller<\/h3>\n\n\n\n<p>Egzersiz foto\u011fraf\u0131&nbsp;<strong>kal\u0131n yaz\u0131<\/strong>&nbsp;kad\u0131n \u00e7antas\u0131&nbsp;<em>italikler<\/em>, k\u00fc\u00e7\u00fck renkli sed&#039;i se\u00e7in.&nbsp;<a href=\"#\">Buradaki ba\u011flant\u0131<\/a>&nbsp;elit seitan&nbsp;<a href=\"#\">egzersiz yapmak<\/a>, Foto\u011fraf&nbsp;<del>\u00fcst\u00fc \u00e7izili<\/del>&nbsp;et 8-bit lahana sat\u0131r i\u00e7i kodu:&nbsp;<code>strip_tags()<\/code>&nbsp;ve devam ediyoruz.<\/p>\n\n\n\n<pre class=\"wp-block-preformatted\">function code_sample($text) { $text = compute_sample($text); $ metnini d\u00f6nd\u00fcr; }<\/pre>\n\n\n\n<p class=\"has-drop-cap\">B\u00fcy\u00fck harf \u00f6rne\u011fini buraya b\u0131rak\u0131n. K\u0131z\u0131l cad\u0131 fenris devasa kilitli \u00e7ene wolverine i\u011fren\u00e7lik yeni n\u00f6bet\u00e7i haydut, harika k\u0131z korku \u015f\u00f6valyesi \u00e7\u0131\u011fl\u0131k ahab. Darkman g\u00f6lge kral\u0131 hayalet binici \u015fahin n\u00f6ropat Montana \u015fekli baron zemo mu?<\/p>\n\n\n\n<p>Daha fazla stil ve \u00f6\u011fe mi ar\u0131yorsunuz? G\u00f6rmek <a href=\"https:\/\/smartmag.theme-sphere.com\/tech-drop\/welcome-to-the-future-of-wordpress-with-gutenberg\/\"><strong>Gutenberg Stilleri<\/strong><\/a> postalamak.<\/p>","protected":false},"excerpt":{"rendered":"<p>This page shows typography and text related elements of the posts and pages in the default WordPress editor. You can see other elements in the Gutenberg Styles post. Exercitation photo booth stumptown tote bag Banksy, elit small batch freegan sed. Craft beer elit seitan exercitation, photo booth et 8-bit kale chips proident chillwave deep v [&hellip;]<\/p>\n","protected":false},"author":3,"featured_media":0,"parent":0,"menu_order":0,"comment_status":"closed","ping_status":"closed","template":"","meta":{"footnotes":""},"class_list":["post-331","page","type-page","status-publish"],"_links":{"self":[{"href":"https:\/\/planeta-info.com\/tr\/wp-json\/wp\/v2\/pages\/331","targetHints":{"allow":["GET"]}}],"collection":[{"href":"https:\/\/planeta-info.com\/tr\/wp-json\/wp\/v2\/pages"}],"about":[{"href":"https:\/\/planeta-info.com\/tr\/wp-json\/wp\/v2\/types\/page"}],"author":[{"embeddable":true,"href":"https:\/\/planeta-info.com\/tr\/wp-json\/wp\/v2\/users\/3"}],"replies":[{"embeddable":true,"href":"https:\/\/planeta-info.com\/tr\/wp-json\/wp\/v2\/comments?post=331"}],"version-history":[{"count":0,"href":"https:\/\/planeta-info.com\/tr\/wp-json\/wp\/v2\/pages\/331\/revisions"}],"wp:attachment":[{"href":"https:\/\/planeta-info.com\/tr\/wp-json\/wp\/v2\/media?parent=331"}],"curies":[{"name":"wp","href":"https:\/\/api.w.org\/{rel}","templated":true}]}}