{"id":331,"date":"2021-01-15T11:45:26","date_gmt":"2021-01-15T11:45:26","guid":{"rendered":"https:\/\/smartmag.theme-sphere.com\/tech-drop\/typography-post-elements\/"},"modified":"2021-01-15T11:45:26","modified_gmt":"2021-01-15T11:45:26","slug":"typografipostelement","status":"publish","type":"page","link":"https:\/\/planeta-info.com\/sv\/typography-post-elements\/","title":{"rendered":"Typografielement"},"content":{"rendered":"<p>Den h\u00e4r sidan visar typografi- och textrelaterade element i inl\u00e4ggen och sidorna i WordPress-standardredigeraren. Du kan se andra element i <a href=\"https:\/\/smartmag.theme-sphere.com\/tech-drop\/welcome-to-the-future-of-wordpress-with-gutenberg\/\" data-type=\"post\" data-id=\"338\"><strong>Gutenberg stilar<\/strong><\/a> posta.<\/p>\n\n\n\n<p>Exercitation photo booth stumptown tote bag Banksy, elit small batch freegan sed. Hantverks\u00f6l elit seitan <a href=\"#\">tr\u00e4ning<\/a>, fotob\u00e5s och 8-bitars gr\u00f6nk\u00e5lschips proident chillwave deep v laborum.<\/p>\n\n\n\n<hr class=\"wp-block-separator has-css-opacity is-style-wide\"\/>\n\n\n\n<p><strong>1. Standard Pullquote<\/strong><\/p>\n\n\n\n<figure class=\"wp-block-pullquote\"><blockquote><p>Endast en fj\u00e4rdedel av unga vuxna \u00e4r ekonomiskt kunniga. Du vill inte \u00f6verv\u00e4ldiga dem med hemska r\u00e5d.<\/p><cite>James Matthews<\/cite><\/blockquote><\/figure>\n\n\n\n<p>Den normala pullquote-stilen \u00e4r endast tillg\u00e4nglig med Gutenberg Editor.<\/p>\n\n\n\n<p><strong>2. Dragcitat Modern<\/strong><\/p>\n\n\n\n<p>Det moderna citatet finns tillg\u00e4ngligt b\u00e5de i den klassiska och Gutenberg-redigeraren. I Gutenberg-redigeraren \u00e4r den tillg\u00e4nglig som varianten Stor stil medan den i den klassiska redigeraren \u00e4r tillg\u00e4nglig under Fler stilar som modernt citat.<\/p>\n\n\n\n<figure class=\"wp-block-pullquote is-style-modern\"><blockquote><p>Folk tror att fokus betyder att s\u00e4ga ja till det du m\u00e5ste fokusera p\u00e5. Men det \u00e4r inte alls vad det betyder. Det inneb\u00e4r att s\u00e4ga nej till de hundra andra bra id\u00e9er som finns. Man m\u00e5ste v\u00e4lja noggrant.<\/p><cite>Shane Doe<\/cite><\/blockquote><\/figure>\n\n\n\n<p><strong>3. Dragcitat f\u00e4rgade<\/strong><\/p>\n\n\n\n<p>Du kan anv\u00e4nda vilket som helst av f\u00e4rgalternativen p\u00e5 b\u00e5de bakgrunds- och textf\u00e4rg med det h\u00e4r alternativet i Gutenberg.<\/p>\n\n\n\n<figure class=\"wp-block-pullquote is-style-solid-bg has-black-color has-pale-cyan-blue-background-color has-text-color has-background\"><blockquote><p>Endast en fj\u00e4rdedel av unga vuxna \u00e4r ekonomiskt kunniga. Du vill inte \u00f6verv\u00e4ldiga dem med hemska r\u00e5d.<\/p><cite><mark style=\"background-color:rgba(0, 0, 0, 0)\" class=\"has-inline-color has-black-color\">Shane Doe<\/mark><\/cite><\/blockquote><\/figure>\n\n\n\n<p><strong>4. Blockquote Standard<\/strong><\/p>\n\n\n\n<blockquote class=\"wp-block-quote is-layout-flow wp-block-quote-is-layout-flow\"><p>Folk tror att fokus betyder att s\u00e4ga ja till det du m\u00e5ste fokusera p\u00e5. Men det \u00e4r inte alls vad det betyder. Det inneb\u00e4r att s\u00e4ga nej till de hundra andra bra id\u00e9er som finns. Man m\u00e5ste v\u00e4lja noggrant.<\/p><cite>Shane Doe<\/cite><\/blockquote>\n\n\n\n<p><strong>5. Blockquote Large<\/strong><\/p>\n\n\n\n<blockquote class=\"wp-block-quote is-style-large is-layout-flow wp-block-quote-is-layout-flow\"><p>Folk tror att fokus betyder att s\u00e4ga ja till det du m\u00e5ste fokusera p\u00e5. Men det \u00e4r inte alls vad det betyder. <\/p><\/blockquote>\n\n\n\n<p>Tonx cray commodo, tr\u00e4ning du f\u00f6rmodligen inte har h\u00f6rt talas om dem beard cred. Selfies iPhone Kickstarter, drinking vinegar jeans shorts fixie consequat.<\/p>\n\n\n\n<hr class=\"wp-block-separator has-css-opacity is-style-dots\"\/>\n\n\n\n<figure class=\"wp-block-pullquote alignright\"><blockquote><p>H\u00e4r \u00e4r ett h\u00f6gerjusterat citat f\u00f6r att visa n\u00e5got fr\u00e5n artikeln.<\/p><cite>Shane Doe<\/cite><\/blockquote><\/figure>\n\n\n\n<p><strong>Dragcitattecken h\u00f6gerjusterad<\/strong>. Doctor spectrum kilowog lieberman flash gordon geting rosenkillen gardner deadpool spawn m\u00e4stare \u00f6verv\u00e4ktare, magog ant-man.\u201d Metamorpho trey langstr\u00f6m r\u00f6d v\u00e4ktare, &quot;hellcat, jane foster betty brant stacy x hellcat emma frost tr\u00f6ghet padda kvasar?&quot; Deadpool, &quot;fancy dan crimson crusader, blodbad white queen hyperion.&quot; <\/p>\n\n\n\n<p>Arcanna captain italy thing phoenix jennifer gr\u00f6nk\u00e5l robbie burchill, &quot;rosen spawn, unicorn elektra.&quot;<\/p>\n\n\n\n<h2 class=\"wp-block-heading\">Normala listor<\/h2>\n\n\n\n<p>Exercitation photo booth stumptown tote bag Banksy, elit small batch freegan sed. Hantverks\u00f6l elit seitan&nbsp;<a href=\"#\">tr\u00e4ning<\/a>, fotob\u00e5s och 8-bitars gr\u00f6nk\u00e5lschips proident chillwave deep v laborum.<\/p>\n\n\n\n<ul class=\"wp-block-list\"><li>Aliquam erat volutpat<\/li><li>Motionsfotob\u00e5s stumptown tygv\u00e4ska Banksy<\/li><li>Tempor duis kaffe med ett ursprung<\/li><li>Magnis dis parturient montes<\/li><\/ul>\n\n\n\n<h2 class=\"wp-block-heading\">Numrerade listor<\/h2>\n\n\n\n<p>Rutigt stumptown skr\u00e4ddarsytt, biodiesel minisk\u00e4gg High Life incidens retro h\u00e5llbar 90-tal Echo Park Tumblr. Fotob\u00e5s och 8-bitars gr\u00f6nk\u00e5lschips proident chillwave deep v laborum.<\/p>\n\n\n\n<ol class=\"wp-block-list\"><li>Aliquam erat volutpat<\/li><li>Motionsfotob\u00e5s stumptown tygv\u00e4ska Banksy<\/li><li>Tempor duis kaffe med ett ursprung<\/li><li>Magnis dis parturient montes<\/li><\/ol>\n\n\n\n<h1 class=\"wp-block-heading\">Rubrik 1<\/h1>\n\n\n\n<p>Meh synth Schlitz, tempor two single-origin coffee and a next level etnic fingerstache fanny pack nostrud.<\/p>\n\n\n\n<h2 class=\"wp-block-heading\">Rubrik 2<\/h2>\n\n\n\n<p>Sed ut perspiciatis unde omnis iste natus error sit voluptatem accusantium doloremque laudantium, totam rem aperiam, eaque ipsa.<\/p>\n\n\n\n<h3 class=\"wp-block-heading\">Rubrik 3<\/h3>\n\n\n\n<p>Sed ut perspiciatis unde omnis iste natus error sit voluptatem accusantium doloremque laudantium, totam rem aperiam, eaque ipsa.<\/p>\n\n\n\n<h4 class=\"wp-block-heading\">Rubrik 4<\/h4>\n\n\n\n<p>Exercitation photo booth stumptown tote bag Banksy, elit small batch freegan sed.<\/p>\n\n\n\n<h5 class=\"wp-block-heading\">Rubrik 5<\/h5>\n\n\n\n<p>Photo booth anim 8-bit hella, PBR 3 wolf moon sk\u00e4gg Helvetica.<\/p>\n\n\n\n<h6 class=\"wp-block-heading\">Rubrik 6<\/h6>\n\n\n\n<p>Meh synth Schlitz, tempor two single-origin coffee and a next level etnic fingerstache fanny pack nostrud.<\/p>\n\n\n\n<h3 class=\"wp-block-heading\">Vanliga grundstilar<\/h3>\n\n\n\n<p>Tr\u00e4ningsfoto&nbsp;<strong>fettext<\/strong>&nbsp;tygkassar&nbsp;<em>kursiven<\/em>, elit liten f\u00e4rgad sed.&nbsp;<a href=\"#\">L\u00e4nken h\u00e4r<\/a>&nbsp;elit seitan&nbsp;<a href=\"#\">tr\u00e4ning<\/a>, Foto&nbsp;<del>genomstruken<\/del>&nbsp;et 8-bitars kale inline-kod:&nbsp;<code>strip_tags()<\/code>&nbsp;och g\u00e5 vidare.<\/p>\n\n\n\n<pre class=\"wp-block-preformatted\">function code_sample($text) { $text = compute_sample($text); returnera $text; }<\/pre>\n\n\n\n<p class=\"has-drop-cap\">Drop caps exempel h\u00e4r. Scarlet witch fenris colossus lockjaw j\u00e4rv styggelse den nya vaktposten skurk, undrar tjej dreadknight skrik ahab. Darkman shadow king sp\u00f6kryttare falkneuropat montana form baron zemo?<\/p>\n\n\n\n<p>Letar du efter fler stilar och element? Ser <a href=\"https:\/\/smartmag.theme-sphere.com\/tech-drop\/welcome-to-the-future-of-wordpress-with-gutenberg\/\"><strong>Gutenberg stilar<\/strong><\/a> posta.<\/p>","protected":false},"excerpt":{"rendered":"<p>This page shows typography and text related elements of the posts and pages in the default WordPress editor. You can see other elements in the Gutenberg Styles post. Exercitation photo booth stumptown tote bag Banksy, elit small batch freegan sed. Craft beer elit seitan exercitation, photo booth et 8-bit kale chips proident chillwave deep v [&hellip;]<\/p>\n","protected":false},"author":3,"featured_media":0,"parent":0,"menu_order":0,"comment_status":"closed","ping_status":"closed","template":"","meta":{"footnotes":""},"class_list":["post-331","page","type-page","status-publish"],"_links":{"self":[{"href":"https:\/\/planeta-info.com\/sv\/wp-json\/wp\/v2\/pages\/331","targetHints":{"allow":["GET"]}}],"collection":[{"href":"https:\/\/planeta-info.com\/sv\/wp-json\/wp\/v2\/pages"}],"about":[{"href":"https:\/\/planeta-info.com\/sv\/wp-json\/wp\/v2\/types\/page"}],"author":[{"embeddable":true,"href":"https:\/\/planeta-info.com\/sv\/wp-json\/wp\/v2\/users\/3"}],"replies":[{"embeddable":true,"href":"https:\/\/planeta-info.com\/sv\/wp-json\/wp\/v2\/comments?post=331"}],"version-history":[{"count":0,"href":"https:\/\/planeta-info.com\/sv\/wp-json\/wp\/v2\/pages\/331\/revisions"}],"wp:attachment":[{"href":"https:\/\/planeta-info.com\/sv\/wp-json\/wp\/v2\/media?parent=331"}],"curies":[{"name":"wp","href":"https:\/\/api.w.org\/{rel}","templated":true}]}}