{"id":331,"date":"2021-01-15T11:45:26","date_gmt":"2021-01-15T11:45:26","guid":{"rendered":"https:\/\/smartmag.theme-sphere.com\/tech-drop\/typography-post-elements\/"},"modified":"2021-01-15T11:45:26","modified_gmt":"2021-01-15T11:45:26","slug":"elementi-objave-tipografije","status":"publish","type":"page","link":"https:\/\/planeta-info.com\/sl\/typography-post-elements\/","title":{"rendered":"Elementi tipografije"},"content":{"rendered":"<p>Ta stran prikazuje elemente objav in strani, povezane s tipografijo in besedilom, v privzetem urejevalniku WordPress. Druge elemente si lahko ogledate v <a href=\"https:\/\/smartmag.theme-sphere.com\/tech-drop\/welcome-to-the-future-of-wordpress-with-gutenberg\/\" data-type=\"post\" data-id=\"338\"><strong>Gutenbergovi slogi<\/strong><\/a> post.<\/p>\n\n\n\n<p>Exercitation photo booth stumptown velika torba Banksy, elit small batch freegan sed. Craft pivo elit seitan <a href=\"#\">telovadba<\/a>, foto kabina in 8-bitni ohrovtov \u010dips proident chillwave deep v laborum.<\/p>\n\n\n\n<hr class=\"wp-block-separator has-css-opacity is-style-wide\"\/>\n\n\n\n<p><strong>1. Privzeti Pullquote<\/strong><\/p>\n\n\n\n<figure class=\"wp-block-pullquote\"><blockquote><p>Le \u010detrtina mladih odraslih je finan\u010dno pismenih. No\u010dete jih zasuti s stra\u0161nimi nasveti.<\/p><cite>James Matthews<\/cite><\/blockquote><\/figure>\n\n\n\n<p>Obi\u010dajni slog pullquote je na voljo samo z urejevalnikom Gutenberg.<\/p>\n\n\n\n<p><strong>2. Pullquotes Modern<\/strong><\/p>\n\n\n\n<p>Sodoben citat je na voljo v klasi\u010dnem in Gutenbergovem urejevalniku. V Gutenbergovem urejevalniku je na voljo kot velika slogovna razli\u010dica, medtem ko je v klasi\u010dnem urejevalniku na voljo pod mo\u017enostjo Ve\u010d slogov kot sodobni citat.<\/p>\n\n\n\n<figure class=\"wp-block-pullquote is-style-modern\"><blockquote><p>Ljudje mislijo, da osredoto\u010denost pomeni re\u010di da stvari, na katero se morate osredoto\u010diti. Ampak to sploh ne pomeni. To pomeni re\u010di ne stoterici drugih dobrih idej, ki obstajajo. Izbrati morate previdno.<\/p><cite>Shane Doe<\/cite><\/blockquote><\/figure>\n\n\n\n<p><strong>3. Pullquotes Colored<\/strong><\/p>\n\n\n\n<p>S to mo\u017enostjo v Gutenbergu lahko uporabite katero koli barvno mo\u017enost za barvo ozadja in besedila.<\/p>\n\n\n\n<figure class=\"wp-block-pullquote is-style-solid-bg has-black-color has-pale-cyan-blue-background-color has-text-color has-background\"><blockquote><p>Le \u010detrtina mladih odraslih je finan\u010dno pismenih. No\u010dete jih zasuti s stra\u0161nimi nasveti.<\/p><cite><mark style=\"background-color:rgba(0, 0, 0, 0)\" class=\"has-inline-color has-black-color\">Shane Doe<\/mark><\/cite><\/blockquote><\/figure>\n\n\n\n<p><strong>4. Blockquote Privzeto<\/strong><\/p>\n\n\n\n<blockquote class=\"wp-block-quote is-layout-flow wp-block-quote-is-layout-flow\"><p>Ljudje mislijo, da osredoto\u010denost pomeni re\u010di da stvari, na katero se morate osredoto\u010diti. Ampak to sploh ne pomeni. To pomeni re\u010di ne stoterici drugih dobrih idej, ki obstajajo. Izbrati morate previdno.<\/p><cite>Shane Doe<\/cite><\/blockquote>\n\n\n\n<p><strong>5. Blockquote Large<\/strong><\/p>\n\n\n\n<blockquote class=\"wp-block-quote is-style-large is-layout-flow wp-block-quote-is-layout-flow\"><p>Ljudje mislijo, da osredoto\u010denost pomeni re\u010di da stvari, na katero se morate osredoto\u010diti. Ampak to sploh ne pomeni. <\/p><\/blockquote>\n\n\n\n<p>Tonx cray commodo, vaja, za katero verjetno \u0161e niste sli\u0161ali, beard cred. Selfiji iPhone Kickstarter, pitje kisa jean kratke hla\u010de fixie consequat.<\/p>\n\n\n\n<hr class=\"wp-block-separator has-css-opacity is-style-dots\"\/>\n\n\n\n<figure class=\"wp-block-pullquote alignright\"><blockquote><p>Tukaj je desno poravnan citat, ki prikazuje nekaj iz \u010dlanka.<\/p><cite>Shane Doe<\/cite><\/blockquote><\/figure>\n\n\n\n<p><strong>Pullquote poravnan desno<\/strong>. Doctor spectrum kilowog lieberman flash gordon wasp the rose guy gardner deadpool spawn master chief guardian, magog ant-man.\u201d Metamorpho trey langstrom red guardian, &quot;hellcat, jane foster betty brant stacy x hellcat emma frost inertia krasta\u010da kvazar?&quot; Deadpool, &quot;fancy in crimson Crusader, carnage white queen hyperion.&quot; <\/p>\n\n\n\n<p>Arcanna captain italy thing phoenix jennifer kale robbie burchill, &quot;the rose spawn, unicorn elektra.&quot;<\/p>\n\n\n\n<h2 class=\"wp-block-heading\">Normalni seznami<\/h2>\n\n\n\n<p>Exercitation photo booth stumptown velika torba Banksy, elit small batch freegan sed. Craft pivo elit seitan&nbsp;<a href=\"#\">telovadba<\/a>, foto kabina in 8-bitni ohrovtov \u010dips proident chillwave deep v laborum.<\/p>\n\n\n\n<ul class=\"wp-block-list\"><li>Aliquam erat volutpat<\/li><li>Exercitation photo booth stumptown velika torba Banksy<\/li><li>Tempor duis kava enega izvora<\/li><li>Magnis dis parturient montes<\/li><\/ul>\n\n\n\n<h2 class=\"wp-block-heading\">O\u0161tevil\u010deni seznami<\/h2>\n\n\n\n<p>Karirasta stumptown po meri, biodizel mini brada High Life incidence retro trajnostni 90&#039;s Echo Park Tumblr. Foto kabina in 8-bitni ohrovtov \u010dips proident chillwave deep v laborum.<\/p>\n\n\n\n<ol class=\"wp-block-list\"><li>Aliquam erat volutpat<\/li><li>Exercitation photo booth stumptown velika torba Banksy<\/li><li>Tempor duis kava enega izvora<\/li><li>Magnis dis parturient montes<\/li><\/ol>\n\n\n\n<h1 class=\"wp-block-heading\">Naslov 1<\/h1>\n\n\n\n<p>Meh synth Schlitz, tempor two single-origin kava in naslednja stopnja etno fingerstache fanny pack nostrud.<\/p>\n\n\n\n<h2 class=\"wp-block-heading\">Naslov 2<\/h2>\n\n\n\n<p>Sed ut perspiciatis unde omnis iste natus error sit voluptatem Accuantium doloremque laudantium, totam rem aperiam, eaque ipsa.<\/p>\n\n\n\n<h3 class=\"wp-block-heading\">Naslov 3<\/h3>\n\n\n\n<p>Sed ut perspiciatis unde omnis iste natus error sit voluptatem Accuantium doloremque laudantium, totam rem aperiam, eaque ipsa.<\/p>\n\n\n\n<h4 class=\"wp-block-heading\">Naslov 4<\/h4>\n\n\n\n<p>Exercitation photo booth stumptown velika torba Banksy, elit small batch freegan sed.<\/p>\n\n\n\n<h5 class=\"wp-block-heading\">Naslov 5<\/h5>\n\n\n\n<p>Photo booth anim 8-bit hella, PBR 3 wolf moon beard Helvetica.<\/p>\n\n\n\n<h6 class=\"wp-block-heading\">Naslov 6<\/h6>\n\n\n\n<p>Meh synth Schlitz, tempor two single-origin kava in naslednja stopnja etno fingerstache fanny pack nostrud.<\/p>\n\n\n\n<h3 class=\"wp-block-heading\">Skupni osnovni slogi<\/h3>\n\n\n\n<p>Fotografija vadbe&nbsp;<strong>krepko besedilo<\/strong>&nbsp;velika torba&nbsp;<em>po\u0161evni tisk<\/em>, elit mali barvni sed.&nbsp;<a href=\"#\">Povezava tukaj<\/a>&nbsp;elit seitan&nbsp;<a href=\"#\">telovadba<\/a>, fotografija&nbsp;<del>pre\u010drtano<\/del>&nbsp;in 8-bitna koda kale v vrstici:&nbsp;<code>strip_tags()<\/code>&nbsp;in gremo naprej.<\/p>\n\n\n\n<pre class=\"wp-block-preformatted\">funkcija code_sample($text) { $text = compute_sample($text); vrni $text; }<\/pre>\n\n\n\n<p class=\"has-drop-cap\">Primer velikih \u010drk tukaj. \u0160krlatna \u010darovnica fenris kolos lockjaw Wolverine gnusoba novi stra\u017ear lopov, \u010dude\u017eno dekle dreadknight krik ahab. Darkman shadow king jezdec duhov sokol nevropat montana oblika baron zemo?<\/p>\n\n\n\n<p>I\u0161\u010dete ve\u010d slogov in elementov? glej <a href=\"https:\/\/smartmag.theme-sphere.com\/tech-drop\/welcome-to-the-future-of-wordpress-with-gutenberg\/\"><strong>Gutenbergovi slogi<\/strong><\/a> post.<\/p>","protected":false},"excerpt":{"rendered":"<p>This page shows typography and text related elements of the posts and pages in the default WordPress editor. You can see other elements in the Gutenberg Styles post. Exercitation photo booth stumptown tote bag Banksy, elit small batch freegan sed. Craft beer elit seitan exercitation, photo booth et 8-bit kale chips proident chillwave deep v [&hellip;]<\/p>\n","protected":false},"author":3,"featured_media":0,"parent":0,"menu_order":0,"comment_status":"closed","ping_status":"closed","template":"","meta":{"footnotes":""},"class_list":["post-331","page","type-page","status-publish"],"_links":{"self":[{"href":"https:\/\/planeta-info.com\/sl\/wp-json\/wp\/v2\/pages\/331","targetHints":{"allow":["GET"]}}],"collection":[{"href":"https:\/\/planeta-info.com\/sl\/wp-json\/wp\/v2\/pages"}],"about":[{"href":"https:\/\/planeta-info.com\/sl\/wp-json\/wp\/v2\/types\/page"}],"author":[{"embeddable":true,"href":"https:\/\/planeta-info.com\/sl\/wp-json\/wp\/v2\/users\/3"}],"replies":[{"embeddable":true,"href":"https:\/\/planeta-info.com\/sl\/wp-json\/wp\/v2\/comments?post=331"}],"version-history":[{"count":0,"href":"https:\/\/planeta-info.com\/sl\/wp-json\/wp\/v2\/pages\/331\/revisions"}],"wp:attachment":[{"href":"https:\/\/planeta-info.com\/sl\/wp-json\/wp\/v2\/media?parent=331"}],"curies":[{"name":"delovni list","href":"https:\/\/api.w.org\/{rel}","templated":true}]}}