{"id":2711,"date":"2021-01-13T15:46:07","date_gmt":"2021-01-13T15:46:07","guid":{"rendered":"https:\/\/smartmag.theme-sphere.com\/tech-drop\/sample-page\/"},"modified":"2021-01-13T15:46:07","modified_gmt":"2021-01-13T15:46:07","slug":"vzorcna-stran-2","status":"publish","type":"page","link":"https:\/\/planeta-info.com\/sl\/sample-page-2\/","title":{"rendered":"Vzor\u010dna stran"},"content":{"rendered":"<p>To je primer strani. Od objave v spletnem dnevniku se razlikuje po tem, da ostane na enem mestu in se prika\u017ee v navigaciji va\u0161ega spletnega mesta (v ve\u010dini tem). Ve\u010dina ljudi za\u010dne s stranjo O strani, ki jih predstavi potencialnim obiskovalcem spletnega mesta. Lahko pi\u0161e nekaj takega:<\/p>\n\n\n\n<blockquote class=\"wp-block-quote is-layout-flow wp-block-quote-is-layout-flow\"><p>Zdravo! Podnevi sem glasnik na kolesu, pono\u010di nadebudni igralec in to je moje spletno mesto. \u017divim v Los Angelesu, imam \u010dudovitega psa po imenu Jack in rad imam pi\u00f1a colade. (In te ujame de\u017e.)<\/p><\/blockquote>\n\n\n\n<p>...ali nekaj takega:<\/p>\n\n\n\n<blockquote class=\"wp-block-quote is-layout-flow wp-block-quote-is-layout-flow\"><p>Podjetje XYZ Doohickey je bilo ustanovljeno leta 1971 in od takrat javnosti zagotavlja kakovostne doohickeyje. Podjetje XYZ, ki se nahaja v Gotham Cityju, zaposluje ve\u010d kot 2000 ljudi in dela vse vrste \u010dudovitih stvari za skupnost Gotham.<\/p><\/blockquote>\n\n\n\n<p>Kot nov uporabnik WordPressa bi morali obiskati <a href=\"https:\/\/smartmag.theme-sphere.com\/main\/wp-admin\/\">va\u0161a nadzorna plo\u0161\u010da<\/a> da izbri\u0161ete to stran in ustvarite nove strani za svojo vsebino. Zabavaj se!<\/p>","protected":false},"excerpt":{"rendered":"<p>This is an example page. It&#8217;s different from a blog post because it will stay in one place and will show up in your site navigation (in most themes). Most people start with an About page that introduces them to potential site visitors. It might say something like this: Hi there! I&#8217;m a bike messenger [&hellip;]<\/p>\n","protected":false},"author":3,"featured_media":0,"parent":0,"menu_order":0,"comment_status":"closed","ping_status":"open","template":"","meta":{"footnotes":""},"class_list":["post-2711","page","type-page","status-publish"],"_links":{"self":[{"href":"https:\/\/planeta-info.com\/sl\/wp-json\/wp\/v2\/pages\/2711","targetHints":{"allow":["GET"]}}],"collection":[{"href":"https:\/\/planeta-info.com\/sl\/wp-json\/wp\/v2\/pages"}],"about":[{"href":"https:\/\/planeta-info.com\/sl\/wp-json\/wp\/v2\/types\/page"}],"author":[{"embeddable":true,"href":"https:\/\/planeta-info.com\/sl\/wp-json\/wp\/v2\/users\/3"}],"replies":[{"embeddable":true,"href":"https:\/\/planeta-info.com\/sl\/wp-json\/wp\/v2\/comments?post=2711"}],"version-history":[{"count":0,"href":"https:\/\/planeta-info.com\/sl\/wp-json\/wp\/v2\/pages\/2711\/revisions"}],"wp:attachment":[{"href":"https:\/\/planeta-info.com\/sl\/wp-json\/wp\/v2\/media?parent=2711"}],"curies":[{"name":"delovni list","href":"https:\/\/api.w.org\/{rel}","templated":true}]}}