{"id":7529,"date":"2023-10-21T22:33:55","date_gmt":"2023-10-21T22:33:55","guid":{"rendered":"https:\/\/planeta-info.com\/?page_id=7529"},"modified":"2023-10-21T22:33:56","modified_gmt":"2023-10-21T22:33:56","slug":"zasady-ochrany-osobnych-udajov","status":"publish","type":"page","link":"https:\/\/planeta-info.com\/sk\/politica-de-privacidade\/","title":{"rendered":"Z\u00e1sady ochrany osobn\u00fdch \u00fadajov"},"content":{"rendered":"<p>Va\u0161e s\u00fakromie je pre n\u00e1s d\u00f4le\u017eit\u00e9. Z\u00e1sadou spolo\u010dnosti Planeta Info je re\u0161pektova\u0165 va\u0161e s\u00fakromie v s\u00favislosti s ak\u00fdmiko\u013evek inform\u00e1ciami, ktor\u00e9 m\u00f4\u017eeme zhroma\u017e\u010fova\u0165 na webovej str\u00e1nke. <a href=\"https:\/\/planeta-info.com\/sk\/\">Inform\u00e1cie o plan\u00e9te<\/a>a \u010fal\u0161ie str\u00e1nky, ktor\u00e9 vlastn\u00edme a prev\u00e1dzkujeme.<\/p>\n<p>Osobn\u00e9 \u00fadaje po\u017eadujeme len vtedy, ke\u010f ich skuto\u010dne potrebujeme na to, aby sme v\u00e1m mohli poskytn\u00fa\u0165 slu\u017ebu. Rob\u00edme tak spravodliv\u00fdmi a z\u00e1konn\u00fdmi prostriedkami, s va\u0161\u00edm vedom\u00edm a s\u00fahlasom. Tie\u017e v\u00e1m povieme, pre\u010do ho zbierame a ako sa bude pou\u017e\u00edva\u0165.<\/p>\n<p>Zhroma\u017eden\u00e9 inform\u00e1cie uchov\u00e1vame len tak dlho, ako je potrebn\u00e9 na poskytnutie po\u017eadovanej slu\u017eby. Ke\u010f \u00fadaje uchov\u00e1vame, chr\u00e1nime ich komer\u010dne prijate\u013en\u00fdmi prostriedkami, aby sme zabr\u00e1nili strate a kr\u00e1de\u017ei, ako aj neopr\u00e1vnen\u00e9mu pr\u00edstupu, zverejneniu, kop\u00edrovaniu, pou\u017eitiu alebo \u00faprave.<\/p>\n<p>Osobne identifikovate\u013en\u00e9 inform\u00e1cie nezdie\u013eame verejne ani s tret\u00edmi stranami okrem pr\u00edpadov, ke\u010f to vy\u017eaduje z\u00e1kon.<\/p>\n<p>Na\u0161a webov\u00e1 str\u00e1nka m\u00f4\u017ee obsahova\u0165 odkazy na extern\u00e9 webov\u00e9 str\u00e1nky, ktor\u00e9 neprev\u00e1dzkujeme. Upozor\u0148ujeme, \u017ee nem\u00e1me \u017eiadnu kontrolu nad obsahom a postupmi t\u00fdchto str\u00e1nok a nem\u00f4\u017eeme prija\u0165 zodpovednos\u0165 za pr\u00edslu\u0161n\u00e9 z\u00e1sady ochrany osobn\u00fdch \u00fadajov.<\/p>\n<p>M\u00f4\u017eete slobodne odmietnu\u0165 na\u0161u \u017eiados\u0165 o va\u0161e osobn\u00e9 \u00fadaje s t\u00fdm, \u017ee v\u00e1m mo\u017eno nebudeme m\u00f4c\u0165 poskytn\u00fa\u0165 niektor\u00e9 z va\u0161ich po\u017eadovan\u00fdch slu\u017eieb.<\/p>\n<p>Va\u0161e \u010fal\u0161ie pou\u017e\u00edvanie na\u0161ej webovej str\u00e1nky bude pova\u017eovan\u00e9 za prijatie na\u0161ich prakt\u00edk v oblasti ochrany osobn\u00fdch \u00fadajov a osobn\u00fdch \u00fadajov. Ak m\u00e1te ak\u00e9ko\u013evek ot\u00e1zky o tom, ako naklad\u00e1me s pou\u017e\u00edvate\u013esk\u00fdmi \u00fadajmi a osobn\u00fdmi \u00fadajmi, kontaktujte n\u00e1s.<\/p>\n<h3>Z\u00e1sady pou\u017e\u00edvania s\u00faborov cookie Planeta Info<\/h3>\n<h3>\u010co s\u00fa cookies?<\/h3>\n<p>Ako je be\u017enou praxou takmer v\u0161etk\u00fdch profesion\u00e1lnych webov\u00fdch str\u00e1nok, t\u00e1to str\u00e1nka pou\u017e\u00edva cookies, \u010do s\u00fa mal\u00e9 s\u00fabory, ktor\u00e9 sa s\u0165ahuj\u00fa do v\u00e1\u0161ho po\u010d\u00edta\u010da, aby sa zlep\u0161il v\u00e1\u0161 z\u00e1\u017eitok. T\u00e1to str\u00e1nka popisuje, ak\u00e9 inform\u00e1cie zhroma\u017e\u010fuj\u00fa, ako ich pou\u017e\u00edvame a pre\u010do niekedy potrebujeme uklada\u0165 tieto s\u00fabory cookie. Podel\u00edme sa aj o to, ako m\u00f4\u017eete zabr\u00e1ni\u0165 ukladaniu t\u00fdchto s\u00faborov cookie, m\u00f4\u017ee to v\u0161ak zn\u00ed\u017ei\u0165 alebo \u201enaru\u0161i\u0165\u201c ur\u010dit\u00e9 prvky funk\u010dnosti str\u00e1nky.<\/p>\n<h3>Ako pou\u017e\u00edvame cookies?<\/h3>\n<p>S\u00fabory cookie pou\u017e\u00edvame z nieko\u013ek\u00fdch d\u00f4vodov, ktor\u00e9 s\u00fa podrobne uveden\u00e9 ni\u017e\u0161ie. Bohu\u017eia\u013e, vo v\u00e4\u010d\u0161ine pr\u00edpadov neexistuj\u00fa \u017eiadne \u0161tandardn\u00e9 mo\u017enosti na zak\u00e1zanie s\u00faborov cookie bez \u00fapln\u00e9ho vypnutia funkci\u00ed a funkci\u00ed, ktor\u00e9 prid\u00e1vaj\u00fa na t\u00fato str\u00e1nku. Odpor\u00fa\u010da sa ponecha\u0165 v\u0161etky s\u00fabory cookie, ak si nie ste ist\u00ed, \u010di ich potrebujete v pr\u00edpade, \u017ee sa pou\u017e\u00edvaj\u00fa na poskytovanie slu\u017eby, ktor\u00fa pou\u017e\u00edvate.<\/p>\n<h3>Zak\u00e1za\u0165 s\u00fabory cookie<\/h3>\n<p>Nastavovaniu cookies m\u00f4\u017eete zabr\u00e1ni\u0165 \u00fapravou nastaven\u00ed v\u00e1\u0161ho prehliada\u010da (pozrite si pomocn\u00edka v\u00e1\u0161ho prehliada\u010da, ako to urobi\u0165). Upozor\u0148ujeme, \u017ee zak\u00e1zanie s\u00faborov cookie ovplyvn\u00ed funk\u010dnos\u0165 tejto a mnoh\u00fdch \u010fal\u0161\u00edch webov\u00fdch str\u00e1nok, ktor\u00e9 nav\u0161t\u00edvite. Zak\u00e1zanie s\u00faborov cookie vo v\u0161eobecnosti povedie k zak\u00e1zaniu ur\u010dit\u00fdch funkci\u00ed a vlastnost\u00ed tejto webovej str\u00e1nky. Preto sa odpor\u00fa\u010da, aby ste cookies nezakazovali.<\/p>\n<h3>S\u00fabory cookie, ktor\u00e9 sme nastavili<\/h3>\n<ul>\n<li>S\u00fabory cookie s\u00favisiace s \u00fa\u010dtom Ak si u n\u00e1s vytvor\u00edte \u00fa\u010det, budeme pou\u017e\u00edva\u0165 s\u00fabory cookie na spr\u00e1vu procesu registr\u00e1cie a v\u0161eobecnej spr\u00e1vy. Tieto s\u00fabory cookie sa zvy\u010dajne vyma\u017e\u00fa, ke\u010f sa odhl\u00e1site, v niektor\u00fdch pr\u00edpadoch v\u0161ak m\u00f4\u017eu zosta\u0165 aj potom, aby si zapam\u00e4tali preferencie va\u0161ej lokality, ke\u010f sa odhl\u00e1site.<\/li>\n<li>S\u00fabory cookie s\u00favisiace s prihl\u00e1sen\u00edm Pou\u017e\u00edvame s\u00fabory cookie, ke\u010f ste prihl\u00e1sen\u00ed, aby sme si t\u00fato akciu zapam\u00e4tali. V\u010faka tomu sa nemus\u00edte prihlasova\u0165 zaka\u017ed\u00fdm, ke\u010f nav\u0161t\u00edvite nov\u00fa str\u00e1nku. Tieto s\u00fabory cookie sa zvy\u010dajne odstr\u00e1nia alebo vyma\u017e\u00fa, ke\u010f sa odhl\u00e1site, aby sa zabezpe\u010dilo, \u017ee po prihl\u00e1sen\u00ed budete ma\u0165 pr\u00edstup iba k obmedzen\u00fdm funkci\u00e1m a oblastiam.<\/li>\n<li>S\u00fabory cookie s\u00favisiace s e-mailov\u00fdmi spravodajcamiT\u00e1to webov\u00e1 str\u00e1nka pon\u00faka slu\u017eby odberu noviniek alebo e-mailov a s\u00fabory cookie mo\u017eno pou\u017ei\u0165 na zapam\u00e4tanie si toho, \u010di ste u\u017e zaregistrovan\u00fd a \u010di sa maj\u00fa zobrazova\u0165 ur\u010dit\u00e9 upozornenia platn\u00e9 len pre prihl\u00e1sen\u00fdch\/odhl\u00e1sen\u00fdch pou\u017e\u00edvate\u013eov.<\/li>\n<li>Spracovanie objedn\u00e1vok s\u00favisiace so s\u00fabormi cookieT\u00e1to str\u00e1nka pon\u00faka mo\u017enosti elektronick\u00e9ho obchodu alebo platby a niektor\u00e9 s\u00fabory cookie s\u00fa nevyhnutn\u00e9 na zabezpe\u010denie toho, aby sa va\u0161a objedn\u00e1vka medzi str\u00e1nkami zapam\u00e4tala, aby sme ju mohli spr\u00e1vne spracova\u0165.<\/li>\n<li>S\u00fabory cookie s\u00favisiace s prieskumami Pravidelne pon\u00fakame prieskumy a dotazn\u00edky, aby sme poskytli zauj\u00edmav\u00e9 inform\u00e1cie, u\u017eito\u010dn\u00e9 n\u00e1stroje alebo presnej\u0161ie porozumeli na\u0161ej pou\u017e\u00edvate\u013eskej z\u00e1kladni. Tieto prieskumy m\u00f4\u017eu pou\u017e\u00edva\u0165 s\u00fabory cookie na zapam\u00e4tanie si toho, kto sa u\u017e prieskumu z\u00fa\u010dastnil, alebo na poskytnutie presn\u00fdch v\u00fdsledkov po zmene str\u00e1nok.<\/li>\n<li>S\u00fabory cookie s\u00favisiace s formul\u00e1rmi Ke\u010f odo\u0161lete \u00fadaje prostredn\u00edctvom formul\u00e1ra, ako s\u00fa tie, ktor\u00e9 sa nach\u00e1dzaj\u00fa na kontaktn\u00fdch str\u00e1nkach alebo formul\u00e1roch s koment\u00e1rmi, s\u00fabory cookie m\u00f4\u017eu by\u0165 nastaven\u00e9 tak, aby si zapam\u00e4tali va\u0161e pou\u017e\u00edvate\u013esk\u00e9 \u00fadaje pre bud\u00facu kore\u0161pondenciu.<\/li>\n<li>S\u00fabory cookie preferenci\u00ed str\u00e1nok Aby sme v\u00e1m poskytli skvel\u00fd z\u00e1\u017eitok z tejto str\u00e1nky, poskytujeme funkciu na nastavenie va\u0161ich preferenci\u00ed sp\u00f4sobu fungovania tejto str\u00e1nky, ke\u010f ju pou\u017e\u00edvate. Aby sme si zapam\u00e4tali va\u0161e preferencie, mus\u00edme nastavi\u0165 s\u00fabory cookie, aby bolo mo\u017en\u00e9 tieto inform\u00e1cie vyvola\u0165 pri ka\u017edej interakcii so str\u00e1nkou, ktor\u00e1 je ovplyvnen\u00e1 va\u0161imi preferenciami.<\/li>\n<\/ul>\n<h3>Personalizovan\u00e1 reklama<\/h3>\n<p>Pou\u017e\u00edvatelia sa m\u00f4\u017eu odhl\u00e1si\u0165 z personalizovanej reklamy n\u00e1v\u0161tevou str\u00e1nky <a href=\"https:\/\/adssettings.google.com\/authenticated\">Nastavenia reklamy<\/a>. Pr\u00edpadne m\u00f4\u017eete pou\u017e\u00edvate\u013eov nasmerova\u0165 na pr\u00edstup na str\u00e1nku <a href=\"http:\/\/www.aboutads.info\">www.aboutads.info<\/a> zak\u00e1za\u0165 pou\u017e\u00edvanie personalizovan\u00fdch reklamn\u00fdch cookies tret\u00edch str\u00e1n.<\/p>\n<h3>Cookies tret\u00edch str\u00e1n<\/h3>\n<p>V niektor\u00fdch \u0161peci\u00e1lnych pr\u00edpadoch pou\u017e\u00edvame aj s\u00fabory cookie poskytovan\u00e9 d\u00f4veryhodn\u00fdmi tret\u00edmi stranami. Nasleduj\u00faca \u010das\u0165 podrobne uv\u00e1dza, s ak\u00fdmi s\u00fabormi cookie tret\u00edch str\u00e1n sa m\u00f4\u017eete stretn\u00fa\u0165 prostredn\u00edctvom tejto webovej str\u00e1nky.<\/p>\n<ul>\n<li>T\u00e1to str\u00e1nka pou\u017e\u00edva Google Analytics, \u010do je jedno z najroz\u0161\u00edrenej\u0161\u00edch a najd\u00f4veryhodnej\u0161\u00edch analytick\u00fdch rie\u0161en\u00ed na webe, ktor\u00e9 n\u00e1m pom\u00e1ha pochopi\u0165, ako t\u00fato str\u00e1nku pou\u017e\u00edvate a ako m\u00f4\u017eeme zlep\u0161i\u0165 va\u0161u sk\u00fasenos\u0165. Tieto s\u00fabory cookie m\u00f4\u017eu sledova\u0165 napr\u00edklad to, ako dlho str\u00e1vite na str\u00e1nke a str\u00e1nky, ktor\u00e9 nav\u0161t\u00edvite, aby sme mohli na\u010falej vytv\u00e1ra\u0165 p\u00fatav\u00fd obsah.<\/li>\n<\/ul>\n<p>Viac inform\u00e1ci\u00ed o s\u00faboroch cookie Google Analytics n\u00e1jdete na ofici\u00e1lnej str\u00e1nke Google Analytics.<\/p>\n<ul>\n<li>Anal\u00fdzy tret\u00edch str\u00e1n sa pou\u017e\u00edvaj\u00fa na sledovanie a meranie pou\u017e\u00edvania tejto str\u00e1nky, aby sme mohli pokra\u010dova\u0165 vo vytv\u00e1ran\u00ed p\u00fatav\u00e9ho obsahu. Tieto s\u00fabory cookie m\u00f4\u017eu sledova\u0165 veci, ako je \u010das, ktor\u00fd str\u00e1vite na str\u00e1nke alebo str\u00e1nky, ktor\u00e9 nav\u0161t\u00edvite, \u010do n\u00e1m pom\u00e1ha pochopi\u0165, ako pre v\u00e1s m\u00f4\u017eeme str\u00e1nku vylep\u0161i\u0165.<\/li>\n<li>Pravidelne testujeme nov\u00e9 funkcie a rob\u00edme jemn\u00e9 zmeny v sp\u00f4sobe, ak\u00fdm str\u00e1nka vyzer\u00e1. Ke\u010f st\u00e1le testujeme nov\u00e9 funkcie, tieto s\u00fabory cookie sa m\u00f4\u017eu pou\u017ei\u0165 na zabezpe\u010denie konzistentn\u00e9ho z\u00e1\u017eitku na str\u00e1nke, pri\u010dom vieme, ktor\u00e9 optimaliz\u00e1cie na\u0161i pou\u017e\u00edvatelia oce\u0148uj\u00fa najviac.<\/li>\n<li>Pri predaji produktov je d\u00f4le\u017eit\u00e9, aby sme rozumeli \u0161tatistik\u00e1m o tom, ko\u013eko n\u00e1v\u0161tevn\u00edkov na\u0161ej webovej str\u00e1nky skuto\u010dne nakupuje, a preto tieto s\u00fabory cookie bud\u00fa sledova\u0165 tento typ \u00fadajov. Je to pre v\u00e1s d\u00f4le\u017eit\u00e9, preto\u017ee to znamen\u00e1, \u017ee m\u00f4\u017eeme presne vytv\u00e1ra\u0165 obchodn\u00e9 progn\u00f3zy, ktor\u00e9 n\u00e1m umo\u017e\u0148uj\u00fa analyzova\u0165 na\u0161e n\u00e1klady na reklamu a produkty, aby sme zaistili najlep\u0161iu mo\u017en\u00fa cenu.<\/li>\n<li>Slu\u017eba Google AdSense, ktor\u00fa pou\u017e\u00edvame na zobrazovanie rekl\u00e1m, pou\u017e\u00edva s\u00fabor cookie DoubleClick na zobrazovanie relevantnej\u0161\u00edch rekl\u00e1m na webe a na obmedzenie po\u010dtu zobrazen\u00ed konkr\u00e9tnej reklamy.<br \/>\n\u010eal\u0161ie inform\u00e1cie o slu\u017ebe Google AdSense n\u00e1jdete v ofici\u00e1lnych \u010dast\u00fdch ot\u00e1zkach t\u00fdkaj\u00facich sa ochrany osobn\u00fdch \u00fadajov slu\u017eby Google AdSense.<\/li>\n<li>Reklamy pou\u017e\u00edvame na kompenz\u00e1ciu n\u00e1kladov na prev\u00e1dzku tejto str\u00e1nky a na poskytovanie finan\u010dn\u00fdch prostriedkov na bud\u00faci rozvoj. Behavior\u00e1lne reklamn\u00e9 cookies pou\u017e\u00edvan\u00e9 touto str\u00e1nkou s\u00fa navrhnut\u00e9 tak, aby zabezpe\u010dili, \u017ee v\u00e1m poskytneme tie najrelevantnej\u0161ie reklamy, ak je to mo\u017en\u00e9, anonymn\u00fdm sledovan\u00edm va\u0161ich z\u00e1ujmov a prezentovan\u00edm podobn\u00fdch vec\u00ed, ktor\u00e9 by v\u00e1s mohli zauj\u00edma\u0165.<\/li>\n<li>Nieko\u013eko partnerov inzeruje v na\u0161om mene a s\u00fabory cookie na sledovanie pridru\u017een\u00fdch spolo\u010dnost\u00ed n\u00e1m jednoducho umo\u017e\u0148uj\u00fa zisti\u0165, \u010di na\u0161i z\u00e1kazn\u00edci prist\u00fapili na str\u00e1nku prostredn\u00edctvom str\u00e1nok jedn\u00e9ho z na\u0161ich partnerov, aby sme im mohli primerane prip\u00edsa\u0165 kredit, a ak je to vhodn\u00e9, umo\u017eni\u0165 na\u0161im pridru\u017een\u00fdm partnerom pon\u00faka\u0165 ak\u00fako\u013evek propag\u00e1ciu, ktor\u00e1 v\u00e1m m\u00f4\u017ee poskytn\u00fa\u0165 n\u00e1kup.<\/li>\n<\/ul>\n<h3>Z\u00e1v\u00e4zok pou\u017e\u00edvate\u013ea<\/h3>\n<p>Pou\u017e\u00edvate\u013e sa zav\u00e4zuje primerane vyu\u017e\u00edva\u0165 obsah a inform\u00e1cie, ktor\u00e9 Planeta Info pon\u00faka na webovej str\u00e1nke, a to s v\u00fdslovn\u00fdm, ale nie obmedzuj\u00facim charakterom:<\/p>\n<ul>\n<li>A) nezap\u00e1ja\u0165 sa do \u010dinnost\u00ed, ktor\u00e9 s\u00fa nez\u00e1konn\u00e9 alebo odporuj\u00face dobrej viere a verejn\u00e9mu poriadku;<\/li>\n<li>B) Ne\u0161\u00edrte propagandu alebo obsah rasistickej, xenof\u00f3bnej alebo zlej povahy, ak\u00fdko\u013evek druh neleg\u00e1lnej pornografie na podporu terorizmu alebo proti \u013eudsk\u00fdm pr\u00e1vam;<\/li>\n<li>C) Nepo\u0161kodzujte fyzick\u00e9 (hardv\u00e9r) a logick\u00e9 (softv\u00e9rov\u00e9) syst\u00e9my spolo\u010dnosti Planeta Info, jej dod\u00e1vate\u013eov alebo tret\u00edch str\u00e1n, aby ste zaviedli alebo \u0161\u00edrili po\u010d\u00edta\u010dov\u00e9 v\u00edrusy alebo ak\u00e9ko\u013evek in\u00e9 hardv\u00e9rov\u00e9 alebo softv\u00e9rov\u00e9 syst\u00e9my, ktor\u00e9 s\u00fa schopn\u00e9 sp\u00f4sobi\u0165 vy\u0161\u0161ie uveden\u00e9 \u0161kody.<\/li>\n<\/ul>\n<h3>Viac inform\u00e1ci\u00ed<\/h3>\n<p>D\u00fafajme, \u017ee je to jasn\u00e9 a ako u\u017e bolo spomenut\u00e9, ak si nie ste ist\u00fd, \u010di nie\u010do potrebujete alebo nie, zvy\u010dajne je bezpe\u010dnej\u0161ie ponecha\u0165 s\u00fabory cookie povolen\u00e9 v pr\u00edpade, \u017ee to interaguje s niektorou z funkci\u00ed, ktor\u00e9 pou\u017e\u00edvate na na\u0161ej str\u00e1nke.<\/p>\n<p>T\u00e1to politika je \u00fa\u010dinn\u00e1 od <strong>janu\u00e1ra<\/strong>\/<strong>2022<\/strong>.<\/p>","protected":false},"excerpt":{"rendered":"<p>A sua privacidade \u00e9 importante para n\u00f3s. \u00c9 pol\u00edtica do Planeta Info respeitar a sua privacidade em rela\u00e7\u00e3o a qualquer informa\u00e7\u00e3o sua que possamos coletar no site Planeta Info, e outros sites que possu\u00edmos e operamos. Solicitamos informa\u00e7\u00f5es pessoais apenas quando realmente precisamos delas para lhe fornecer um servi\u00e7o. Fazemo-lo por meios justos e legais, [&hellip;]<\/p>\n","protected":false},"author":3,"featured_media":0,"parent":0,"menu_order":0,"comment_status":"closed","ping_status":"closed","template":"","meta":{"footnotes":""},"class_list":["post-7529","page","type-page","status-publish"],"_links":{"self":[{"href":"https:\/\/planeta-info.com\/sk\/wp-json\/wp\/v2\/pages\/7529","targetHints":{"allow":["GET"]}}],"collection":[{"href":"https:\/\/planeta-info.com\/sk\/wp-json\/wp\/v2\/pages"}],"about":[{"href":"https:\/\/planeta-info.com\/sk\/wp-json\/wp\/v2\/types\/page"}],"author":[{"embeddable":true,"href":"https:\/\/planeta-info.com\/sk\/wp-json\/wp\/v2\/users\/3"}],"replies":[{"embeddable":true,"href":"https:\/\/planeta-info.com\/sk\/wp-json\/wp\/v2\/comments?post=7529"}],"version-history":[{"count":1,"href":"https:\/\/planeta-info.com\/sk\/wp-json\/wp\/v2\/pages\/7529\/revisions"}],"predecessor-version":[{"id":7530,"href":"https:\/\/planeta-info.com\/sk\/wp-json\/wp\/v2\/pages\/7529\/revisions\/7530"}],"wp:attachment":[{"href":"https:\/\/planeta-info.com\/sk\/wp-json\/wp\/v2\/media?parent=7529"}],"curies":[{"name":"pracovn\u00fd list","href":"https:\/\/api.w.org\/{rel}","templated":true}]}}