{"id":331,"date":"2021-01-15T11:45:26","date_gmt":"2021-01-15T11:45:26","guid":{"rendered":"https:\/\/smartmag.theme-sphere.com\/tech-drop\/typography-post-elements\/"},"modified":"2021-01-15T11:45:26","modified_gmt":"2021-01-15T11:45:26","slug":"prvky-typografickeho-prispevku","status":"publish","type":"page","link":"https:\/\/planeta-info.com\/sk\/typography-post-elements\/","title":{"rendered":"Prvky typografie"},"content":{"rendered":"<p>T\u00e1to str\u00e1nka zobrazuje typografiu a prvky s\u00favisiace s textom pr\u00edspevkov a str\u00e1nok v predvolenom editore WordPress. \u010eal\u0161ie prvky m\u00f4\u017eete vidie\u0165 v <a href=\"https:\/\/smartmag.theme-sphere.com\/tech-drop\/welcome-to-the-future-of-wordpress-with-gutenberg\/\" data-type=\"post\" data-id=\"338\"><strong>Gutenberg Styles<\/strong><\/a> pr\u00edspevok.<\/p>\n\n\n\n<p>Exercita\u010dn\u00e1 fotob\u00fadka stumptown tote bag Banksy, elitn\u00e1 malos\u00e9riov\u00e1 freegan sed. Remeseln\u00e9 pivo elitn\u00fd seitan <a href=\"#\">cvi\u010denie<\/a>, fotob\u00fadka a 8-bitov\u00e9 kelov\u00e9 \u010dipy proident chillwave deep v laborum.<\/p>\n\n\n\n<hr class=\"wp-block-separator has-css-opacity is-style-wide\"\/>\n\n\n\n<p><strong>1. Default Pullquote<\/strong><\/p>\n\n\n\n<figure class=\"wp-block-pullquote\"><blockquote><p>Len \u0161tvrtina mlad\u00fdch dospel\u00fdch je finan\u010dne gramotn\u00fdch. Nechcete ich zavali\u0165 stra\u0161n\u00fdmi radami.<\/p><cite>James Matthews<\/cite><\/blockquote><\/figure>\n\n\n\n<p>Norm\u00e1lny \u0161t\u00fdl pullquote je dostupn\u00fd iba s Gutenberg Editorom.<\/p>\n\n\n\n<p><strong>2. Pullquotes Modern<\/strong><\/p>\n\n\n\n<p>Modern\u00fd cit\u00e1t je dostupn\u00fd v klasickom aj Gutenbergovom editore. V editore Gutenberg je k dispoz\u00edcii ako variant ve\u013ek\u00e9ho \u0161t\u00fdlu, zatia\u013e \u010do v klasickom editore je k dispoz\u00edcii v \u010dasti \u010eal\u0161ie \u0161t\u00fdly ako Modern\u00e1 ponuka.<\/p>\n\n\n\n<figure class=\"wp-block-pullquote is-style-modern\"><blockquote><p>\u013dudia si myslia, \u017ee s\u00fastredenie znamen\u00e1 poveda\u0165 \u00e1no veci, na ktor\u00fa sa mus\u00edte s\u00fastredi\u0165. Ale to v\u00f4bec neznamen\u00e1. Znamen\u00e1 to poveda\u0165 nie stovke \u010fal\u0161\u00edch dobr\u00fdch n\u00e1padov, ktor\u00e9 existuj\u00fa. Treba si starostlivo vybera\u0165.<\/p><cite>Shane Doe<\/cite><\/blockquote><\/figure>\n\n\n\n<p><strong>3. Farebn\u00e9 \u00favodzovky<\/strong><\/p>\n\n\n\n<p>Pomocou tejto mo\u017enosti v Gutenberg m\u00f4\u017eete pou\u017ei\u0165 ktor\u00fako\u013evek z mo\u017enost\u00ed farieb na pozad\u00ed aj na farbu textu.<\/p>\n\n\n\n<figure class=\"wp-block-pullquote is-style-solid-bg has-black-color has-pale-cyan-blue-background-color has-text-color has-background\"><blockquote><p>Len \u0161tvrtina mlad\u00fdch dospel\u00fdch je finan\u010dne gramotn\u00fdch. Nechcete ich zavali\u0165 stra\u0161n\u00fdmi radami.<\/p><cite><mark style=\"background-color:rgba(0, 0, 0, 0)\" class=\"has-inline-color has-black-color\">Shane Doe<\/mark><\/cite><\/blockquote><\/figure>\n\n\n\n<p><strong>4. Blockquote Default<\/strong><\/p>\n\n\n\n<blockquote class=\"wp-block-quote is-layout-flow wp-block-quote-is-layout-flow\"><p>\u013dudia si myslia, \u017ee s\u00fastredenie znamen\u00e1 poveda\u0165 \u00e1no veci, na ktor\u00fa sa mus\u00edte s\u00fastredi\u0165. Ale to v\u00f4bec neznamen\u00e1. Znamen\u00e1 to poveda\u0165 nie stovke \u010fal\u0161\u00edch dobr\u00fdch n\u00e1padov, ktor\u00e9 existuj\u00fa. Treba si starostlivo vybera\u0165.<\/p><cite>Shane Doe<\/cite><\/blockquote>\n\n\n\n<p><strong>5. Blockquote Large<\/strong><\/p>\n\n\n\n<blockquote class=\"wp-block-quote is-style-large is-layout-flow wp-block-quote-is-layout-flow\"><p>\u013dudia si myslia, \u017ee s\u00fastredenie znamen\u00e1 poveda\u0165 \u00e1no veci, na ktor\u00fa sa mus\u00edte s\u00fastredi\u0165. Ale to v\u00f4bec neznamen\u00e1. <\/p><\/blockquote>\n\n\n\n<p>Tonx cray commodo, cvi\u010denie, o ktor\u00fdch ste pravdepodobne e\u0161te nepo\u010duli. Selfies iPhone Kickstarter, pitie octu d\u017e\u00ednsov\u00e9 \u0161ortky fixie consequat.<\/p>\n\n\n\n<hr class=\"wp-block-separator has-css-opacity is-style-dots\"\/>\n\n\n\n<figure class=\"wp-block-pullquote alignright\"><blockquote><p>Tu je cit\u00e1t zarovnan\u00fd doprava, ktor\u00fd ukazuje nie\u010do z \u010dl\u00e1nku.<\/p><cite>Shane Doe<\/cite><\/blockquote><\/figure>\n\n\n\n<p><strong>Vytiahnutie \u00favodzovky zarovnan\u00e9 doprava<\/strong>. Doktor spektrum kilowog lieberman flash gordon osa ru\u017eov\u00fd chlap\u00edk gardner deadpool spawn majster hlavn\u00fd str\u00e1\u017eca, magog ant-man.\u201c Metamorpho trey langstrom \u010derven\u00fd str\u00e1\u017eca, &quot;hellcat, jane Foster Betty Brant Stacy x Hellcat emma frost inertia ropucha kvazar?&quot; Deadpool, \u201evymyslen\u00fd dan crimson crusader, krviprelievanie bielej kr\u00e1\u013eovnej hyperion\u201c. <\/p>\n\n\n\n<p>Kapit\u00e1n Arcanny talianska vec f\u00e9nix jennifer kale robbie burchill, \u201eru\u017ea, jednoro\u017eec elektra\u201c.<\/p>\n\n\n\n<h2 class=\"wp-block-heading\">Norm\u00e1lne zoznamy<\/h2>\n\n\n\n<p>Exercita\u010dn\u00e1 fotob\u00fadka stumptown tote bag Banksy, elitn\u00e1 malos\u00e9riov\u00e1 freegan sed. Remeseln\u00e9 pivo elitn\u00fd seitan&nbsp;<a href=\"#\">cvi\u010denie<\/a>, fotob\u00fadka a 8-bitov\u00e9 kelov\u00e9 \u010dipy proident chillwave deep v laborum.<\/p>\n\n\n\n<ul class=\"wp-block-list\"><li>Aliquam erat volutpat<\/li><li>Exercita\u010dn\u00e1 fotob\u00fadka stumptown tote bag Banksy<\/li><li>Jednop\u00f4vodov\u00e1 k\u00e1va Tempor duis<\/li><li>Magnis disparturient montes<\/li><\/ul>\n\n\n\n<h2 class=\"wp-block-heading\">\u010c\u00edslovan\u00e9 zoznamy<\/h2>\n\n\n\n<p>Kockovan\u00e9 stumptown na mieru, biodieselov\u00e9 mini brady High Life Incidence retro udr\u017eate\u013en\u00e9 90. roky Echo Park Tumblr. Fotob\u00fadka a 8-bitov\u00e9 kelov\u00e9 \u010dipy proident chillwave deep v laborum.<\/p>\n\n\n\n<ol class=\"wp-block-list\"><li>Aliquam erat volutpat<\/li><li>Exercita\u010dn\u00e1 fotob\u00fadka stumptown tote bag Banksy<\/li><li>Jednop\u00f4vodov\u00e1 k\u00e1va Tempor duis<\/li><li>Magnis disparturient montes<\/li><\/ol>\n\n\n\n<h1 class=\"wp-block-heading\">Nadpis 1<\/h1>\n\n\n\n<p>Meh synth Schlitz, do\u010dasn\u00fd dva single-origin k\u00e1vy a \u010fal\u0161ia \u00farove\u0148 etnick\u00e9 fingerstache fanny pack nostrud.<\/p>\n\n\n\n<h2 class=\"wp-block-heading\">Nadpis 2<\/h2>\n\n\n\n<p>Sed ut perspiciatis unde omnis iste natus error sit voluptatem accusantium doloremque laudantium, totam rem aperiam, eaque ipsa.<\/p>\n\n\n\n<h3 class=\"wp-block-heading\">Nadpis 3<\/h3>\n\n\n\n<p>Sed ut perspiciatis unde omnis iste natus error sit voluptatem accusantium doloremque laudantium, totam rem aperiam, eaque ipsa.<\/p>\n\n\n\n<h4 class=\"wp-block-heading\">Nadpis 4<\/h4>\n\n\n\n<p>Exercita\u010dn\u00e1 fotob\u00fadka stumptown tote bag Banksy, elitn\u00e1 malos\u00e9riov\u00e1 freegan sed.<\/p>\n\n\n\n<h5 class=\"wp-block-heading\">Nadpis 5<\/h5>\n\n\n\n<p>Fotob\u00fadka anim 8-bit hella, PBR 3 vl\u010d\u00ed mesiac brada Helvetica.<\/p>\n\n\n\n<h6 class=\"wp-block-heading\">Nadpis 6<\/h6>\n\n\n\n<p>Meh synth Schlitz, do\u010dasn\u00fd dva single-origin k\u00e1vy a \u010fal\u0161ia \u00farove\u0148 etnick\u00e9 fingerstache fanny pack nostrud.<\/p>\n\n\n\n<h3 class=\"wp-block-heading\">Be\u017en\u00e9 z\u00e1kladn\u00e9 \u0161t\u00fdly<\/h3>\n\n\n\n<p>Fotka z cvi\u010denia&nbsp;<strong>tu\u010dn\u00fd text<\/strong>&nbsp;prenosn\u00e1 ta\u0161ka&nbsp;<em>kurz\u00edva<\/em>, elitn\u00fd mal\u00fd farebn\u00fd sed.&nbsp;<a href=\"#\">Odkaz tu<\/a>&nbsp;elitn\u00fd seitan&nbsp;<a href=\"#\">cvi\u010denie<\/a>, foto&nbsp;<del>pre\u010diarknutie<\/del>&nbsp;et 8-bitov\u00fd vlo\u017een\u00fd k\u00f3d kale:&nbsp;<code>strip_tags()<\/code>&nbsp;a ide sa \u010falej.<\/p>\n\n\n\n<pre class=\"wp-block-preformatted\">function code_sample($text) { $text = compute_sample($text); n\u00e1vrat $text; }<\/pre>\n\n\n\n<p class=\"has-drop-cap\">Pr\u00edklad vie\u010dka tu. \u0160arl\u00e1tov\u00e1 \u010darodejnica Fenris kolos lockjaw rosom\u00e1k ohavnos\u0165 nov\u00ed str\u00e1\u017ecovia dareb\u00e1ci, divn\u00e9 diev\u010da, stra\u0161n\u00fd rytier, v\u00fdkrik ahab. Darkman tie\u0148ov\u00fd kr\u00e1\u013e duch jazdec sokol neuropat montana tvar bar\u00f3n zemo?<\/p>\n\n\n\n<p>H\u013ead\u00e1te viac \u0161t\u00fdlov a prvkov? Pozri <a href=\"https:\/\/smartmag.theme-sphere.com\/tech-drop\/welcome-to-the-future-of-wordpress-with-gutenberg\/\"><strong>Gutenberg Styles<\/strong><\/a> pr\u00edspevok.<\/p>","protected":false},"excerpt":{"rendered":"<p>This page shows typography and text related elements of the posts and pages in the default WordPress editor. You can see other elements in the Gutenberg Styles post. Exercitation photo booth stumptown tote bag Banksy, elit small batch freegan sed. Craft beer elit seitan exercitation, photo booth et 8-bit kale chips proident chillwave deep v [&hellip;]<\/p>\n","protected":false},"author":3,"featured_media":0,"parent":0,"menu_order":0,"comment_status":"closed","ping_status":"closed","template":"","meta":{"footnotes":""},"class_list":["post-331","page","type-page","status-publish"],"_links":{"self":[{"href":"https:\/\/planeta-info.com\/sk\/wp-json\/wp\/v2\/pages\/331","targetHints":{"allow":["GET"]}}],"collection":[{"href":"https:\/\/planeta-info.com\/sk\/wp-json\/wp\/v2\/pages"}],"about":[{"href":"https:\/\/planeta-info.com\/sk\/wp-json\/wp\/v2\/types\/page"}],"author":[{"embeddable":true,"href":"https:\/\/planeta-info.com\/sk\/wp-json\/wp\/v2\/users\/3"}],"replies":[{"embeddable":true,"href":"https:\/\/planeta-info.com\/sk\/wp-json\/wp\/v2\/comments?post=331"}],"version-history":[{"count":0,"href":"https:\/\/planeta-info.com\/sk\/wp-json\/wp\/v2\/pages\/331\/revisions"}],"wp:attachment":[{"href":"https:\/\/planeta-info.com\/sk\/wp-json\/wp\/v2\/media?parent=331"}],"curies":[{"name":"pracovn\u00fd list","href":"https:\/\/api.w.org\/{rel}","templated":true}]}}