{"id":2711,"date":"2021-01-13T15:46:07","date_gmt":"2021-01-13T15:46:07","guid":{"rendered":"https:\/\/smartmag.theme-sphere.com\/tech-drop\/sample-page\/"},"modified":"2021-01-13T15:46:07","modified_gmt":"2021-01-13T15:46:07","slug":"vzorova-strana-2","status":"publish","type":"page","link":"https:\/\/planeta-info.com\/sk\/sample-page-2\/","title":{"rendered":"Vzorov\u00e1 str\u00e1nka"},"content":{"rendered":"<p>Toto je pr\u00edklad str\u00e1nky. L\u00ed\u0161i sa od blogov\u00e9ho pr\u00edspevku, preto\u017ee zostane na jednom mieste a zobraz\u00ed sa v navig\u00e1cii na va\u0161ej str\u00e1nke (vo v\u00e4\u010d\u0161ine t\u00e9m). V\u00e4\u010d\u0161ina \u013eud\u00ed za\u010d\u00edna str\u00e1nkou Inform\u00e1cie, ktor\u00e1 ich predstavuje potenci\u00e1lnym n\u00e1v\u0161tevn\u00edkom webu. M\u00f4\u017ee to poveda\u0165 nie\u010do tak\u00e9:<\/p>\n\n\n\n<blockquote class=\"wp-block-quote is-layout-flow wp-block-quote-is-layout-flow\"><p>Ahoj! Cez de\u0148 som posol na bicykli, v noci cti\u017eiadostiv\u00fd herec a toto je moja webov\u00e1 str\u00e1nka. \u017dijem v Los Angeles, m\u00e1m skvel\u00e9ho psa Jacka a m\u00e1m r\u00e1d pi\u00f1a coladas. (A zastihne v\u00e1s d\u00e1\u017e\u010f.)<\/p><\/blockquote>\n\n\n\n<p>...alebo nie\u010do tak\u00e9to:<\/p>\n\n\n\n<blockquote class=\"wp-block-quote is-layout-flow wp-block-quote-is-layout-flow\"><p>Spolo\u010dnos\u0165 XYZ Doohickey Company bola zalo\u017een\u00e1 v roku 1971 a odvtedy poskytuje verejnosti kvalitn\u00e9 doohickey. XYZ so s\u00eddlom v Gotham City zamestn\u00e1va viac ako 2 000 \u013eud\u00ed a rob\u00ed pre komunitu Gothamu v\u0161etky druhy \u00fa\u017easn\u00fdch vec\u00ed.<\/p><\/blockquote>\n\n\n\n<p>Ako nov\u00fd pou\u017e\u00edvate\u013e WordPress by ste mali prejs\u0165 na <a href=\"https:\/\/smartmag.theme-sphere.com\/main\/wp-admin\/\">v\u00e1\u0161 pr\u00edstrojov\u00fd panel<\/a> odstr\u00e1ni\u0165 t\u00fato str\u00e1nku a vytvori\u0165 nov\u00e9 str\u00e1nky pre v\u00e1\u0161 obsah. Bavte sa!<\/p>","protected":false},"excerpt":{"rendered":"<p>This is an example page. It&#8217;s different from a blog post because it will stay in one place and will show up in your site navigation (in most themes). Most people start with an About page that introduces them to potential site visitors. It might say something like this: Hi there! I&#8217;m a bike messenger [&hellip;]<\/p>\n","protected":false},"author":3,"featured_media":0,"parent":0,"menu_order":0,"comment_status":"closed","ping_status":"open","template":"","meta":{"footnotes":""},"class_list":["post-2711","page","type-page","status-publish"],"_links":{"self":[{"href":"https:\/\/planeta-info.com\/sk\/wp-json\/wp\/v2\/pages\/2711","targetHints":{"allow":["GET"]}}],"collection":[{"href":"https:\/\/planeta-info.com\/sk\/wp-json\/wp\/v2\/pages"}],"about":[{"href":"https:\/\/planeta-info.com\/sk\/wp-json\/wp\/v2\/types\/page"}],"author":[{"embeddable":true,"href":"https:\/\/planeta-info.com\/sk\/wp-json\/wp\/v2\/users\/3"}],"replies":[{"embeddable":true,"href":"https:\/\/planeta-info.com\/sk\/wp-json\/wp\/v2\/comments?post=2711"}],"version-history":[{"count":0,"href":"https:\/\/planeta-info.com\/sk\/wp-json\/wp\/v2\/pages\/2711\/revisions"}],"wp:attachment":[{"href":"https:\/\/planeta-info.com\/sk\/wp-json\/wp\/v2\/media?parent=2711"}],"curies":[{"name":"pracovn\u00fd list","href":"https:\/\/api.w.org\/{rel}","templated":true}]}}