{"id":7529,"date":"2023-10-21T22:33:55","date_gmt":"2023-10-21T22:33:55","guid":{"rendered":"https:\/\/planeta-info.com\/?page_id=7529"},"modified":"2023-10-21T22:33:56","modified_gmt":"2023-10-21T22:33:56","slug":"politica-de-confidentialitate","status":"publish","type":"page","link":"https:\/\/planeta-info.com\/ro\/politica-de-privacidade\/","title":{"rendered":"Politica de confiden\u021bialitate"},"content":{"rendered":"<p>Confiden\u021bialitatea dumneavoastr\u0103 este important\u0103 pentru noi. Politica Planeta Info este s\u0103 v\u0103 respecta\u021bi confiden\u021bialitatea \u00een leg\u0103tur\u0103 cu orice informa\u021bii pe care le-am putea colecta pe site. <a href=\"https:\/\/planeta-info.com\/ro\/\">Informa\u021bii despre planet\u0103<\/a>, \u0219i alte site-uri pe care le de\u021binem \u0219i oper\u0103m.<\/p>\n<p>Solicit\u0103m informa\u021bii personale numai atunci c\u00e2nd avem cu adev\u0103rat nevoie de ele pentru a v\u0103 oferi un serviciu. Facem acest lucru prin mijloace corecte \u0219i legale, cu cuno\u0219tin\u021bele \u0219i consim\u021b\u0103m\u00e2ntul dumneavoastr\u0103. De asemenea, v\u0103 spunem de ce \u00eel colect\u0103m \u0219i cum va fi folosit.<\/p>\n<p>Re\u021binem informa\u021biile colectate doar at\u00e2t timp c\u00e2t este necesar pentru a furniza serviciul solicitat. Atunci c\u00e2nd stoc\u0103m date, le protej\u0103m \u00een mijloace acceptabile din punct de vedere comercial pentru a preveni pierderea \u0219i furtul, precum \u0219i accesul neautorizat, dezv\u0103luirea, copierea, utilizarea sau modificarea.<\/p>\n<p>Nu \u00eemp\u0103rt\u0103\u0219im informa\u021bii de identificare personal\u0103 \u00een mod public sau cu ter\u021bi, cu excep\u021bia cazului \u00een care este impus de lege.<\/p>\n<p>Site-ul nostru web poate avea link-uri c\u0103tre site-uri web externe care nu sunt operate de noi. V\u0103 rug\u0103m s\u0103 re\u021bine\u021bi c\u0103 nu avem control asupra con\u021binutului \u0219i practicilor acestor site-uri \u0219i nu ne putem asuma responsabilitatea pentru politicile lor de confiden\u021bialitate respective.<\/p>\n<p>Sunte\u021bi liber s\u0103 refuza\u021bi solicitarea noastr\u0103 de informa\u021bii personale, \u00een\u021beleg\u00e2nd c\u0103 este posibil s\u0103 nu v\u0103 putem oferi unele dintre serviciile dorite.<\/p>\n<p>Utilizarea \u00een continuare a site-ului nostru web va fi considerat\u0103 acceptarea practicilor noastre privind confiden\u021bialitatea \u0219i informa\u021biile personale. Dac\u0103 ave\u021bi \u00eentreb\u0103ri despre modul \u00een care gestion\u0103m datele utilizatorului \u0219i informa\u021biile personale, v\u0103 rug\u0103m s\u0103 ne contacta\u021bi.<\/p>\n<h3>Politica de cookie-uri Planeta Info<\/h3>\n<h3>Ce sunt cookie-urile?<\/h3>\n<p>A\u0219a cum este o practic\u0103 obi\u0219nuit\u0103 cu aproape toate site-urile web profesionale, acest site folose\u0219te cookie-uri, care sunt fi\u0219iere mici care sunt desc\u0103rcate pe computerul dvs., pentru a v\u0103 \u00eembun\u0103t\u0103\u021bi experien\u021ba. Aceast\u0103 pagin\u0103 descrie ce informa\u021bii colecteaz\u0103, cum le folosim \u0219i de ce uneori trebuie s\u0103 stoc\u0103m aceste cookie-uri. De asemenea, vom \u00eemp\u0103rt\u0103\u0219i modul \u00een care pute\u021bi \u00eempiedica stocarea acestor cookie-uri, cu toate acestea, acest lucru poate reduce sau \u201erupe\u201d anumite elemente ale func\u021bionalit\u0103\u021bii site-ului.<\/p>\n<h3>Cum folosim cookie-urile?<\/h3>\n<p>Folosim cookie-uri din mai multe motive, detaliate mai jos. Din p\u0103cate, \u00een cele mai multe cazuri, nu exist\u0103 op\u021biuni standard \u00een industrie pentru dezactivarea cookie-urilor f\u0103r\u0103 a dezactiva complet func\u021bionalitatea \u0219i caracteristicile pe care le adaug\u0103 acestui site. Este recomandat s\u0103 l\u0103sa\u021bi toate cookie-urile dac\u0103 nu sunte\u021bi sigur dac\u0103 ave\u021bi sau nu nevoie de ele \u00een cazul \u00een care sunt folosite pentru a furniza un serviciu pe care \u00eel utiliza\u021bi.<\/p>\n<h3>Dezactiva\u021bi cookie-urile<\/h3>\n<p>Pute\u021bi \u00eempiedica setarea cookie-urilor ajust\u00e2nd set\u0103rile browserului dvs. (consulta\u021bi Ajutorul browserului pentru cum s\u0103 face\u021bi acest lucru). V\u0103 rug\u0103m s\u0103 re\u021bine\u021bi c\u0103 dezactivarea cookie-urilor va afecta func\u021bionalitatea acestui site \u0219i a multor alte site-uri web pe care le vizita\u021bi. Dezactivarea cookie-urilor va duce, \u00een general, la dezactivarea anumitor func\u021bionalit\u0103\u021bi \u0219i caracteristici ale acestui site web. Prin urmare, este recomandat s\u0103 nu dezactiva\u021bi cookie-urile.<\/p>\n<h3>Cookie-uri pe care le set\u0103m<\/h3>\n<ul>\n<li>Cookie-uri legate de cont Dac\u0103 crea\u021bi un cont la noi, vom folosi module cookie pentru a gestiona procesul de \u00eenregistrare \u0219i administrarea general\u0103. Aceste cookie-uri vor fi de obicei \u0219terse atunci c\u00e2nd v\u0103 deconecta\u021bi, totu\u0219i, \u00een unele cazuri, ele pot r\u0103m\u00e2ne ulterior pentru a v\u0103 aminti preferin\u021bele de site c\u00e2nd v\u0103 deconecta\u021bi.<\/li>\n<li>Cookie-uri legate de conectare Folosim module cookie atunci c\u00e2nd sunte\u021bi autentificat, astfel \u00eenc\u00e2t s\u0103 ne putem aminti aceast\u0103 ac\u021biune. Acest lucru v\u0103 scute\u0219te de a fi nevoie s\u0103 v\u0103 conecta\u021bi de fiecare dat\u0103 c\u00e2nd vizita\u021bi o pagin\u0103 nou\u0103. Aceste cookie-uri sunt \u00een mod normal eliminate sau \u0219terse atunci c\u00e2nd v\u0103 deconecta\u021bi pentru a v\u0103 asigura c\u0103 pute\u021bi accesa func\u021bii \u0219i zone restric\u021bionate numai atunci c\u00e2nd sunte\u021bi autentificat.<\/li>\n<li>Cookie-uri legate de buletine informative prin e-mailAcest site web ofer\u0103 servicii de abonare la newsletter sau e-mail, iar cookie-urile pot fi folosite pentru a re\u021bine dac\u0103 sunte\u021bi deja \u00eenregistrat \u0219i dac\u0103 s\u0103 afi\u0219a\u021bi anumite notific\u0103ri valabile doar pentru utilizatorii abona\u021bi\/dezabona\u021bi.<\/li>\n<li>Cookie-uri legate de procesarea comenzilorAcest site ofer\u0103 facilit\u0103\u021bi de comer\u021b electronic sau de plat\u0103, iar unele module cookie sunt esen\u021biale pentru a ne asigura c\u0103 comanda dumneavoastr\u0103 este re\u021binut\u0103 \u00eentre pagini, astfel \u00eenc\u00e2t s\u0103 o putem procesa corect.<\/li>\n<li>Cookie-uri legate de sondaje Oferim periodic sondaje \u0219i chestionare pentru a oferi informa\u021bii interesante, instrumente utile sau pentru a \u00een\u021belege mai exact baza noastr\u0103 de utilizatori. Aceste sondaje pot folosi cookie-uri pentru a re\u021bine cine a participat deja la un sondaj sau pentru a oferi rezultate exacte dup\u0103 ce schimba\u021bi paginile.<\/li>\n<li>Cookie-uri legate de formulare C\u00e2nd trimite\u021bi date printr-un formular, cum ar fi cele g\u0103site pe paginile de contact sau formularele de comentarii, cookie-urile pot fi setate pentru a re\u021bine detaliile utilizatorului pentru coresponden\u021ba viitoare.<\/li>\n<li>Cookie-uri pentru preferin\u021bele site-ului Pentru a v\u0103 oferi o experien\u021b\u0103 excelent\u0103 pe acest site, v\u0103 oferim func\u021bionalitatea de a v\u0103 seta preferin\u021bele pentru modul \u00een care func\u021bioneaz\u0103 acest site atunci c\u00e2nd \u00eel utiliza\u021bi. Pentru a v\u0103 aminti preferin\u021bele, trebuie s\u0103 set\u0103m module cookie astfel \u00eenc\u00e2t aceste informa\u021bii s\u0103 poat\u0103 fi apelate ori de c\u00e2te ori interac\u021biona\u021bi cu o pagin\u0103 care este afectat\u0103 de preferin\u021bele dumneavoastr\u0103.<\/li>\n<\/ul>\n<h3>Publicitate personalizata<\/h3>\n<p>Utilizatorii pot renun\u021ba la publicitatea personalizat\u0103 vizit\u00e2nd site-ul <a href=\"https:\/\/adssettings.google.com\/authenticated\">Set\u0103ri pentru anun\u021buri<\/a>. Alternativ, pute\u021bi direc\u021biona utilizatorilor s\u0103 acceseze site-ul <a href=\"http:\/\/www.aboutads.info\">www.aboutads.info<\/a> pentru a dezactiva utilizarea cookie-urilor de publicitate personalizate de la ter\u021bi.<\/p>\n<h3>Cookie-uri ale ter\u021bilor<\/h3>\n<p>\u00cen unele cazuri speciale, folosim \u0219i cookie-uri furnizate de ter\u021bi de \u00eencredere. Urm\u0103toarea sec\u021biune detaliaz\u0103 ce cookie-uri ter\u021b\u0103 parte le pute\u021bi \u00eent\u00e2lni prin intermediul acestui site web.<\/p>\n<ul>\n<li>Acest site folose\u0219te Google Analytics, care este una dintre cele mai r\u0103sp\u00e2ndite \u0219i de \u00eencredere solu\u021bii de analiz\u0103 de pe web pentru a ne ajuta s\u0103 \u00een\u021belegem cum utiliza\u021bi site-ul \u0219i modalit\u0103\u021bile \u00een care v\u0103 putem \u00eembun\u0103t\u0103\u021bi experien\u021ba. Aceste cookie-uri pot urm\u0103ri lucruri precum c\u00e2t timp petrece\u021bi pe site \u0219i paginile pe care le vizita\u021bi, astfel \u00eenc\u00e2t s\u0103 putem continua s\u0103 producem con\u021binut captivant.<\/li>\n<\/ul>\n<p>Pentru mai multe informa\u021bii despre cookie-urile Google Analytics, consulta\u021bi pagina oficial\u0103 Google Analytics.<\/p>\n<ul>\n<li>Analizele ter\u021belor p\u0103r\u021bi sunt folosite pentru a urm\u0103ri \u0219i m\u0103sura utilizarea acestui site, astfel \u00eenc\u00e2t s\u0103 putem continua s\u0103 producem con\u021binut captivant. Aceste cookie-uri pot urm\u0103ri lucruri precum timpul petrecut pe site sau paginile pe care le vizita\u021bi, ceea ce ne ajut\u0103 s\u0103 \u00een\u021belegem cum putem \u00eembun\u0103t\u0103\u021bi site-ul pentru dvs.<\/li>\n<li>Periodic, test\u0103m noi func\u021bii \u0219i facem modific\u0103ri subtile modului \u00een care apare site-ul. C\u00e2nd \u00eenc\u0103 test\u0103m func\u021bii noi, aceste cookie-uri pot fi folosite pentru a ne asigura c\u0103 primi\u021bi o experien\u021b\u0103 consecvent\u0103 \u00een timp ce v\u0103 afla\u021bi pe site, \u00een timp ce \u00een\u021belegem ce optimiz\u0103ri apreciaz\u0103 cel mai mult utilizatorii no\u0219tri.<\/li>\n<li>Pe m\u0103sur\u0103 ce vindem produse, este important s\u0103 \u00een\u021belegem statisticile despre c\u00e2\u021bi vizitatori ai site-ului nostru web cump\u0103r\u0103 efectiv \u0219i, prin urmare, acesta este tipul de date pe care aceste cookie-uri le vor urm\u0103ri. Acest lucru este important pentru dvs., deoarece \u00eenseamn\u0103 c\u0103 putem face previziuni de afaceri cu precizie care ne permit s\u0103 analiz\u0103m costurile de publicitate \u0219i de produse pentru a asigura cel mai bun pre\u021b posibil.<\/li>\n<li>Serviciul Google AdSense pe care \u00eel folosim pentru a difuza publicitate folose\u0219te un cookie DoubleClick pentru a difuza anun\u021buri mai relevante pe web \u0219i pentru a limita num\u0103rul de afi\u0219\u0103ri ale unui anume anun\u021b.<br \/>\nPentru mai multe informa\u021bii despre Google AdSense, consulta\u021bi \u00eentreb\u0103rile frecvente oficiale Google AdSense privind confiden\u021bialitatea.<\/li>\n<li>Folosim reclame pentru a compensa costurile de func\u021bionare a acestui site \u0219i pentru a oferi finan\u021bare pentru dezvoltarea viitoare. Cookie-urile de publicitate comportamental\u0103 utilizate de acest site sunt concepute pentru a se asigura c\u0103 v\u0103 oferim cele mai relevante reclame acolo unde este posibil, urm\u0103rindu-v\u0103 \u00een mod anonim interesele \u0219i prezent\u00e2nd lucruri similare care v-ar putea interesa.<\/li>\n<li>Mai mul\u021bi parteneri fac publicitate \u00een numele nostru \u0219i cookie-urile de urm\u0103rire a afilia\u021bilor ne permit pur \u0219i simplu s\u0103 vedem dac\u0103 clien\u021bii no\u0219tri au accesat site-ul prin intermediul unuia dintre site-urile partenerilor no\u0219tri, astfel \u00eenc\u00e2t s\u0103 le putem credita \u00een mod corespunz\u0103tor \u0219i, dac\u0103 este cazul, s\u0103 le permitem partenerilor no\u0219tri afilia\u021bi s\u0103 ofere orice promo\u021bie care v\u0103 poate oferi s\u0103 face\u021bi o achizi\u021bie.<\/li>\n<\/ul>\n<h3>Angajamentul utilizatorului<\/h3>\n<p>Utilizatorul se obliga sa foloseasca in mod corespunzator continutul si informatiile pe care Planeta Info le ofera pe site si cu caracter enunciativ dar nelimitator:<\/p>\n<ul>\n<li>A) s\u0103 nu se angajeze \u00een activit\u0103\u021bi ilegale sau contrare bunei-credin\u021be \u0219i ordinii publice;<\/li>\n<li>B) s\u0103 nu difuzeze propagand\u0103 sau con\u021binut de natur\u0103 rasist\u0103, xenofob\u0103 sau rea, orice tip de pornografie ilegal\u0103, \u00een sprijinul terorismului sau \u00eempotriva drepturilor omului;<\/li>\n<li>C) Nu provoca\u021bi daune sistemelor fizice (hardware) \u0219i logice (software) ale Planeta Info, furnizorilor s\u0103i sau ter\u021bilor, pentru a introduce sau r\u0103sp\u00e2ndi viru\u0219i informatici sau orice alte sisteme hardware sau software care sunt capabile s\u0103 provoace daunele men\u021bionate mai sus.<\/li>\n<\/ul>\n<h3>Mai multe informatii<\/h3>\n<p>Sper\u0103m c\u0103 este clar \u0219i, a\u0219a cum am men\u021bionat anterior, dac\u0103 exist\u0103 ceva de care nu e\u0219ti sigur dac\u0103 ave\u021bi nevoie sau nu, este de obicei mai sigur s\u0103 l\u0103sa\u021bi cookie-urile activate \u00een cazul \u00een care interac\u021bioneaz\u0103 cu una dintre func\u021biile pe care le utiliza\u021bi pe site-ul nostru.<\/p>\n<p>Aceast\u0103 politic\u0103 este \u00een vigoare de la <strong>ianuarie<\/strong>\/<strong>2022<\/strong>.<\/p>","protected":false},"excerpt":{"rendered":"<p>A sua privacidade \u00e9 importante para n\u00f3s. \u00c9 pol\u00edtica do Planeta Info respeitar a sua privacidade em rela\u00e7\u00e3o a qualquer informa\u00e7\u00e3o sua que possamos coletar no site Planeta Info, e outros sites que possu\u00edmos e operamos. Solicitamos informa\u00e7\u00f5es pessoais apenas quando realmente precisamos delas para lhe fornecer um servi\u00e7o. Fazemo-lo por meios justos e legais, [&hellip;]<\/p>\n","protected":false},"author":3,"featured_media":0,"parent":0,"menu_order":0,"comment_status":"closed","ping_status":"closed","template":"","meta":{"footnotes":""},"class_list":["post-7529","page","type-page","status-publish"],"_links":{"self":[{"href":"https:\/\/planeta-info.com\/ro\/wp-json\/wp\/v2\/pages\/7529","targetHints":{"allow":["GET"]}}],"collection":[{"href":"https:\/\/planeta-info.com\/ro\/wp-json\/wp\/v2\/pages"}],"about":[{"href":"https:\/\/planeta-info.com\/ro\/wp-json\/wp\/v2\/types\/page"}],"author":[{"embeddable":true,"href":"https:\/\/planeta-info.com\/ro\/wp-json\/wp\/v2\/users\/3"}],"replies":[{"embeddable":true,"href":"https:\/\/planeta-info.com\/ro\/wp-json\/wp\/v2\/comments?post=7529"}],"version-history":[{"count":1,"href":"https:\/\/planeta-info.com\/ro\/wp-json\/wp\/v2\/pages\/7529\/revisions"}],"predecessor-version":[{"id":7530,"href":"https:\/\/planeta-info.com\/ro\/wp-json\/wp\/v2\/pages\/7529\/revisions\/7530"}],"wp:attachment":[{"href":"https:\/\/planeta-info.com\/ro\/wp-json\/wp\/v2\/media?parent=7529"}],"curies":[{"name":"wp","href":"https:\/\/api.w.org\/{rel}","templated":true}]}}