{"id":331,"date":"2021-01-15T11:45:26","date_gmt":"2021-01-15T11:45:26","guid":{"rendered":"https:\/\/smartmag.theme-sphere.com\/tech-drop\/typography-post-elements\/"},"modified":"2021-01-15T11:45:26","modified_gmt":"2021-01-15T11:45:26","slug":"elemente-de-post-de-tipografie","status":"publish","type":"page","link":"https:\/\/planeta-info.com\/ro\/typography-post-elements\/","title":{"rendered":"Elemente de tipografie"},"content":{"rendered":"<p>Aceast\u0103 pagin\u0103 prezint\u0103 elemente legate de tipografie \u0219i text ale post\u0103rilor \u0219i paginilor din editorul WordPress implicit. Pute\u021bi vedea alte elemente \u00een <a href=\"https:\/\/smartmag.theme-sphere.com\/tech-drop\/welcome-to-the-future-of-wordpress-with-gutenberg\/\" data-type=\"post\" data-id=\"338\"><strong>Stiluri Gutenberg<\/strong><\/a> post.<\/p>\n\n\n\n<p>Cabina foto exerci\u021biu stumptown tote bag Banksy, elit lot mic freegan sed. Bere artizanal\u0103 elit seitan <a href=\"#\">exerci\u021biu<\/a>, cabin\u0103 foto \u0219i chipsuri de kale pe 8 bi\u021bi proident chillwave deep v laborum.<\/p>\n\n\n\n<hr class=\"wp-block-separator has-css-opacity is-style-wide\"\/>\n\n\n\n<p><strong>1. Cota implicit\u0103<\/strong><\/p>\n\n\n\n<figure class=\"wp-block-pullquote\"><blockquote><p>Doar un sfert dintre tinerii adul\u021bi au cuno\u0219tin\u021be financiare. Nu vrei s\u0103-i cople\u0219e\u0219ti cu sfaturi groaznice.<\/p><cite>James Matthews<\/cite><\/blockquote><\/figure>\n\n\n\n<p>Stilul normal de citate este disponibil numai cu Editorul Gutenberg.<\/p>\n\n\n\n<p><strong>2. Citate moderne<\/strong><\/p>\n\n\n\n<p>Citatul modern este disponibil at\u00e2t \u00een editorul clasic, c\u00e2t \u0219i \u00een editorul Gutenberg. \u00cen editorul Gutenberg, este disponibil ca variant\u0103 de stil mare, \u00een timp ce \u00een editorul clasic, este disponibil sub Mai multe stiluri ca citat modern.<\/p>\n\n\n\n<figure class=\"wp-block-pullquote is-style-modern\"><blockquote><p>Oamenii cred c\u0103 concentrarea \u00eenseamn\u0103 s\u0103 spui da la lucrul pe care trebuie s\u0103 te concentrezi. Dar nu asta \u00eenseamn\u0103 deloc. \u00censeamn\u0103 s\u0103 spui nu celor sute de alte idei bune care exist\u0103. Trebuie s\u0103 alegi cu grij\u0103.<\/p><cite>Shane Doe<\/cite><\/blockquote><\/figure>\n\n\n\n<p><strong>3. Citatele colorate<\/strong><\/p>\n\n\n\n<p>Pute\u021bi utiliza oricare dintre op\u021biunile de culoare at\u00e2t pentru culoarea de fundal, c\u00e2t \u0219i pentru culoarea textului cu aceast\u0103 op\u021biune \u00een Gutenberg.<\/p>\n\n\n\n<figure class=\"wp-block-pullquote is-style-solid-bg has-black-color has-pale-cyan-blue-background-color has-text-color has-background\"><blockquote><p>Doar un sfert dintre tinerii adul\u021bi au cuno\u0219tin\u021be financiare. Nu vrei s\u0103-i cople\u0219e\u0219ti cu sfaturi groaznice.<\/p><cite><mark style=\"background-color:rgba(0, 0, 0, 0)\" class=\"has-inline-color has-black-color\">Shane Doe<\/mark><\/cite><\/blockquote><\/figure>\n\n\n\n<p><strong>4. Blockquote Implicit<\/strong><\/p>\n\n\n\n<blockquote class=\"wp-block-quote is-layout-flow wp-block-quote-is-layout-flow\"><p>Oamenii cred c\u0103 concentrarea \u00eenseamn\u0103 s\u0103 spui da la lucrul pe care trebuie s\u0103 te concentrezi. Dar nu asta \u00eenseamn\u0103 deloc. \u00censeamn\u0103 s\u0103 spui nu celor sute de alte idei bune care exist\u0103. Trebuie s\u0103 alegi cu grij\u0103.<\/p><cite>Shane Doe<\/cite><\/blockquote>\n\n\n\n<p><strong>5. Citate mare<\/strong><\/p>\n\n\n\n<blockquote class=\"wp-block-quote is-style-large is-layout-flow wp-block-quote-is-layout-flow\"><p>Oamenii cred c\u0103 concentrarea \u00eenseamn\u0103 s\u0103 spui da la lucrul pe care trebuie s\u0103 te concentrezi. Dar nu asta \u00eenseamn\u0103 deloc. <\/p><\/blockquote>\n\n\n\n<p>Tonx cray commodo, exerci\u021biu, probabil c\u0103 nu ai auzit de ei credin\u021b\u0103 de barb\u0103. Selfie iPhone Kickstarter, b\u0103utur\u0103 o\u021bet pantaloni scur\u021bi fixie consequat.<\/p>\n\n\n\n<hr class=\"wp-block-separator has-css-opacity is-style-dots\"\/>\n\n\n\n<figure class=\"wp-block-pullquote alignright\"><blockquote><p>Iat\u0103 un citat aliniat la dreapta pentru a ar\u0103ta ceva din articol.<\/p><cite>Shane Doe<\/cite><\/blockquote><\/figure>\n\n\n\n<p><strong>Citate aliniat\u0103 la dreapta<\/strong>. Doctor spectrum kilowog lieberman flash gordon wasp the rose guy gardner deadpool spawn master chief guardian, magog ant-man.\u201d Metamorpho trey langstrom gardian ro\u0219u, \u201ehellcat, jane foster betty brant stacy x hellcat emma frost iner\u021bie broasca quasar?\u201d Deadpool, \u201ecruciat fantezist \u0219i crimson, carnage regina alb\u0103 hyperion\u201d. <\/p>\n\n\n\n<p>Arcanna c\u0103pitan italia lucru phoenix jennifer kale robbie burchill, \u201eicrele trandafirilor, unicorn elektra\u201d.<\/p>\n\n\n\n<h2 class=\"wp-block-heading\">Liste normale<\/h2>\n\n\n\n<p>Cabina foto exerci\u021biu stumptown tote bag Banksy, elit lot mic freegan sed. Bere artizanal\u0103 elit seitan&nbsp;<a href=\"#\">exerci\u021biu<\/a>, cabin\u0103 foto \u0219i chipsuri de kale pe 8 bi\u021bi proident chillwave deep v laborum.<\/p>\n\n\n\n<ul class=\"wp-block-list\"><li>Aliquam erat volutpat<\/li><li>Geant\u0103 tote pentru cabin\u0103 foto pentru exerci\u021bii Stumptown Banksy<\/li><li>Cafeaua de origine unic\u0103 Tempor dui<\/li><li>Magnis dis parturient montes<\/li><\/ul>\n\n\n\n<h2 class=\"wp-block-heading\">Liste numerotate<\/h2>\n\n\n\n<p>Plaid stumptown la comand\u0103, mini-barb\u0103 biodiesel High Life incidente retro sustenabil anii 90 Echo Park Tumblr. Cabin\u0103 foto \u0219i chipsuri de kale de 8 bi\u021bi proident chillwave deep v laborum.<\/p>\n\n\n\n<ol class=\"wp-block-list\"><li>Aliquam erat volutpat<\/li><li>Geant\u0103 tote pentru cabin\u0103 foto pentru exerci\u021bii Stumptown Banksy<\/li><li>Cafeaua de origine unic\u0103 Tempor dui<\/li><li>Magnis dis parturient montes<\/li><\/ol>\n\n\n\n<h1 class=\"wp-block-heading\">Titlul 1<\/h1>\n\n\n\n<p>Meh synth Schlitz, tempor dou\u0103 cafea de origine \u0219i o rucsac de tip fingerstache etnic de nivel urm\u0103tor nostrud.<\/p>\n\n\n\n<h2 class=\"wp-block-heading\">Titlul 2<\/h2>\n\n\n\n<p>Sed ut perspiciatis unde omnis iste natus error sit voluptatem accusantium doloremque laudantium, totam rem aperiam, eaque ipsa.<\/p>\n\n\n\n<h3 class=\"wp-block-heading\">Titlul 3<\/h3>\n\n\n\n<p>Sed ut perspiciatis unde omnis iste natus error sit voluptatem accusantium doloremque laudantium, totam rem aperiam, eaque ipsa.<\/p>\n\n\n\n<h4 class=\"wp-block-heading\">Titlul 4<\/h4>\n\n\n\n<p>Cabina foto exerci\u021biu stumptown tote bag Banksy, elit lot mic freegan sed.<\/p>\n\n\n\n<h5 class=\"wp-block-heading\">Titlul 5<\/h5>\n\n\n\n<p>Cabina foto anim 8-bit hella, PBR 3 lupo lun\u0103 barba Helvetica.<\/p>\n\n\n\n<h6 class=\"wp-block-heading\">Titlul 6<\/h6>\n\n\n\n<p>Meh synth Schlitz, tempor dou\u0103 cafea de origine \u0219i o rucsac de tip fingerstache etnic de nivel urm\u0103tor nostrud.<\/p>\n\n\n\n<h3 class=\"wp-block-heading\">Stiluri de baz\u0103 comune<\/h3>\n\n\n\n<p>Fotografie de exerci\u021biu&nbsp;<strong>text \u00eengro\u0219at<\/strong>&nbsp;geant\u0103 de tote&nbsp;<em>cursivele<\/em>, elit mic colorat sed.&nbsp;<a href=\"#\">Link-ul aici<\/a>&nbsp;elit seitan&nbsp;<a href=\"#\">exerci\u021biu<\/a>, foto&nbsp;<del>barat<\/del>&nbsp;et cod inline de kale pe 8 bi\u021bi:&nbsp;<code>strip_tags()<\/code>&nbsp;si mergi mai departe.<\/p>\n\n\n\n<pre class=\"wp-block-preformatted\">function code_sample($text) { $text = compute_sample($text); returneaz\u0103 $text; }<\/pre>\n\n\n\n<p class=\"has-drop-cap\">Exemplu de drop cap aici. vr\u0103jitoare stacojie fenris colos lockjaw wolverine abomina\u021bie noile santinele necinsti\u021bi, fat\u0103 minune dreadknight \u021bip\u0103 ahab. Darkman shadow king ghost rider \u0219oim neuropat montana form\u0103 baron zemo?<\/p>\n\n\n\n<p>C\u0103uta\u021bi mai multe stiluri \u0219i elemente? Vedea <a href=\"https:\/\/smartmag.theme-sphere.com\/tech-drop\/welcome-to-the-future-of-wordpress-with-gutenberg\/\"><strong>Stiluri Gutenberg<\/strong><\/a> post.<\/p>","protected":false},"excerpt":{"rendered":"<p>This page shows typography and text related elements of the posts and pages in the default WordPress editor. You can see other elements in the Gutenberg Styles post. Exercitation photo booth stumptown tote bag Banksy, elit small batch freegan sed. Craft beer elit seitan exercitation, photo booth et 8-bit kale chips proident chillwave deep v [&hellip;]<\/p>\n","protected":false},"author":3,"featured_media":0,"parent":0,"menu_order":0,"comment_status":"closed","ping_status":"closed","template":"","meta":{"footnotes":""},"class_list":["post-331","page","type-page","status-publish"],"_links":{"self":[{"href":"https:\/\/planeta-info.com\/ro\/wp-json\/wp\/v2\/pages\/331","targetHints":{"allow":["GET"]}}],"collection":[{"href":"https:\/\/planeta-info.com\/ro\/wp-json\/wp\/v2\/pages"}],"about":[{"href":"https:\/\/planeta-info.com\/ro\/wp-json\/wp\/v2\/types\/page"}],"author":[{"embeddable":true,"href":"https:\/\/planeta-info.com\/ro\/wp-json\/wp\/v2\/users\/3"}],"replies":[{"embeddable":true,"href":"https:\/\/planeta-info.com\/ro\/wp-json\/wp\/v2\/comments?post=331"}],"version-history":[{"count":0,"href":"https:\/\/planeta-info.com\/ro\/wp-json\/wp\/v2\/pages\/331\/revisions"}],"wp:attachment":[{"href":"https:\/\/planeta-info.com\/ro\/wp-json\/wp\/v2\/media?parent=331"}],"curies":[{"name":"wp","href":"https:\/\/api.w.org\/{rel}","templated":true}]}}