{"id":331,"date":"2021-01-15T11:45:26","date_gmt":"2021-01-15T11:45:26","guid":{"rendered":"https:\/\/smartmag.theme-sphere.com\/tech-drop\/typography-post-elements\/"},"modified":"2021-01-15T11:45:26","modified_gmt":"2021-01-15T11:45:26","slug":"elementy-postu-typograficznego","status":"publish","type":"page","link":"https:\/\/planeta-info.com\/pl\/typography-post-elements\/","title":{"rendered":"Elementy typografii"},"content":{"rendered":"<p>Ta strona pokazuje typografi\u0119 i elementy zwi\u0105zane z tekstem post\u00f3w i stron w domy\u015blnym edytorze WordPress. Mo\u017cesz zobaczy\u0107 inne elementy w <a href=\"https:\/\/smartmag.theme-sphere.com\/tech-drop\/welcome-to-the-future-of-wordpress-with-gutenberg\/\" data-type=\"post\" data-id=\"338\"><strong>Style Gutenberga<\/strong><\/a> post.<\/p>\n\n\n\n<p>Torba na zakupy z fotobudki Stumptown Banksy, elitarna ma\u0142a partia freegan sed. Piwo rzemie\u015blnicze elitarne seitan <a href=\"#\">\u0107wiczenia<\/a>, fotobudka i 8-bitowe chipsy z jarmu\u017cu zapewniaj\u0105 chillwave deep v laborum.<\/p>\n\n\n\n<hr class=\"wp-block-separator has-css-opacity is-style-wide\"\/>\n\n\n\n<p><strong>1. Domy\u015blny cytat<\/strong><\/p>\n\n\n\n<figure class=\"wp-block-pullquote\"><blockquote><p>Tylko jedna czwarta m\u0142odych doros\u0142ych ma wiedz\u0119 z zakresu finans\u00f3w. Nie chcesz ich przyt\u0142acza\u0107 strasznymi radami.<\/p><cite>Jamesa Matthewsa<\/cite><\/blockquote><\/figure>\n\n\n\n<p>Normalny styl cytatu jest dost\u0119pny tylko w Edytorze Gutenberga.<\/p>\n\n\n\n<p><strong>2. Cytaty nowoczesne<\/strong><\/p>\n\n\n\n<p>Nowoczesny cytat jest dost\u0119pny zar\u00f3wno w edytorze klasycznym, jak i Gutenberg. W edytorze Gutenberga jest dost\u0119pny jako wariant du\u017cego stylu, natomiast w edytorze klasycznym jest dost\u0119pny w obszarze Wi\u0119cej styl\u00f3w jako nowoczesny cytat.<\/p>\n\n\n\n<figure class=\"wp-block-pullquote is-style-modern\"><blockquote><p>Ludzie my\u015bl\u0105, \u017ce skupienie oznacza powiedzenie \u201etak\u201d temu, na czym musisz si\u0119 skupi\u0107. Ale wcale nie o to tu chodzi. Oznacza to odrzucenie stu innych dobrych pomys\u0142\u00f3w, jakie istniej\u0105. Musisz wybiera\u0107 ostro\u017cnie.<\/p><cite>Shane Doe<\/cite><\/blockquote><\/figure>\n\n\n\n<p><strong>3. Kolorowe cytaty<\/strong><\/p>\n\n\n\n<p>Dzi\u0119ki tej opcji w Gutenbergu mo\u017cesz u\u017cy\u0107 dowolnej opcji koloru zar\u00f3wno w kolorze t\u0142a, jak i tekstu.<\/p>\n\n\n\n<figure class=\"wp-block-pullquote is-style-solid-bg has-black-color has-pale-cyan-blue-background-color has-text-color has-background\"><blockquote><p>Tylko jedna czwarta m\u0142odych doros\u0142ych ma wiedz\u0119 z zakresu finans\u00f3w. Nie chcesz ich przyt\u0142acza\u0107 strasznymi radami.<\/p><cite><mark style=\"background-color:rgba(0, 0, 0, 0)\" class=\"has-inline-color has-black-color\">Shane Doe<\/mark><\/cite><\/blockquote><\/figure>\n\n\n\n<p><strong>4. Domy\u015blny cytat blokowy<\/strong><\/p>\n\n\n\n<blockquote class=\"wp-block-quote is-layout-flow wp-block-quote-is-layout-flow\"><p>Ludzie my\u015bl\u0105, \u017ce skupienie oznacza powiedzenie \u201etak\u201d temu, na czym musisz si\u0119 skupi\u0107. Ale wcale nie o to tu chodzi. Oznacza to odrzucenie stu innych dobrych pomys\u0142\u00f3w, jakie istniej\u0105. Musisz wybiera\u0107 ostro\u017cnie.<\/p><cite>Shane Doe<\/cite><\/blockquote>\n\n\n\n<p><strong>5. Du\u017cy cytat blokowy<\/strong><\/p>\n\n\n\n<blockquote class=\"wp-block-quote is-style-large is-layout-flow wp-block-quote-is-layout-flow\"><p>Ludzie my\u015bl\u0105, \u017ce skupienie oznacza powiedzenie \u201etak\u201d temu, na czym musisz si\u0119 skupi\u0107. Ale wcale nie o to tu chodzi. <\/p><\/blockquote>\n\n\n\n<p>Tonx Cray Commodo, \u0107wiczenia, o kt\u00f3rych prawdopodobnie nie s\u0142ysza\u0142e\u015b. Selfies iPhone Kickstarter, picie octu w d\u017cinsowych spodenkach, fixie consequat.<\/p>\n\n\n\n<hr class=\"wp-block-separator has-css-opacity is-style-dots\"\/>\n\n\n\n<figure class=\"wp-block-pullquote alignright\"><blockquote><p>Oto cytat z prawej strony, kt\u00f3ry pokazuje fragment artyku\u0142u.<\/p><cite>Shane Doe<\/cite><\/blockquote><\/figure>\n\n\n\n<p><strong>Cytat wyci\u0105gni\u0119ty w prawo<\/strong>. Doktor Spectrum Kilowog Lieberman Flash Gordon Osa Facet z R\u00f3\u017cy Gardner Deadpool Mistrz Spawnu G\u0142\u00f3wny Stra\u017cnik, Magog Ant-Man. Metamorpho Trey Langstrom Red Guardian, \u201eHellcat, Jane Foster Betty Brant Stacy x Hellcat Emma Frost Inertia Toad Quasar?\u201d Deadpool, \u201ewymy\u015blny karmazynowy krzy\u017cowiec Dan, bia\u0142a kr\u00f3lowa rzezi Hyperion\u201d. <\/p>\n\n\n\n<p>Arcanna kapitan w\u0142ochy rzecz feniks jennifer jarmu\u017c robbie burchill, \u201espawn r\u00f3\u017cy, jednoro\u017cec elektra\u201d.<\/p>\n\n\n\n<h2 class=\"wp-block-heading\">Normalne listy<\/h2>\n\n\n\n<p>Torba na zakupy z fotobudki Stumptown Banksy, elitarna ma\u0142a partia freegan sed. Piwo rzemie\u015blnicze elitarne seitan&nbsp;<a href=\"#\">\u0107wiczenia<\/a>, fotobudka i 8-bitowe chipsy z jarmu\u017cu zapewniaj\u0105 chillwave deep v laborum.<\/p>\n\n\n\n<ul class=\"wp-block-list\"><li>Aliquam Erat Volutpat<\/li><li>Torba na rami\u0119 Banksy do fotobudki do \u0107wicze\u0144 Stumptown<\/li><li>Kawa Tempor Duis jednego pochodzenia<\/li><li>Magnis dis parturient montes<\/li><\/ul>\n\n\n\n<h2 class=\"wp-block-heading\">Listy numerowane<\/h2>\n\n\n\n<p>Plaid Stumptown na zam\u00f3wienie, mini broda z biodiesla. Wysoka cz\u0119stotliwo\u015b\u0107 wyst\u0119powania w stylu retro, zr\u00f3wnowa\u017cony, lata 90. Echo Park Tumblr. Fotobudka i 8-bitowe chipsy z jarmu\u017cu zapewniaj\u0105 chillwave deep v laborum.<\/p>\n\n\n\n<ol class=\"wp-block-list\"><li>Aliquam Erat Volutpat<\/li><li>Torba na rami\u0119 Banksy do fotobudki do \u0107wicze\u0144 Stumptown<\/li><li>Kawa Tempor Duis jednego pochodzenia<\/li><li>Magnis dis parturient montes<\/li><\/ol>\n\n\n\n<h1 class=\"wp-block-heading\">Nag\u0142\u00f3wek 1<\/h1>\n\n\n\n<p>Meh synth Schlitz, tempor, dwie kawy jednego pochodzenia i etniczna saszetka na nerk\u0119 na wy\u017cszym poziomie.<\/p>\n\n\n\n<h2 class=\"wp-block-heading\">Nag\u0142\u00f3wek 2<\/h2>\n\n\n\n<p>Sed ut perspiciatis unde omnis iste natus error sit voluptatem accusantium doloremque laudantium, totam rem aperiam, eaque ipsa.<\/p>\n\n\n\n<h3 class=\"wp-block-heading\">Nag\u0142\u00f3wek 3<\/h3>\n\n\n\n<p>Sed ut perspiciatis unde omnis iste natus error sit voluptatem accusantium doloremque laudantium, totam rem aperiam, eaque ipsa.<\/p>\n\n\n\n<h4 class=\"wp-block-heading\">Nag\u0142\u00f3wek 4<\/h4>\n\n\n\n<p>Torba na zakupy z fotobudki Stumptown Banksy, elitarna ma\u0142a partia freegan sed.<\/p>\n\n\n\n<h5 class=\"wp-block-heading\">Nag\u0142\u00f3wek 5<\/h5>\n\n\n\n<p>Fotobudka anim 8-bitowa Hella, PBR 3 Wolf Moon Beard Helvetica.<\/p>\n\n\n\n<h6 class=\"wp-block-heading\">Nag\u0142\u00f3wek 6<\/h6>\n\n\n\n<p>Meh synth Schlitz, tempor, dwie kawy jednego pochodzenia i etniczna saszetka na nerk\u0119 na wy\u017cszym poziomie.<\/p>\n\n\n\n<h3 class=\"wp-block-heading\">Wsp\u00f3lne style podstawowe<\/h3>\n\n\n\n<p>Zdj\u0119cie \u0107wicze\u0144&nbsp;<strong>pogrubiony tekst<\/strong>&nbsp;torba na zakupy&nbsp;<em>kursywa<\/em>, elitarny ma\u0142y kolorowy sed.&nbsp;<a href=\"#\">Link tutaj<\/a>&nbsp;elitarny seitan&nbsp;<a href=\"#\">\u0107wiczenia<\/a>, zdj\u0119cie&nbsp;<del>przekre\u015blenie<\/del>&nbsp;i 8-bitowy kod wbudowany w jarmu\u017c:&nbsp;<code>strip_tags()<\/code>&nbsp;i ruszamy dalej.<\/p>\n\n\n\n<pre class=\"wp-block-preformatted\">funkcja code_sample($text) { $text = compute_sample($text); zwr\u00f3\u0107 tekst $; }<\/pre>\n\n\n\n<p class=\"has-drop-cap\">Przyk\u0142ad inicja\u0142\u00f3w tutaj. Szkar\u0142atna wied\u017ama Fenris kolos szcz\u0119ko\u015bcisk rosomak obrzydliwo\u015b\u0107 nowi stra\u017cnicy \u0142otrzykowie, cudowna dziewczyna dredrycerz wrzeszczy ahab. Darkman Shadow King Ghost Rider Falcon Neuropata Montana Kszta\u0142t Barona Zemo?<\/p>\n\n\n\n<p>Szukasz wi\u0119cej styl\u00f3w i element\u00f3w? Widzie\u0107 <a href=\"https:\/\/smartmag.theme-sphere.com\/tech-drop\/welcome-to-the-future-of-wordpress-with-gutenberg\/\"><strong>Style Gutenberga<\/strong><\/a> post.<\/p>","protected":false},"excerpt":{"rendered":"<p>This page shows typography and text related elements of the posts and pages in the default WordPress editor. You can see other elements in the Gutenberg Styles post. Exercitation photo booth stumptown tote bag Banksy, elit small batch freegan sed. Craft beer elit seitan exercitation, photo booth et 8-bit kale chips proident chillwave deep v [&hellip;]<\/p>\n","protected":false},"author":3,"featured_media":0,"parent":0,"menu_order":0,"comment_status":"closed","ping_status":"closed","template":"","meta":{"footnotes":""},"class_list":["post-331","page","type-page","status-publish"],"_links":{"self":[{"href":"https:\/\/planeta-info.com\/pl\/wp-json\/wp\/v2\/pages\/331","targetHints":{"allow":["GET"]}}],"collection":[{"href":"https:\/\/planeta-info.com\/pl\/wp-json\/wp\/v2\/pages"}],"about":[{"href":"https:\/\/planeta-info.com\/pl\/wp-json\/wp\/v2\/types\/page"}],"author":[{"embeddable":true,"href":"https:\/\/planeta-info.com\/pl\/wp-json\/wp\/v2\/users\/3"}],"replies":[{"embeddable":true,"href":"https:\/\/planeta-info.com\/pl\/wp-json\/wp\/v2\/comments?post=331"}],"version-history":[{"count":0,"href":"https:\/\/planeta-info.com\/pl\/wp-json\/wp\/v2\/pages\/331\/revisions"}],"wp:attachment":[{"href":"https:\/\/planeta-info.com\/pl\/wp-json\/wp\/v2\/media?parent=331"}],"curies":[{"name":"wp","href":"https:\/\/api.w.org\/{rel}","templated":true}]}}