{"id":331,"date":"2021-01-15T11:45:26","date_gmt":"2021-01-15T11:45:26","guid":{"rendered":"https:\/\/smartmag.theme-sphere.com\/tech-drop\/typography-post-elements\/"},"modified":"2021-01-15T11:45:26","modified_gmt":"2021-01-15T11:45:26","slug":"tipografijos-pasto-elementai","status":"publish","type":"page","link":"https:\/\/planeta-info.com\/lt\/typography-post-elements\/","title":{"rendered":"Tipografijos elementai"},"content":{"rendered":"<p>\u0160iame puslapyje rodomi numatytojo \u201eWordPress\u201c rengykl\u0117s \u012fra\u0161\u0173 ir puslapi\u0173 tipografija ir su tekstu susij\u0119 elementai. Kitus elementus galite pamatyti <a href=\"https:\/\/smartmag.theme-sphere.com\/tech-drop\/welcome-to-the-future-of-wordpress-with-gutenberg\/\" data-type=\"post\" data-id=\"338\"><strong>Gutenbergo stiliai<\/strong><\/a> pa\u0161tu.<\/p>\n\n\n\n<p>Mank\u0161tos nuotrauk\u0173 kabina stumptown krep\u0161ys Banksy, elit ma\u017eas partijos freegan sed. Craft beer elit seitan <a href=\"#\">pratimas<\/a>, Photo Booth ir 8 bit\u0173 kop\u016bst\u0173 tra\u0161ku\u010diai proident chillwave deep v laborum.<\/p>\n\n\n\n<hr class=\"wp-block-separator has-css-opacity is-style-wide\"\/>\n\n\n\n<p><strong>1. Numatytoji i\u0161traukimo citata<\/strong><\/p>\n\n\n\n<figure class=\"wp-block-pullquote\"><blockquote><p>Tik ketvirtadalis jaun\u0173 suaugusi\u0173j\u0173 yra finansi\u0161kai ra\u0161tingi. J\u016bs nenorite priblok\u0161ti j\u0173 baisiais patarimais.<\/p><cite>Jamesas Matthewsas<\/cite><\/blockquote><\/figure>\n\n\n\n<p>\u012eprastas citavimo stilius galimas tik naudojant Gutenbergo redaktori\u0173.<\/p>\n\n\n\n<p><strong>2. Pullquotes Modern<\/strong><\/p>\n\n\n\n<p>\u0160iuolaikin\u0119 citat\u0105 galima rasti ir klasikiniame, ir Gutenbergo redaktoriuje. Gutenbergo redaktoriuje jis pasiekiamas kaip didelio stiliaus variantas, o klasikiniame redaktoriuje jis pasiekiamas skiltyje Daugiau stili\u0173 kaip moderni citata.<\/p>\n\n\n\n<figure class=\"wp-block-pullquote is-style-modern\"><blockquote><p>\u017dmon\u0117s mano, kad sutelkti d\u0117mes\u012f rei\u0161kia pasakyti \u201etaip\u201c dalykui, \u012f kur\u012f turite sutelkti d\u0117mes\u012f. Bet tai visai ne tai rei\u0161kia. Tai rei\u0161kia pasakyti \u201ene\u201c \u0161imtui kit\u0173 ger\u0173 id\u0117j\u0173. J\u016bs turite atid\u017eiai pasirinkti.<\/p><cite>Shane Doe<\/cite><\/blockquote><\/figure>\n\n\n\n<p><strong>3. Pullquotes Spalvotas<\/strong><\/p>\n\n\n\n<p>Naudodami \u0161i\u0105 Gutenbergo parinkt\u012f galite naudoti bet kuri\u0105 i\u0161 fono ir teksto spalv\u0173 spalv\u0173 parink\u010di\u0173.<\/p>\n\n\n\n<figure class=\"wp-block-pullquote is-style-solid-bg has-black-color has-pale-cyan-blue-background-color has-text-color has-background\"><blockquote><p>Tik ketvirtadalis jaun\u0173 suaugusi\u0173j\u0173 yra finansi\u0161kai ra\u0161tingi. J\u016bs nenorite priblok\u0161ti j\u0173 baisiais patarimais.<\/p><cite><mark style=\"background-color:rgba(0, 0, 0, 0)\" class=\"has-inline-color has-black-color\">Shane Doe<\/mark><\/cite><\/blockquote><\/figure>\n\n\n\n<p><strong>4. Numatytoji bloko citata<\/strong><\/p>\n\n\n\n<blockquote class=\"wp-block-quote is-layout-flow wp-block-quote-is-layout-flow\"><p>\u017dmon\u0117s mano, kad sutelkti d\u0117mes\u012f rei\u0161kia pasakyti \u201etaip\u201c dalykui, \u012f kur\u012f turite sutelkti d\u0117mes\u012f. Bet tai visai ne tai rei\u0161kia. Tai rei\u0161kia pasakyti \u201ene\u201c \u0161imtui kit\u0173 ger\u0173 id\u0117j\u0173. J\u016bs turite atid\u017eiai pasirinkti.<\/p><cite>Shane Doe<\/cite><\/blockquote>\n\n\n\n<p><strong>5. Blockquote Large<\/strong><\/p>\n\n\n\n<blockquote class=\"wp-block-quote is-style-large is-layout-flow wp-block-quote-is-layout-flow\"><p>\u017dmon\u0117s mano, kad sutelkti d\u0117mes\u012f rei\u0161kia pasakyti \u201etaip\u201c dalykui, \u012f kur\u012f turite sutelkti d\u0117mes\u012f. Bet tai visai ne tai rei\u0161kia. <\/p><\/blockquote>\n\n\n\n<p>Tonx cray commodo, mank\u0161ta, kuri\u0105 tikriausiai nesate gird\u0117j\u0119, barzda. Asmenuk\u0117s iPhone Kickstarter, geriamieji acto d\u017einsiniai \u0161ortai fixie consequat.<\/p>\n\n\n\n<hr class=\"wp-block-separator has-css-opacity is-style-dots\"\/>\n\n\n\n<figure class=\"wp-block-pullquote alignright\"><blockquote><p>\u0160tai de\u0161in\u0117je i\u0161lygiuota citata, kad parodyt\u0173 k\u0105 nors i\u0161 straipsnio.<\/p><cite>Shane Doe<\/cite><\/blockquote><\/figure>\n\n\n\n<p><strong>I\u0161traukite kabut\u0119, sulygiuot\u0105 de\u0161in\u0117je<\/strong>. Gydytojo spektro kilowog lieberman blykst\u0117 gordon vapsva ro\u017e\u0117 vaikinas gardner deadpool spawn pagrindinis vyriausiasis glob\u0117jas, magog skruzd\u0117lynas. Metamorpho Trey Langstrom raudonasis glob\u0117jas, \u201ePragaro kat\u0117, Jane Foster Betty Brant Stacy x Hellcat Emma frost inertia rup\u016b\u017e\u0117 kvazaras? Deadpoolas, \u201ei\u0161galvotas ir tamsiai raudonas kry\u017eiuo\u010diai, skerdyni\u0173 baltoji karalien\u0117 Hiperion\u0117\u201c. <\/p>\n\n\n\n<p>Arcanna kapitonas ital\u0173 daiktas feniksas jennifer kop\u016bstas robbie Burchill, \u201ero\u017ei\u0173 ikrelis, vienaragio elektra\u201c.<\/p>\n\n\n\n<h2 class=\"wp-block-heading\">\u012eprasti s\u0105ra\u0161ai<\/h2>\n\n\n\n<p>Mank\u0161tos nuotrauk\u0173 kabina stumptown krep\u0161ys Banksy, elit ma\u017eas partijos freegan sed. Craft beer elit seitan&nbsp;<a href=\"#\">pratimas<\/a>, Photo Booth ir 8 bit\u0173 kop\u016bst\u0173 tra\u0161ku\u010diai proident chillwave deep v laborum.<\/p>\n\n\n\n<ul class=\"wp-block-list\"><li>Aliquam erat volutpat<\/li><li>Mank\u0161tos nuotrauk\u0173 kabinos stumptown krep\u0161ys Banksy<\/li><li>Tempor duis vienos kilm\u0117s kava<\/li><li>Magnis dis parturient montes<\/li><\/ul>\n\n\n\n<h2 class=\"wp-block-heading\">Sunumeruoti s\u0105ra\u0161ai<\/h2>\n\n\n\n<p>Pagal u\u017esakym\u0105 pagaminta languota stumptown, biodyzelino mini barzda High Life Incidence retro tvarus 90-\u0173j\u0173 Echo Park Tumblr. Nuotrauk\u0173 stendas ir 8 bit\u0173 kop\u016bst\u0173 tra\u0161ku\u010diai proident chillwave deep v laborum.<\/p>\n\n\n\n<ol class=\"wp-block-list\"><li>Aliquam erat volutpat<\/li><li>Mank\u0161tos nuotrauk\u0173 kabinos stumptown krep\u0161ys Banksy<\/li><li>Tempor duis vienos kilm\u0117s kava<\/li><li>Magnis dis parturient montes<\/li><\/ol>\n\n\n\n<h1 class=\"wp-block-heading\">1 antra\u0161t\u0117<\/h1>\n\n\n\n<p>Meh synth Schlitz, trumpalaik\u0117 dvi vienos kilm\u0117s kava ir naujo lygio etninis pir\u0161t\u0173 stache fanny pack nostrud.<\/p>\n\n\n\n<h2 class=\"wp-block-heading\">2 antra\u0161t\u0117<\/h2>\n\n\n\n<p>Sed ut perspiciatis unde omnis iste natus klaida sit voluptatem accusantium doloremque laudantium, totam rem aperiam, eaque ipsa.<\/p>\n\n\n\n<h3 class=\"wp-block-heading\">3 antra\u0161t\u0117<\/h3>\n\n\n\n<p>Sed ut perspiciatis unde omnis iste natus klaida sit voluptatem accusantium doloremque laudantium, totam rem aperiam, eaque ipsa.<\/p>\n\n\n\n<h4 class=\"wp-block-heading\">4 antra\u0161t\u0117<\/h4>\n\n\n\n<p>Mank\u0161tos nuotrauk\u0173 kabina stumptown krep\u0161ys Banksy, elit ma\u017eas partijos freegan sed.<\/p>\n\n\n\n<h5 class=\"wp-block-heading\">5 antra\u0161t\u0117<\/h5>\n\n\n\n<p>Foto kabina anim 8 bit\u0173 hella, PBR 3 vilko m\u0117nulio barzda Helvetica.<\/p>\n\n\n\n<h6 class=\"wp-block-heading\">6 antra\u0161t\u0117<\/h6>\n\n\n\n<p>Meh synth Schlitz, trumpalaik\u0117 dvi vienos kilm\u0117s kava ir naujo lygio etninis pir\u0161t\u0173 stache fanny pack nostrud.<\/p>\n\n\n\n<h3 class=\"wp-block-heading\">\u012eprasti pagrindiniai stiliai<\/h3>\n\n\n\n<p>Pratim\u0173 nuotrauka&nbsp;<strong>pary\u0161kintas tekstas<\/strong>&nbsp;krep\u0161ys&nbsp;<em>kursyvas<\/em>, elit ma\u017eas spalvotas sed.&nbsp;<a href=\"#\">Nuoroda \u010dia<\/a>&nbsp;elitas seitanas&nbsp;<a href=\"#\">pratimas<\/a>, nuotrauka&nbsp;<del>perbrauktas<\/del>&nbsp;et 8 bit\u0173 kop\u016bst\u0173 eilutinis kodas:&nbsp;<code>strip_tags ()<\/code>&nbsp;ir juda toliau.<\/p>\n\n\n\n<pre class=\"wp-block-preformatted\">function code_sample($text) { $text = compute_sample($text); gr\u0105\u017einti $tekst\u0105; }<\/pre>\n\n\n\n<p class=\"has-drop-cap\">Drop caps pavyzdys \u010dia. Scarlet ragana fenris colossus locknaw wolverine bjauryb\u0117 naujoji sargyba nes\u0105\u017eininga, stebuklinga mergina dreadknight \u0161aukia ahab. Tamsaus \u017emogaus \u0161e\u0161\u0117lis karalius vaiduoklis raitelis sakalas neuropatas montana formos baronas zemo?<\/p>\n\n\n\n<p>Ie\u0161kote daugiau stili\u0173 ir element\u0173? Matyti <a href=\"https:\/\/smartmag.theme-sphere.com\/tech-drop\/welcome-to-the-future-of-wordpress-with-gutenberg\/\"><strong>Gutenbergo stiliai<\/strong><\/a> pa\u0161tu.<\/p>","protected":false},"excerpt":{"rendered":"<p>This page shows typography and text related elements of the posts and pages in the default WordPress editor. You can see other elements in the Gutenberg Styles post. Exercitation photo booth stumptown tote bag Banksy, elit small batch freegan sed. Craft beer elit seitan exercitation, photo booth et 8-bit kale chips proident chillwave deep v [&hellip;]<\/p>\n","protected":false},"author":3,"featured_media":0,"parent":0,"menu_order":0,"comment_status":"closed","ping_status":"closed","template":"","meta":{"footnotes":""},"class_list":["post-331","page","type-page","status-publish"],"_links":{"self":[{"href":"https:\/\/planeta-info.com\/lt\/wp-json\/wp\/v2\/pages\/331","targetHints":{"allow":["GET"]}}],"collection":[{"href":"https:\/\/planeta-info.com\/lt\/wp-json\/wp\/v2\/pages"}],"about":[{"href":"https:\/\/planeta-info.com\/lt\/wp-json\/wp\/v2\/types\/page"}],"author":[{"embeddable":true,"href":"https:\/\/planeta-info.com\/lt\/wp-json\/wp\/v2\/users\/3"}],"replies":[{"embeddable":true,"href":"https:\/\/planeta-info.com\/lt\/wp-json\/wp\/v2\/comments?post=331"}],"version-history":[{"count":0,"href":"https:\/\/planeta-info.com\/lt\/wp-json\/wp\/v2\/pages\/331\/revisions"}],"wp:attachment":[{"href":"https:\/\/planeta-info.com\/lt\/wp-json\/wp\/v2\/media?parent=331"}],"curies":[{"name":"wp","href":"https:\/\/api.w.org\/{rel}","templated":true}]}}