{"id":2711,"date":"2021-01-13T15:46:07","date_gmt":"2021-01-13T15:46:07","guid":{"rendered":"https:\/\/smartmag.theme-sphere.com\/tech-drop\/sample-page\/"},"modified":"2021-01-13T15:46:07","modified_gmt":"2021-01-13T15:46:07","slug":"2-puslapio-pavyzdys","status":"publish","type":"page","link":"https:\/\/planeta-info.com\/lt\/sample-page-2\/","title":{"rendered":"Puslapio pavyzdys"},"content":{"rendered":"<p>Tai yra puslapio pavyzdys. Tai skiriasi nuo tinklara\u0161\u010dio \u012fra\u0161o, nes jis liks vienoje vietoje ir bus rodomas j\u016bs\u0173 svetain\u0117s nar\u0161ymo skydelyje (daugumoje tem\u0173). Daugelis \u017emoni\u0173 pradeda nuo puslapio \u201eApie\u201c, kuriame jie pristatomi potencialiems svetain\u0117s lankytojams. Tai gali pasakyti ma\u017edaug taip:<\/p>\n\n\n\n<blockquote class=\"wp-block-quote is-layout-flow wp-block-quote-is-layout-flow\"><p>Sveiki! A\u0161 esu dvira\u010di\u0173 pasiuntinys dien\u0105, trok\u0161tantis aktorius nakt\u012f, ir tai yra mano svetain\u0117. A\u0161 gyvenu Los And\u017eele, turiu puik\u0173 \u0161un\u012f, vardu D\u017eekas, ir man patinka pi\u00f1a coladas. (Ir pakli\u016bti \u012f liet\u0173.)<\/p><\/blockquote>\n\n\n\n<p>... arba ka\u017ekas pana\u0161aus:<\/p>\n\n\n\n<blockquote class=\"wp-block-quote is-layout-flow wp-block-quote-is-layout-flow\"><p>\u201eXYZ Doohickey Company\u201c buvo \u012fkurta 1971 m. ir nuo tada visuomenei teikia kokybi\u0161kus \u201edoohickey\u201c gaminius. \u012esik\u016br\u0119s Gotham City, XYZ dirba daugiau nei 2000 \u017emoni\u0173 ir daro visoki\u0173 nuostabi\u0173 dalyk\u0173 Gotham bendruomenei.<\/p><\/blockquote>\n\n\n\n<p>Kaip naujas \u201eWordPress\u201c vartotojas tur\u0117tum\u0117te apsilankyti <a href=\"https:\/\/smartmag.theme-sphere.com\/main\/wp-admin\/\">j\u016bs\u0173 prietais\u0173 skydelis<\/a> Nor\u0117dami i\u0161trinti \u0161\u012f puslap\u012f ir sukurti naujus savo turinio puslapius. Pasilinksmink!<\/p>","protected":false},"excerpt":{"rendered":"<p>This is an example page. It&#8217;s different from a blog post because it will stay in one place and will show up in your site navigation (in most themes). Most people start with an About page that introduces them to potential site visitors. It might say something like this: Hi there! I&#8217;m a bike messenger [&hellip;]<\/p>\n","protected":false},"author":3,"featured_media":0,"parent":0,"menu_order":0,"comment_status":"closed","ping_status":"open","template":"","meta":{"footnotes":""},"class_list":["post-2711","page","type-page","status-publish"],"_links":{"self":[{"href":"https:\/\/planeta-info.com\/lt\/wp-json\/wp\/v2\/pages\/2711","targetHints":{"allow":["GET"]}}],"collection":[{"href":"https:\/\/planeta-info.com\/lt\/wp-json\/wp\/v2\/pages"}],"about":[{"href":"https:\/\/planeta-info.com\/lt\/wp-json\/wp\/v2\/types\/page"}],"author":[{"embeddable":true,"href":"https:\/\/planeta-info.com\/lt\/wp-json\/wp\/v2\/users\/3"}],"replies":[{"embeddable":true,"href":"https:\/\/planeta-info.com\/lt\/wp-json\/wp\/v2\/comments?post=2711"}],"version-history":[{"count":0,"href":"https:\/\/planeta-info.com\/lt\/wp-json\/wp\/v2\/pages\/2711\/revisions"}],"wp:attachment":[{"href":"https:\/\/planeta-info.com\/lt\/wp-json\/wp\/v2\/media?parent=2711"}],"curies":[{"name":"wp","href":"https:\/\/api.w.org\/{rel}","templated":true}]}}