{"id":331,"date":"2021-01-15T11:45:26","date_gmt":"2021-01-15T11:45:26","guid":{"rendered":"https:\/\/smartmag.theme-sphere.com\/tech-drop\/typography-post-elements\/"},"modified":"2021-01-15T11:45:26","modified_gmt":"2021-01-15T11:45:26","slug":"elementi-post-tipografici","status":"publish","type":"page","link":"https:\/\/planeta-info.com\/it\/typography-post-elements\/","title":{"rendered":"Elementi di tipografia"},"content":{"rendered":"<p>Questa pagina mostra la tipografia e gli elementi relativi al testo dei post e delle pagine nell&#039;editor WordPress predefinito. Puoi vedere altri elementi nel file <a href=\"https:\/\/smartmag.theme-sphere.com\/tech-drop\/welcome-to-the-future-of-wordpress-with-gutenberg\/\" data-type=\"post\" data-id=\"338\"><strong>Stili di Gutenberg<\/strong><\/a> inviare.<\/p>\n\n\n\n<p>Borsa tote Stumptown per cabina fotografica per esercizi Banksy, elit piccolo lotto freegan sed. Birra artigianale elit seitan <a href=\"#\">esercizio<\/a>, cabina fotografica e chip di cavolo riccio a 8 bit proident chillwave deep v laborum.<\/p>\n\n\n\n<hr class=\"wp-block-separator has-css-opacity is-style-wide\"\/>\n\n\n\n<p><strong>1. Pullquote predefinito<\/strong><\/p>\n\n\n\n<figure class=\"wp-block-pullquote\"><blockquote><p>Solo un quarto dei giovani adulti \u00e8 finanziariamente alfabetizzato. Non vuoi sopraffarli con consigli terribili.<\/p><cite>James Matthews<\/cite><\/blockquote><\/figure>\n\n\n\n<p>Lo stile pullquote normale \u00e8 disponibile solo con l&#039;editor Gutenberg.<\/p>\n\n\n\n<p><strong>2. Pullquotes moderne<\/strong><\/p>\n\n\n\n<p>La citazione moderna \u00e8 disponibile sia nell&#039;editor classico che in quello Gutenberg. Nell&#039;editor Gutenberg, \u00e8 disponibile come variante di stile Grande mentre nell&#039;editor classico \u00e8 disponibile in Altri stili come Citazione moderna.<\/p>\n\n\n\n<figure class=\"wp-block-pullquote is-style-modern\"><blockquote><p>La gente pensa che concentrarsi significhi dire s\u00ec alla cosa su cui devi concentrarti. Ma non \u00e8 affatto questo che significa. Vuol dire dire no alle altre cento buone idee che ci sono. Devi scegliere con attenzione.<\/p><cite>Shane Doe<\/cite><\/blockquote><\/figure>\n\n\n\n<p><strong>3. Pullquotes colorate<\/strong><\/p>\n\n\n\n<p>Puoi utilizzare qualsiasi opzione di colore sia sullo sfondo che sul colore del testo con questa opzione in Gutenberg.<\/p>\n\n\n\n<figure class=\"wp-block-pullquote is-style-solid-bg has-black-color has-pale-cyan-blue-background-color has-text-color has-background\"><blockquote><p>Solo un quarto dei giovani adulti \u00e8 finanziariamente alfabetizzato. Non vuoi sopraffarli con consigli terribili.<\/p><cite><mark style=\"background-color:rgba(0, 0, 0, 0)\" class=\"has-inline-color has-black-color\">Shane Doe<\/mark><\/cite><\/blockquote><\/figure>\n\n\n\n<p><strong>4. Blockquote predefinito<\/strong><\/p>\n\n\n\n<blockquote class=\"wp-block-quote is-layout-flow wp-block-quote-is-layout-flow\"><p>La gente pensa che concentrarsi significhi dire s\u00ec alla cosa su cui devi concentrarti. Ma non \u00e8 affatto questo che significa. Vuol dire dire no alle altre cento buone idee che ci sono. Devi scegliere con attenzione.<\/p><cite>Shane Doe<\/cite><\/blockquote>\n\n\n\n<p><strong>5. Blockquote grande<\/strong><\/p>\n\n\n\n<blockquote class=\"wp-block-quote is-style-large is-layout-flow wp-block-quote-is-layout-flow\"><p>La gente pensa che concentrarsi significhi dire s\u00ec alla cosa su cui devi concentrarti. Ma non \u00e8 affatto questo che significa. <\/p><\/blockquote>\n\n\n\n<p>Tonx cray commodo, esercizio di cui probabilmente non ne hai sentito parlare. Selfie iPhone Kickstarter, bere aceto, pantaloncini jeans fixie consequat.<\/p>\n\n\n\n<hr class=\"wp-block-separator has-css-opacity is-style-dots\"\/>\n\n\n\n<figure class=\"wp-block-pullquote alignright\"><blockquote><p>Ecco una citazione allineata a destra per mostrare qualcosa dall&#039;articolo.<\/p><cite>Shane Doe<\/cite><\/blockquote><\/figure>\n\n\n\n<p><strong>Pullquote allineato a destra<\/strong>. Doctor Spectrum Kilwog Lieberman Flash Gordon Wasp The Rose Guy Gardner Deadpool Spawn Master Chief Guardian, Magog Ant-Man. Metamorpho trey langstrom guardiano rosso, &quot;hellcat, jane foster betty brant stacy x hellcat emma gelo inerzia rospo quasar?&quot; Deadpool, &quot;fantasioso crociato cremisi, carneficina regina bianca Hyperion&quot;. <\/p>\n\n\n\n<p>Arcanna capitan italia cosa fenice jennifer kale robbie burchill, &quot;la rosa spawn, unicorno elektra&quot;.<\/p>\n\n\n\n<h2 class=\"wp-block-heading\">Elenchi normali<\/h2>\n\n\n\n<p>Borsa tote Stumptown per cabina fotografica per esercizi Banksy, elit piccolo lotto freegan sed. Birra artigianale elit seitan&nbsp;<a href=\"#\">esercizio<\/a>, cabina fotografica e chip di cavolo riccio a 8 bit proident chillwave deep v laborum.<\/p>\n\n\n\n<ul class=\"wp-block-list\"><li>L&#039;aliquam erat volutpat<\/li><li>Borsa tote Stumptown per foto di esercizi Banksy<\/li><li>Caff\u00e8 monorigine Tempor duis<\/li><li>Magnis dis parturient montes<\/li><\/ul>\n\n\n\n<h2 class=\"wp-block-heading\">Elenchi numerati<\/h2>\n\n\n\n<p>Plaid Stumptown su misura, mini barba biodiesel High Life incidente retr\u00f2 sostenibile anni &#039;90 Echo Park Tumblr. Photo Booth e chip di cavolo riccio a 8 bit proident chillwave deep v laborum.<\/p>\n\n\n\n<ol class=\"wp-block-list\"><li>L&#039;aliquam erat volutpat<\/li><li>Borsa tote Stumptown per foto di esercizi Banksy<\/li><li>Caff\u00e8 monorigine Tempor duis<\/li><li>Magnis dis parturient montes<\/li><\/ol>\n\n\n\n<h1 class=\"wp-block-heading\">Rubrica 1<\/h1>\n\n\n\n<p>Meh synth Schlitz, tempor due caff\u00e8 monorigine e un marsupio etnico di livello superiore nostrud.<\/p>\n\n\n\n<h2 class=\"wp-block-heading\">Rubrica 2<\/h2>\n\n\n\n<p>Sed ut perspiciatis unde omnis iste natus error sit voluptatem accusantium doloremque laudantium, totam rem aperiam, eaque ipsa.<\/p>\n\n\n\n<h3 class=\"wp-block-heading\">Rubrica 3<\/h3>\n\n\n\n<p>Sed ut perspiciatis unde omnis iste natus error sit voluptatem accusantium doloremque laudantium, totam rem aperiam, eaque ipsa.<\/p>\n\n\n\n<h4 class=\"wp-block-heading\">Rubrica 4<\/h4>\n\n\n\n<p>Borsa tote Stumptown per cabina fotografica per esercizi Banksy, elit piccolo lotto freegan sed.<\/p>\n\n\n\n<h5 class=\"wp-block-heading\">Rubrica 5<\/h5>\n\n\n\n<p>Photo Booth anim 8-bit hella, PBR 3 lupo luna barba Helvetica.<\/p>\n\n\n\n<h6 class=\"wp-block-heading\">Rubrica 6<\/h6>\n\n\n\n<p>Meh synth Schlitz, tempor due caff\u00e8 monorigine e un marsupio etnico di livello superiore nostrud.<\/p>\n\n\n\n<h3 class=\"wp-block-heading\">Stili di base comuni<\/h3>\n\n\n\n<p>Foto dell&#039;esercizio&nbsp;<strong>testo grassetto<\/strong>&nbsp;borsa da viaggio&nbsp;<em>il corsivo<\/em>, elit piccolo sed colorato.&nbsp;<a href=\"#\">Il collegamento qui<\/a>&nbsp;elit seitan&nbsp;<a href=\"#\">esercizio<\/a>, foto&nbsp;<del>barrato<\/del>&nbsp;et codice in linea cavolo a 8 bit:&nbsp;<code>strip_tags()<\/code>&nbsp;e andare avanti.<\/p>\n\n\n\n<pre class=\"wp-block-preformatted\">function code_sample($text) { $text = compute_sample($text); restituisce $testo; }<\/pre>\n\n\n\n<p class=\"has-drop-cap\">Esempio di capolettera qui. Strega Scarlatta Fenris Colosso Trisma Wolverine Abominio Le Nuove Sentinelle Canaglia, Wonder Girl Dreadknight Grida Achab. Darkman Shadow King Ghost Rider Falco Neuropatico Montana Forma Barone Zemo?<\/p>\n\n\n\n<p>Cerchi pi\u00f9 stili ed elementi? Vedere <a href=\"https:\/\/smartmag.theme-sphere.com\/tech-drop\/welcome-to-the-future-of-wordpress-with-gutenberg\/\"><strong>Stili di Gutenberg<\/strong><\/a> inviare.<\/p>","protected":false},"excerpt":{"rendered":"<p>This page shows typography and text related elements of the posts and pages in the default WordPress editor. You can see other elements in the Gutenberg Styles post. Exercitation photo booth stumptown tote bag Banksy, elit small batch freegan sed. Craft beer elit seitan exercitation, photo booth et 8-bit kale chips proident chillwave deep v [&hellip;]<\/p>\n","protected":false},"author":3,"featured_media":0,"parent":0,"menu_order":0,"comment_status":"closed","ping_status":"closed","template":"","meta":{"footnotes":""},"class_list":["post-331","page","type-page","status-publish"],"_links":{"self":[{"href":"https:\/\/planeta-info.com\/it\/wp-json\/wp\/v2\/pages\/331","targetHints":{"allow":["GET"]}}],"collection":[{"href":"https:\/\/planeta-info.com\/it\/wp-json\/wp\/v2\/pages"}],"about":[{"href":"https:\/\/planeta-info.com\/it\/wp-json\/wp\/v2\/types\/page"}],"author":[{"embeddable":true,"href":"https:\/\/planeta-info.com\/it\/wp-json\/wp\/v2\/users\/3"}],"replies":[{"embeddable":true,"href":"https:\/\/planeta-info.com\/it\/wp-json\/wp\/v2\/comments?post=331"}],"version-history":[{"count":0,"href":"https:\/\/planeta-info.com\/it\/wp-json\/wp\/v2\/pages\/331\/revisions"}],"wp:attachment":[{"href":"https:\/\/planeta-info.com\/it\/wp-json\/wp\/v2\/media?parent=331"}],"curies":[{"name":"parola chiave","href":"https:\/\/api.w.org\/{rel}","templated":true}]}}