{"id":331,"date":"2021-01-15T11:45:26","date_gmt":"2021-01-15T11:45:26","guid":{"rendered":"https:\/\/smartmag.theme-sphere.com\/tech-drop\/typography-post-elements\/"},"modified":"2021-01-15T11:45:26","modified_gmt":"2021-01-15T11:45:26","slug":"tipografiai-bejegyzesek","status":"publish","type":"page","link":"https:\/\/planeta-info.com\/hu\/typography-post-elements\/","title":{"rendered":"Tipogr\u00e1fiai elemek"},"content":{"rendered":"<p>Ez az oldal a bejegyz\u00e9sek \u00e9s oldalak tipogr\u00e1fi\u00e1j\u00e1t \u00e9s sz\u00f6veggel kapcsolatos elemeit mutatja az alap\u00e9rtelmezett WordPress-szerkeszt\u0151ben. Tov\u00e1bbi elemeket l\u00e1that a <a href=\"https:\/\/smartmag.theme-sphere.com\/tech-drop\/welcome-to-the-future-of-wordpress-with-gutenberg\/\" data-type=\"post\" data-id=\"338\"><strong>Gutenberg st\u00edlusok<\/strong><\/a> hozz\u00e1sz\u00f3l\u00e1s.<\/p>\n\n\n\n<p>Exercitation Photo Booth stumptown tote bag Banksy, elit kis t\u00e9tel freegan sed. K\u00e9zm\u0171ves s\u00f6r elit seitan <a href=\"#\">gyakorlat<\/a>, photo booth et 8 bites kelk\u00e1poszta chips proident chillwave deep v laborum.<\/p>\n\n\n\n<hr class=\"wp-block-separator has-css-opacity is-style-wide\"\/>\n\n\n\n<p><strong>1. Alap\u00e9rtelmezett id\u00e9z\u0151jel<\/strong><\/p>\n\n\n\n<figure class=\"wp-block-pullquote\"><blockquote><p>A fiatal feln\u0151tteknek csak egynegyede t\u00e1j\u00e9kozott p\u00e9nz\u00fcgyileg. Nem akarod el\u00e1rasztani \u0151ket sz\u00f6rny\u0171 tan\u00e1csokkal.<\/p><cite>James Matthews<\/cite><\/blockquote><\/figure>\n\n\n\n<p>A norm\u00e1l pullquote st\u00edlus csak a Gutenberg-szerkeszt\u0151vel \u00e9rhet\u0151 el.<\/p>\n\n\n\n<p><strong>2. Pullquotes Modern<\/strong><\/p>\n\n\n\n<p>A modern id\u00e9zet a klasszikus \u00e9s a Gutenberg szerkeszt\u0151ben is el\u00e9rhet\u0151. A Gutenberg-szerkeszt\u0151ben Nagy st\u00edlusv\u00e1ltozatk\u00e9nt, m\u00edg a klasszikus szerkeszt\u0151ben a Tov\u00e1bbi st\u00edlusok alatt \u00e9rhet\u0151 el Modern id\u00e9zetk\u00e9nt.<\/p>\n\n\n\n<figure class=\"wp-block-pullquote is-style-modern\"><blockquote><p>Az emberek azt hiszik, hogy az \u00f6sszpontos\u00edt\u00e1s azt jelenti, hogy igent mondasz arra a dologra, amire \u00f6sszpontos\u00edtanod kell. De ez egy\u00e1ltal\u00e1n nem ezt jelenti. Ez azt jelenti, hogy nemet mondasz a sz\u00e1z m\u00e1sik j\u00f3 \u00f6tletre. Gondosan kell v\u00e1lasztani.<\/p><cite>Shane Doe<\/cite><\/blockquote><\/figure>\n\n\n\n<p><strong>3. Pullquotes sz\u00ednes<\/strong><\/p>\n\n\n\n<p>A Gutenbergben ezzel a be\u00e1ll\u00edt\u00e1ssal b\u00e1rmelyik sz\u00ednbe\u00e1ll\u00edt\u00e1st haszn\u00e1lhatja mind a h\u00e1tt\u00e9r, mind a sz\u00f6veg sz\u00edn\u00e9n.<\/p>\n\n\n\n<figure class=\"wp-block-pullquote is-style-solid-bg has-black-color has-pale-cyan-blue-background-color has-text-color has-background\"><blockquote><p>A fiatal feln\u0151tteknek csak egynegyede t\u00e1j\u00e9kozott p\u00e9nz\u00fcgyileg. Nem akarod el\u00e1rasztani \u0151ket sz\u00f6rny\u0171 tan\u00e1csokkal.<\/p><cite><mark style=\"background-color:rgba(0, 0, 0, 0)\" class=\"has-inline-color has-black-color\">Shane Doe<\/mark><\/cite><\/blockquote><\/figure>\n\n\n\n<p><strong>4. Id\u00e9zetblokk alap\u00e9rtelmez\u00e9s<\/strong><\/p>\n\n\n\n<blockquote class=\"wp-block-quote is-layout-flow wp-block-quote-is-layout-flow\"><p>Az emberek azt hiszik, hogy az \u00f6sszpontos\u00edt\u00e1s azt jelenti, hogy igent mondasz arra a dologra, amire \u00f6sszpontos\u00edtanod kell. De ez egy\u00e1ltal\u00e1n nem ezt jelenti. Ez azt jelenti, hogy nemet mondasz a sz\u00e1z m\u00e1sik j\u00f3 \u00f6tletre. Gondosan kell v\u00e1lasztani.<\/p><cite>Shane Doe<\/cite><\/blockquote>\n\n\n\n<p><strong>5. Blockquote Large<\/strong><\/p>\n\n\n\n<blockquote class=\"wp-block-quote is-style-large is-layout-flow wp-block-quote-is-layout-flow\"><p>Az emberek azt hiszik, hogy az \u00f6sszpontos\u00edt\u00e1s azt jelenti, hogy igent mondasz arra a dologra, amire \u00f6sszpontos\u00edtanod kell. De ez egy\u00e1ltal\u00e1n nem ezt jelenti. <\/p><\/blockquote>\n\n\n\n<p>Tonx cray commodo, gyakorlat, val\u00f3sz\u00edn\u0171leg m\u00e9g nem hallott\u00e1l r\u00f3luk, beard cred. Szelfik iPhone Kickstarter, iv\u00f3ecetes farmer r\u00f6vidnadr\u00e1g fixie consequat.<\/p>\n\n\n\n<hr class=\"wp-block-separator has-css-opacity is-style-dots\"\/>\n\n\n\n<figure class=\"wp-block-pullquote alignright\"><blockquote><p>\u00cdme egy jobbra igaz\u00edtott id\u00e9zet, hogy mutassunk valamit a cikkb\u0151l.<\/p><cite>Shane Doe<\/cite><\/blockquote><\/figure>\n\n\n\n<p><strong>Az id\u00e9z\u0151jel jobbra igaz\u00edtva<\/strong>. Doktor spektrum kilowog lieberman villan\u00e1s Gordon dar\u00e1zs, a r\u00f3zsa fick\u00f3, gardner deadpool spawn mester f\u0151gondnoka, magog hangyaember.\u201d Metamorpho trey Langstrom v\u00f6r\u00f6s gy\u00e1m, \u201epokolmacska, jane foster Betty Brant Stacy x pokolmacska emma fagytehetetlens\u00e9g varangy kvaz\u00e1r?\u201d Deadpool, \u201edivatos dan b\u00edbor keresztes lovag, m\u00e9sz\u00e1rl\u00e1s feh\u00e9r kir\u00e1lyn\u0151je, hiperion\u201d. <\/p>\n\n\n\n<p>Arcanna kapit\u00e1ny olasz dolog, Phoenix Jennifer kelk\u00e1poszta Robbie Burchill, \u201ea r\u00f3zsa \u00edv\u00e1sa, egyszarv\u00fa elektra\u201d.<\/p>\n\n\n\n<h2 class=\"wp-block-heading\">Norm\u00e1l list\u00e1k<\/h2>\n\n\n\n<p>Exercitation Photo Booth stumptown tote bag Banksy, elit kis t\u00e9tel freegan sed. K\u00e9zm\u0171ves s\u00f6r elit seitan&nbsp;<a href=\"#\">gyakorlat<\/a>, photo booth et 8 bites kelk\u00e1poszta chips proident chillwave deep v laborum.<\/p>\n\n\n\n<ul class=\"wp-block-list\"><li>Aliquam erat volutpat<\/li><li>Gyakorl\u00f3 fot\u00f3f\u00fclke stumptown t\u00e1ska Banksy<\/li><li>Tempor duis egyetlen eredet\u0171 k\u00e1v\u00e9<\/li><li>Magnis dis parturient montes<\/li><\/ul>\n\n\n\n<h2 class=\"wp-block-heading\">Sz\u00e1mozott list\u00e1k<\/h2>\n\n\n\n<p>Egyedi, kock\u00e1s stumptown, biod\u00edzel miniszak\u00e1ll High Life incidence retr\u00f3, fenntarthat\u00f3 90-es \u00e9vek Echo Park Tumblr. Photo Booth \u00e9s 8 bites kelk\u00e1poszta chips proident chillwave deep v laborum.<\/p>\n\n\n\n<ol class=\"wp-block-list\"><li>Aliquam erat volutpat<\/li><li>Gyakorl\u00f3 fot\u00f3f\u00fclke stumptown t\u00e1ska Banksy<\/li><li>Tempor duis egyetlen eredet\u0171 k\u00e1v\u00e9<\/li><li>Magnis dis parturient montes<\/li><\/ol>\n\n\n\n<h1 class=\"wp-block-heading\">1. c\u00edmsor<\/h1>\n\n\n\n<p>Meh szintetiz\u00e1tor Schlitz, tempor k\u00e9t egysz\u00edn\u0171 k\u00e1v\u00e9 \u00e9s egy k\u00f6vetkez\u0151 szint\u0171 etnikai fingerstache fanny pack nostrud.<\/p>\n\n\n\n<h2 class=\"wp-block-heading\">2. c\u00edmsor<\/h2>\n\n\n\n<p>Sed ut perspiciatis unde omnis iste natus error sit voluptatem accusantium doloremque laudantium, totam rem aperiam, eaque ipsa.<\/p>\n\n\n\n<h3 class=\"wp-block-heading\">3. c\u00edmsor<\/h3>\n\n\n\n<p>Sed ut perspiciatis unde omnis iste natus error sit voluptatem accusantium doloremque laudantium, totam rem aperiam, eaque ipsa.<\/p>\n\n\n\n<h4 class=\"wp-block-heading\">4. c\u00edmsor<\/h4>\n\n\n\n<p>Exercitation Photo Booth stumptown tote bag Banksy, elit kis t\u00e9tel freegan sed.<\/p>\n\n\n\n<h5 class=\"wp-block-heading\">5. c\u00edmsor<\/h5>\n\n\n\n<p>Fot\u00f3f\u00fclke anim 8 bites hella, PBR 3 farkas holdszak\u00e1ll Helvetica.<\/p>\n\n\n\n<h6 class=\"wp-block-heading\">6. c\u00edmsor<\/h6>\n\n\n\n<p>Meh szintetiz\u00e1tor Schlitz, tempor k\u00e9t egysz\u00edn\u0171 k\u00e1v\u00e9 \u00e9s egy k\u00f6vetkez\u0151 szint\u0171 etnikai fingerstache fanny pack nostrud.<\/p>\n\n\n\n<h3 class=\"wp-block-heading\">K\u00f6z\u00f6s alapst\u00edlusok<\/h3>\n\n\n\n<p>Gyakorlat fot\u00f3&nbsp;<strong>f\u00e9lk\u00f6v\u00e9r sz\u00f6veg<\/strong>&nbsp;hordt\u00e1ska&nbsp;<em>a d\u0151lt bet\u0171<\/em>, elit kis sz\u00ednes sed.&nbsp;<a href=\"#\">A link itt<\/a>&nbsp;elit szeitan&nbsp;<a href=\"#\">gyakorlat<\/a>, fot\u00f3&nbsp;<del>\u00e1th\u00fazott<\/del>&nbsp;et 8 bites kelk\u00e1poszta soron bel\u00fcli k\u00f3dja:&nbsp;<code>strip_tags()<\/code>&nbsp;\u00e9s haladunk tov\u00e1bb.<\/p>\n\n\n\n<pre class=\"wp-block-preformatted\">function code_sample($text) { $text = sz\u00e1m\u00edt\u00e1si_minta($text); return $text; }<\/pre>\n\n\n\n<p class=\"has-drop-cap\">Drop caps p\u00e9lda itt. Skarl\u00e1t boszork\u00e1ny fenris colossus lockjaw rozsom\u00e1k ut\u00e1lat az \u00faj \u0151rszemek sz\u00e9lh\u00e1mos, csodal\u00e1ny retteg\u00e9s sik\u00edt ahab. S\u00f6t\u00e9tember \u00e1rny\u00e9kkir\u00e1ly szellemlovas s\u00f3lyom neuropata montana alak b\u00e1r\u00f3 zemo?<\/p>\n\n\n\n<p>Tov\u00e1bbi st\u00edlusokat \u00e9s elemeket keres? L\u00e1t <a href=\"https:\/\/smartmag.theme-sphere.com\/tech-drop\/welcome-to-the-future-of-wordpress-with-gutenberg\/\"><strong>Gutenberg st\u00edlusok<\/strong><\/a> hozz\u00e1sz\u00f3l\u00e1s.<\/p>","protected":false},"excerpt":{"rendered":"<p>This page shows typography and text related elements of the posts and pages in the default WordPress editor. You can see other elements in the Gutenberg Styles post. Exercitation photo booth stumptown tote bag Banksy, elit small batch freegan sed. Craft beer elit seitan exercitation, photo booth et 8-bit kale chips proident chillwave deep v [&hellip;]<\/p>\n","protected":false},"author":3,"featured_media":0,"parent":0,"menu_order":0,"comment_status":"closed","ping_status":"closed","template":"","meta":{"footnotes":""},"class_list":["post-331","page","type-page","status-publish"],"_links":{"self":[{"href":"https:\/\/planeta-info.com\/hu\/wp-json\/wp\/v2\/pages\/331","targetHints":{"allow":["GET"]}}],"collection":[{"href":"https:\/\/planeta-info.com\/hu\/wp-json\/wp\/v2\/pages"}],"about":[{"href":"https:\/\/planeta-info.com\/hu\/wp-json\/wp\/v2\/types\/page"}],"author":[{"embeddable":true,"href":"https:\/\/planeta-info.com\/hu\/wp-json\/wp\/v2\/users\/3"}],"replies":[{"embeddable":true,"href":"https:\/\/planeta-info.com\/hu\/wp-json\/wp\/v2\/comments?post=331"}],"version-history":[{"count":0,"href":"https:\/\/planeta-info.com\/hu\/wp-json\/wp\/v2\/pages\/331\/revisions"}],"wp:attachment":[{"href":"https:\/\/planeta-info.com\/hu\/wp-json\/wp\/v2\/media?parent=331"}],"curies":[{"name":"munkaf\u00fczet","href":"https:\/\/api.w.org\/{rel}","templated":true}]}}