{"id":2711,"date":"2021-01-13T15:46:07","date_gmt":"2021-01-13T15:46:07","guid":{"rendered":"https:\/\/smartmag.theme-sphere.com\/tech-drop\/sample-page\/"},"modified":"2021-01-13T15:46:07","modified_gmt":"2021-01-13T15:46:07","slug":"minta-oldal-2","status":"publish","type":"page","link":"https:\/\/planeta-info.com\/hu\/sample-page-2\/","title":{"rendered":"p\u00e9lda oldal"},"content":{"rendered":"<p>Ez egy p\u00e9ldaoldal. Ez k\u00fcl\u00f6nb\u00f6zik a blogbejegyz\u00e9st\u0151l, mert egy helyen marad, \u00e9s megjelenik a webhely navig\u00e1ci\u00f3j\u00e1ban (a legt\u00f6bb t\u00e9m\u00e1ban). A legt\u00f6bb ember egy N\u00e9vjegy oldallal kezdi, amely bemutatja \u0151ket a webhely potenci\u00e1lis l\u00e1togat\u00f3inak. Valami ilyesmit \u00edrhat:<\/p>\n\n\n\n<blockquote class=\"wp-block-quote is-layout-flow wp-block-quote-is-layout-flow\"><p>Szia! Nappal ker\u00e9kp\u00e1ros h\u00edrn\u00f6k vagyok, \u00e9jszaka felt\u00f6rekv\u0151 sz\u00edn\u00e9sz, \u00e9s ez a weboldalam. Los Angelesben \u00e9lek, van egy nagyszer\u0171 kuty\u00e1m, akit Jacknek h\u00edvnak, \u00e9s szeretem a pi\u00f1a colad\u00e1kat. (\u00c9s elkap az es\u0151.)<\/p><\/blockquote>\n\n\n\n<p>\u2026vagy valami ilyesmi:<\/p>\n\n\n\n<blockquote class=\"wp-block-quote is-layout-flow wp-block-quote-is-layout-flow\"><p>Az XYZ Doohickey Company-t 1971-ben alap\u00edtott\u00e1k, \u00e9s az\u00f3ta is min\u0151s\u00e9gi doohickey-ket k\u00edn\u00e1l a nyilv\u00e1noss\u00e1g sz\u00e1m\u00e1ra. A Gotham Cityben tal\u00e1lhat\u00f3 XYZ t\u00f6bb mint 2000 embert foglalkoztat, \u00e9s mindenf\u00e9le fantasztikus dolgot tesz a gothami k\u00f6z\u00f6ss\u00e9g \u00e9rdek\u00e9ben.<\/p><\/blockquote>\n\n\n\n<p>\u00daj WordPress-felhaszn\u00e1l\u00f3k\u00e9nt a k\u00f6vetkez\u0151 helyre kell mennie <a href=\"https:\/\/smartmag.theme-sphere.com\/main\/wp-admin\/\">a m\u0171szerfalat<\/a> az oldal t\u00f6rl\u00e9s\u00e9hez \u00e9s \u00faj oldalak l\u00e9trehoz\u00e1s\u00e1hoz a tartalomhoz. \u00c9rezd j\u00f3l magad!<\/p>","protected":false},"excerpt":{"rendered":"<p>This is an example page. It&#8217;s different from a blog post because it will stay in one place and will show up in your site navigation (in most themes). Most people start with an About page that introduces them to potential site visitors. It might say something like this: Hi there! I&#8217;m a bike messenger [&hellip;]<\/p>\n","protected":false},"author":3,"featured_media":0,"parent":0,"menu_order":0,"comment_status":"closed","ping_status":"open","template":"","meta":{"footnotes":""},"class_list":["post-2711","page","type-page","status-publish"],"_links":{"self":[{"href":"https:\/\/planeta-info.com\/hu\/wp-json\/wp\/v2\/pages\/2711","targetHints":{"allow":["GET"]}}],"collection":[{"href":"https:\/\/planeta-info.com\/hu\/wp-json\/wp\/v2\/pages"}],"about":[{"href":"https:\/\/planeta-info.com\/hu\/wp-json\/wp\/v2\/types\/page"}],"author":[{"embeddable":true,"href":"https:\/\/planeta-info.com\/hu\/wp-json\/wp\/v2\/users\/3"}],"replies":[{"embeddable":true,"href":"https:\/\/planeta-info.com\/hu\/wp-json\/wp\/v2\/comments?post=2711"}],"version-history":[{"count":0,"href":"https:\/\/planeta-info.com\/hu\/wp-json\/wp\/v2\/pages\/2711\/revisions"}],"wp:attachment":[{"href":"https:\/\/planeta-info.com\/hu\/wp-json\/wp\/v2\/media?parent=2711"}],"curies":[{"name":"munkaf\u00fczet","href":"https:\/\/api.w.org\/{rel}","templated":true}]}}