{"id":7531,"date":"2023-10-21T22:35:00","date_gmt":"2023-10-21T22:35:00","guid":{"rendered":"https:\/\/planeta-info.com\/?page_id=7531"},"modified":"2023-10-21T22:35:00","modified_gmt":"2023-10-21T22:35:00","slug":"uvjeti-koristenja","status":"publish","type":"page","link":"https:\/\/planeta-info.com\/hr\/termos-de-uso\/","title":{"rendered":"Uvjeti kori\u0161tenja"},"content":{"rendered":"<h3 class=\"wp-block-heading\" id=\"1-termos\">1. Uvjeti<\/h3>\n<p>Prilikom pristupa web stranici <a href=\"https:\/\/planeta-info.com\/hr\/\">Informacije o planetu<\/a>, suglasni ste po\u0161tivati \u200b\u200bove uvjete pru\u017eanja usluge, sve primjenjive zakone i propise i sla\u017eete se da ste odgovorni za po\u0161tivanje svih primjenjivih lokalnih zakona. Ako se ne sla\u017eete s bilo kojim od ovih uvjeta, zabranjeno vam je kori\u0161tenje ili pristup ovoj stranici. Materijali sadr\u017eani na ovoj stranici za\u0161ti\u0107eni su va\u017ee\u0107im zakonima o autorskim pravima i za\u0161titnim znakovima.<\/p>\n<h3 class=\"wp-block-heading\" id=\"2-uso-de-licenca\">2. Kori\u0161tenje licence<\/h3>\n<p>Dopu\u0161teno je privremeno preuzimanje jedne kopije materijala (informacija ili softvera) s web stranice Planeta Info samo za osobno, nekomercijalno prolazno gledanje. Ovo je dodjela licence, a ne prijenos vlasni\u0161tva, i prema ovoj licenci ne smijete:&nbsp;<\/p>\n<ol>\n<li>mijenjati ili kopirati materijale;&nbsp;<\/li>\n<li>koristiti materijale u bilo koju komercijalnu svrhu ili za javno prikazivanje (komercijalno ili nekomercijalno);&nbsp;<\/li>\n<li>poku\u0161ati dekompilirati ili obrnuti in\u017eenjering bilo kojeg softvera koji se nalazi na web stranici Planeta Info;&nbsp;<\/li>\n<li>ukloniti sva autorska prava ili druge vlasni\u010dke oznake iz materijala; ili&nbsp;<\/li>\n<li>prenijeti materijale drugoj osobi ili &#039;zrcaliti&#039; materijale na bilo kojem drugom poslu\u017eitelju.<\/li>\n<\/ol>\n<p>Ova licenca automatski prestaje ako prekr\u0161ite bilo koje od ovih ograni\u010denja, a Planeta Info je mo\u017ee raskinuti u bilo kojem trenutku. Nakon prestanka pregledavanja ovih materijala ili nakon raskida ove licence, morate izbrisati sve preuzete materijale u svom posjedu, bilo u elektroni\u010dkom ili tiskanom obliku.<\/p>\n<h3 class=\"wp-block-heading\" id=\"3-isencao-de-responsabilidade\">3. Odricanje od odgovornosti<\/h3>\n<ol>\n<li>Materijali na web stranicama Planeta Info dostupni su &#039;kakvi jesu&#039;. Planeta Info ne daje nikakva jamstva, izri\u010dita ili pre\u0161utna, te se ovime odri\u010de i negira sva druga jamstva, uklju\u010duju\u0107i, bez ograni\u010denja, pre\u0161utna jamstva ili uvjete utr\u017eivosti, prikladnosti za odre\u0111enu svrhu ili nekr\u0161enja intelektualnog vlasni\u0161tva ili drugog kr\u0161enja prava.<\/li>\n<li>Nadalje, Planeta Info ne jam\u010di niti daje bilo kakve izjave o to\u010dnosti, vjerojatnim rezultatima ili pouzdanosti kori\u0161tenja materijala na svojoj web stranici ili na bilo koji drugi na\u010din koji se odnosi na takve materijale ili na bilo koje stranice povezane s ovom stranicom.<\/li>\n<\/ol>\n<h3 class=\"wp-block-heading\" id=\"4-limitacoes\">4. Ograni\u010denja<\/h3>\n<p>Ni u kojem slu\u010daju Planeta Info ili njegovi dobavlja\u010di ne\u0107e biti odgovorni za bilo kakvu \u0161tetu (uklju\u010duju\u0107i, bez ograni\u010denja, \u0161tetu zbog gubitka podataka ili dobiti, ili zbog prekida poslovanja) proiza\u0161lu iz kori\u0161tenja ili nemogu\u0107nosti kori\u0161tenja materijala na Planeta Info, \u010dak i ako je Planeta Info ili ovla\u0161teni predstavnik Planeta Info usmeno ili pismeno obavije\u0161ten o mogu\u0107nosti takve \u0161tete. Budu\u0107i da neke jurisdikcije ne dopu\u0161taju ograni\u010denja implicitnih jamstava ili ograni\u010denja odgovornosti za posljedi\u010dne ili slu\u010dajne \u0161tete, ta se ograni\u010denja mo\u017eda ne odnose na vas.<\/p>\n<h3 class=\"wp-block-heading\" id=\"5-precisao-dos-materiais\">5. Preciznost materijala<\/h3>\n<p>Materijali koji se pojavljuju na web stranici Planeta Info mogu sadr\u017eavati tehni\u010dke, tiskarske ili fotografske pogre\u0161ke. Planeta Info ne jam\u010di da su bilo koji materijali na web stranici to\u010dni, potpuni ili aktualni. Planeta Info mo\u017ee mijenjati materijale sadr\u017eane na svojim web stranicama u bilo koje vrijeme bez prethodne obavijesti. Me\u0111utim, Planeta Info se ne obvezuje a\u017eurirati materijale.<\/p>\n<h3 class=\"wp-block-heading\" id=\"6-links\">6. Poveznice<\/h3>\n<p>Planeta Info nije pregledao sve stranice povezane s njezinom web stranicom i nije odgovoran za sadr\u017eaj bilo koje povezane stranice. Uklju\u010divanje bilo koje poveznice ne zna\u010di da Planeta Info podr\u017eava stranicu. Kori\u0161tenje bilo koje povezane stranice je na vlastitu odgovornost korisnika.<\/p>\n<h3 class=\"wp-block-heading\" id=\"modificacoes\">Izmjene<\/h3>\n<p>Planeta Info mo\u017ee revidirati ove uvjete pru\u017eanja usluge za svoju web stranicu u bilo kojem trenutku bez prethodne obavijesti. Kori\u0161tenjem ove web stranice suglasni ste s trenutnom verzijom ovih uvjeta pru\u017eanja usluge.<\/p>\n<h3 class=\"wp-block-heading\" id=\"lei-aplicavel\">Mjerodavno pravo<\/h3>\n<p>Ovi uvjeti i odredbe ure\u0111eni su i tuma\u010de se u skladu sa zakonima Planeta Info i vi se neopozivo podvrgavate isklju\u010divoj nadle\u017enosti sudova u toj dr\u017eavi ili mjestu.<\/p>","protected":false},"excerpt":{"rendered":"<p>1. Termos Ao acessar ao site Planeta Info, concorda em cumprir estes termos de servi\u00e7o, todas as leis e regulamentos aplic\u00e1veis \u200b\u200be concorda que \u00e9 respons\u00e1vel pelo cumprimento de todas as leis locais aplic\u00e1veis. Se voc\u00ea n\u00e3o concordar com algum desses termos, est\u00e1 proibido de usar ou acessar este site. Os materiais contidos neste site [&hellip;]<\/p>\n","protected":false},"author":3,"featured_media":0,"parent":0,"menu_order":0,"comment_status":"closed","ping_status":"closed","template":"","meta":{"footnotes":""},"class_list":["post-7531","page","type-page","status-publish"],"_links":{"self":[{"href":"https:\/\/planeta-info.com\/hr\/wp-json\/wp\/v2\/pages\/7531","targetHints":{"allow":["GET"]}}],"collection":[{"href":"https:\/\/planeta-info.com\/hr\/wp-json\/wp\/v2\/pages"}],"about":[{"href":"https:\/\/planeta-info.com\/hr\/wp-json\/wp\/v2\/types\/page"}],"author":[{"embeddable":true,"href":"https:\/\/planeta-info.com\/hr\/wp-json\/wp\/v2\/users\/3"}],"replies":[{"embeddable":true,"href":"https:\/\/planeta-info.com\/hr\/wp-json\/wp\/v2\/comments?post=7531"}],"version-history":[{"count":1,"href":"https:\/\/planeta-info.com\/hr\/wp-json\/wp\/v2\/pages\/7531\/revisions"}],"predecessor-version":[{"id":7532,"href":"https:\/\/planeta-info.com\/hr\/wp-json\/wp\/v2\/pages\/7531\/revisions\/7532"}],"wp:attachment":[{"href":"https:\/\/planeta-info.com\/hr\/wp-json\/wp\/v2\/media?parent=7531"}],"curies":[{"name":"radni list","href":"https:\/\/api.w.org\/{rel}","templated":true}]}}