{"id":7529,"date":"2023-10-21T22:33:55","date_gmt":"2023-10-21T22:33:55","guid":{"rendered":"https:\/\/planeta-info.com\/?page_id=7529"},"modified":"2023-10-21T22:33:56","modified_gmt":"2023-10-21T22:33:56","slug":"politika-privatnosti","status":"publish","type":"page","link":"https:\/\/planeta-info.com\/hr\/politica-de-privacidade\/","title":{"rendered":"Politika privatnosti"},"content":{"rendered":"<p>Va\u0161a privatnost nam je va\u017ena. Politika Planeta Info je da po\u0161tuje va\u0161u privatnost u vezi sa svim podacima koje mo\u017eemo prikupiti na web stranici. <a href=\"https:\/\/planeta-info.com\/hr\/\">Informacije o planetu<\/a>, i druge stranice koje posjedujemo i kojima upravljamo.<\/p>\n<p>Osobne podatke tra\u017eimo samo kada su nam doista potrebni kako bismo vam pru\u017eili uslugu. To \u010dinimo po\u0161tenim i zakonitim sredstvima, uz va\u0161e znanje i pristanak. Tako\u0111er vam ka\u017eemo za\u0161to ih prikupljamo i kako \u0107emo ih koristiti.<\/p>\n<p>Prikupljene podatke zadr\u017eavamo samo onoliko dugo koliko je potrebno za pru\u017eanje tra\u017eene usluge. Kada pohranjujemo podatke, \u0161titimo ih u okviru komercijalno prihvatljivih sredstava kako bismo sprije\u010dili gubitak i kra\u0111u, kao i neovla\u0161teni pristup, otkrivanje, kopiranje, kori\u0161tenje ili modificiranje.<\/p>\n<p>Ne dijelimo osobne podatke javno ili s tre\u0107im stranama, osim kada to zahtijeva zakon.<\/p>\n<p>Na\u0161a web stranica mo\u017ee sadr\u017eavati poveznice na vanjske web stranice kojima ne upravljamo mi. Imajte na umu da nemamo kontrolu nad sadr\u017eajem i praksama ovih stranica i ne mo\u017eemo prihvatiti odgovornost za njihova pravila privatnosti.<\/p>\n<p>Slobodni ste odbiti na\u0161 zahtjev za va\u0161im osobnim podacima, uz razumijevanje da vam mo\u017eda ne\u0107emo mo\u0107i pru\u017eiti neke od \u017eeljenih usluga.<\/p>\n<p>Va\u0161e daljnje kori\u0161tenje na\u0161e web stranice smatrat \u0107e se prihva\u0107anjem na\u0161e prakse u vezi s privatno\u0161\u0107u i osobnim podacima. Ako imate bilo kakvih pitanja o tome kako postupamo s korisni\u010dkim podacima i osobnim podacima, obratite nam se.<\/p>\n<h3>Politika kola\u010di\u0107a Planeta Info<\/h3>\n<h3>\u0160to su kola\u010di\u0107i?<\/h3>\n<p>Kao \u0161to je uobi\u010dajena praksa kod gotovo svih profesionalnih web stranica, ova stranica koristi kola\u010di\u0107e, male datoteke koje se preuzimaju na va\u0161e ra\u010dunalo, kako bi pobolj\u0161ali va\u0161e iskustvo. Ova stranica opisuje koje informacije prikupljaju, kako ih koristimo i za\u0161to ponekad moramo pohraniti te kola\u010di\u0107e. Tako\u0111er \u0107emo podijeliti s vama kako mo\u017eete sprije\u010diti pohranjivanje ovih kola\u010di\u0107a, ali to mo\u017ee smanjiti ili &#039;pokvariti&#039; odre\u0111ene elemente funkcionalnosti stranice.<\/p>\n<h3>Kako koristimo kola\u010di\u0107e?<\/h3>\n<p>Koristimo kola\u010di\u0107e iz vi\u0161e razloga, koji su detaljno navedeni u nastavku. Na\u017ealost, u ve\u0107ini slu\u010dajeva ne postoje industrijske standardne opcije za onemogu\u0107avanje kola\u010di\u0107a bez potpunog onemogu\u0107avanja funkcionalnosti i zna\u010dajki koje oni dodaju ovoj stranici. Preporu\u010da se da ostavite sve kola\u010di\u0107e ako niste sigurni trebaju li vam ili ne u slu\u010daju da se koriste za pru\u017eanje usluge koju koristite.<\/p>\n<h3>Onemogu\u0107i kola\u010di\u0107e<\/h3>\n<p>Postavljanje kola\u010di\u0107a mo\u017eete sprije\u010diti pode\u0161avanjem postavki preglednika (pogledajte pomo\u0107 preglednika kako to u\u010diniti). Imajte na umu da \u0107e onemogu\u0107avanje kola\u010di\u0107a utjecati na funkcionalnost ove i mnogih drugih web stranica koje posje\u0107ujete. Onemogu\u0107avanje kola\u010di\u0107a op\u0107enito \u0107e rezultirati onemogu\u0107avanjem odre\u0111enih funkcija i zna\u010dajki ove web stranice. Stoga se preporu\u010duje da ne onemogu\u0107ite kola\u010di\u0107e.<\/p>\n<h3>Kola\u010di\u0107e postavljamo<\/h3>\n<ul>\n<li>Kola\u010di\u0107i vezani uz ra\u010dun Ako kreirate ra\u010dun kod nas, koristit \u0107emo kola\u010di\u0107e za upravljanje postupkom prijave i op\u0107u administraciju. Ti \u0107e kola\u010di\u0107i obi\u010dno biti izbrisani kada se odjavite, ali u nekim slu\u010dajevima mogu ostati i nakon toga kako bi zapamtili postavke va\u0161e stranice kada se odjavite.<\/li>\n<li>Kola\u010di\u0107i povezani s prijavom Koristimo kola\u010di\u0107e kada ste prijavljeni kako bismo mogli zapamtiti ovu radnju. To vas \u0161tedi potrebe da se prijavljujete svaki put kada posjetite novu stranicu. Ovi se kola\u010di\u0107i obi\u010dno uklanjaju ili bri\u0161u kada se odjavite kako biste bili sigurni da mo\u017eete pristupiti samo ograni\u010denim zna\u010dajkama i podru\u010djima kada ste prijavljeni.<\/li>\n<li>Kola\u010di\u0107i koji se odnose na biltene e-po\u0161tom Ova web stranica nudi usluge pretplate na biltene ili e-po\u0161tu i kola\u010di\u0107i se mogu koristiti za pam\u0107enje jeste li ve\u0107 registrirani i \u017eelite li prikazati odre\u0111ene obavijesti va\u017ee\u0107e samo pretpla\u0107enim\/nepretpla\u0107enim korisnicima.<\/li>\n<li>Kola\u010di\u0107i koji se odnose na obradu narud\u017ebi Ova stranica nudi mogu\u0107nosti e-trgovine ili pla\u0107anja, a neki su kola\u010di\u0107i klju\u010dni kako bi se osiguralo da se va\u0161a narud\u017eba pamti izme\u0111u stranica kako bismo je mogli ispravno obraditi.<\/li>\n<li>Kola\u010di\u0107i povezani s anketama Povremeno nudimo ankete i upitnike kako bismo pru\u017eili zanimljive informacije, korisne alate ili kako bismo to\u010dnije razumjeli na\u0161u bazu korisnika. Ove ankete mogu koristiti kola\u010di\u0107e da upamte tko je ve\u0107 sudjelovao u anketi ili da daju to\u010dne rezultate nakon \u0161to promijenite stranice.<\/li>\n<li>Kola\u010di\u0107i povezani s obrascima Kada \u0161aljete podatke putem obrasca poput onih koji se nalaze na stranicama za kontakt ili obrascima za komentare, kola\u010di\u0107i se mogu postaviti da pamte va\u0161e korisni\u010dke podatke za budu\u0107u korespondenciju.<\/li>\n<li>Kola\u010di\u0107i postavki web-mjesta Kako bismo vam pru\u017eili sjajno iskustvo na ovom web-mjestu, nudimo funkcionalnost za postavljanje va\u0161ih preferencija za rad ove stranice kada je koristite. Kako bismo zapamtili va\u0161e postavke, moramo postaviti kola\u010di\u0107e tako da se te informacije mogu pozvati svaki put kada stupite u interakciju sa stranicom na koju utje\u010du va\u0161e postavke.<\/li>\n<\/ul>\n<h3>Personalizirano ogla\u0161avanje<\/h3>\n<p>Korisnici se mogu isklju\u010diti iz personaliziranog ogla\u0161avanja posjetom <a href=\"https:\/\/adssettings.google.com\/authenticated\">Postavke oglasa<\/a>. Alternativno, mo\u017eete usmjeriti korisnike da pristupe stranici <a href=\"http:\/\/www.aboutads.info\">www.aboutads.info<\/a> kako biste onemogu\u0107ili kori\u0161tenje personaliziranih ogla\u0161iva\u010dkih kola\u010di\u0107a tre\u0107ih strana.<\/p>\n<h3>Kola\u010di\u0107i tre\u0107e strane<\/h3>\n<p>U nekim posebnim slu\u010dajevima koristimo i kola\u010di\u0107e pouzdanih tre\u0107ih strana. Sljede\u0107i odjeljak opisuje na koje kola\u010di\u0107e tre\u0107ih strana mo\u017eete nai\u0107i putem ove web stranice.<\/p>\n<ul>\n<li>Ova stranica koristi Google Analytics koji je jedno od najrasprostranjenijih i najpouzdanijih analiti\u010dkih rje\u0161enja na webu koje nam poma\u017ee razumjeti kako koristite stranicu i na\u010dine na koje mo\u017eemo pobolj\u0161ati va\u0161e iskustvo. Ovi kola\u010di\u0107i mogu pratiti stvari poput vremena koje provodite na web-mjestu i stranica koje posje\u0107ujete kako bismo mogli nastaviti proizvoditi privla\u010dan sadr\u017eaj.<\/li>\n<\/ul>\n<p>Za vi\u0161e informacija o Google Analytics kola\u010di\u0107ima pogledajte slu\u017ebenu stranicu Google Analytics.<\/p>\n<ul>\n<li>Analitika tre\u0107e strane koristi se za pra\u0107enje i mjerenje kori\u0161tenja ove stranice kako bismo mogli nastaviti proizvoditi privla\u010dan sadr\u017eaj. Ovi kola\u010di\u0107i mogu pratiti stvari poput vremena koje provodite na web-mjestu ili stranica koje posje\u0107ujete, \u0161to nam poma\u017ee da shvatimo kako mo\u017eemo pobolj\u0161ati web-mjesto za vas.<\/li>\n<li>Povremeno testiramo nove zna\u010dajke i radimo suptilne promjene u izgledu stranice. Dok jo\u0161 uvijek testiramo nove zna\u010dajke, ovi se kola\u010di\u0107i mogu koristiti kako bismo osigurali dosljedno iskustvo dok ste na web-mjestu dok razumijemo koje optimizacije na\u0161i korisnici najvi\u0161e cijene.<\/li>\n<li>Dok prodajemo proizvode, va\u017eno je razumjeti statistiku o tome koliko posjetitelja na\u0161e web stranice stvarno kupuje, pa je to vrsta podataka koju \u0107e ovi kola\u010di\u0107i pratiti. To vam je va\u017eno jer zna\u010di da mo\u017eemo to\u010dno napraviti poslovne prognoze koje nam omogu\u0107uju analizu na\u0161ih tro\u0161kova ogla\u0161avanja i proizvoda kako bismo osigurali najbolju mogu\u0107u cijenu.<\/li>\n<li>Usluga Google AdSense koju koristimo za poslu\u017eivanje ogla\u0161avanja koristi DoubleClick kola\u010di\u0107 za poslu\u017eivanje relevantnijih oglasa na webu i ograni\u010davanje broja prikaza odre\u0111enog oglasa.<br \/>\nZa vi\u0161e informacija o Google AdSenseu pogledajte slu\u017ebena \u010desto postavljana pitanja o privatnosti Google AdSensea.<\/li>\n<li>Koristimo se oglasima kako bismo nadoknadili tro\u0161kove rada ove stranice i osigurali sredstva za budu\u0107i razvoj. Kola\u010di\u0107i za bihevioralno ogla\u0161avanje koje koristi ova stranica osmi\u0161ljeni su kako bi vam osigurali najrelevantnije oglase gdje je to mogu\u0107e anonimnim pra\u0107enjem va\u0161ih interesa i predstavljanjem sli\u010dnih stvari koje bi vas mogle zanimati.<\/li>\n<li>Nekoliko partnera reklamira u na\u0161e ime, a kola\u010di\u0107i za pra\u0107enje pridru\u017eenih partnera jednostavno nam omogu\u0107uju da vidimo jesu li na\u0161i klijenti pristupili web-mjestu putem web-mjesta na\u0161ih partnera kako bismo ih mogli na odgovaraju\u0107i na\u010din kreditirati i, gdje je primjenjivo, dopustiti na\u0161im pridru\u017eenim partnerima da ponude bilo kakvu promociju koja mo\u017ee vam omogu\u0107iti kupnju.<\/li>\n<\/ul>\n<h3>Obveza korisnika<\/h3>\n<p>Korisnik se obvezuje da \u0107e na odgovaraju\u0107i na\u010din koristiti sadr\u017eaj i informacije koje Planeta Info nudi na web stranicama, a koji su izri\u010ditog ali ne ograni\u010davaju\u0107eg karaktera:<\/p>\n<ul>\n<li>A) Ne sudjelovati u aktivnostima koje su nezakonite ili protivne dobroj vjeri i javnom redu;<\/li>\n<li>B) Nemojte \u0161iriti propagandu ili sadr\u017eaj rasisti\u010dke, ksenofobne ili lo\u0161e prirode, bilo koju vrstu ilegalne pornografije, koja podr\u017eava terorizam ili protiv ljudskih prava;<\/li>\n<li>C) Nemojte uzrokovati \u0161tetu fizi\u010dkim (hardverskim) i logi\u010dkim (softverskim) sustavima Planeta Info, njegovih dobavlja\u010da ili tre\u0107ih strana, za uvo\u0111enje ili \u0161irenje ra\u010dunalnih virusa ili bilo kojih drugih hardverskih ili softverskih sustava koji mogu prouzro\u010diti gore navedene \u0161tete.<\/li>\n<\/ul>\n<h3>Vi\u0161e informacija<\/h3>\n<p>Nadamo se da je to jasno, a kao \u0161to je ranije spomenuto, ako postoji ne\u0161to za \u0161to niste sigurni trebate li ili ne, obi\u010dno je sigurnije ostaviti kola\u010di\u0107e omogu\u0107enima u slu\u010daju da su u interakciji s jednom od zna\u010dajki koje koristite na na\u0161oj stranici.<\/p>\n<p>Ova politika je na snazi od <strong>sije\u010dnja<\/strong>\/<strong>2022<\/strong>.<\/p>","protected":false},"excerpt":{"rendered":"<p>A sua privacidade \u00e9 importante para n\u00f3s. \u00c9 pol\u00edtica do Planeta Info respeitar a sua privacidade em rela\u00e7\u00e3o a qualquer informa\u00e7\u00e3o sua que possamos coletar no site Planeta Info, e outros sites que possu\u00edmos e operamos. Solicitamos informa\u00e7\u00f5es pessoais apenas quando realmente precisamos delas para lhe fornecer um servi\u00e7o. Fazemo-lo por meios justos e legais, [&hellip;]<\/p>\n","protected":false},"author":3,"featured_media":0,"parent":0,"menu_order":0,"comment_status":"closed","ping_status":"closed","template":"","meta":{"footnotes":""},"class_list":["post-7529","page","type-page","status-publish"],"_links":{"self":[{"href":"https:\/\/planeta-info.com\/hr\/wp-json\/wp\/v2\/pages\/7529","targetHints":{"allow":["GET"]}}],"collection":[{"href":"https:\/\/planeta-info.com\/hr\/wp-json\/wp\/v2\/pages"}],"about":[{"href":"https:\/\/planeta-info.com\/hr\/wp-json\/wp\/v2\/types\/page"}],"author":[{"embeddable":true,"href":"https:\/\/planeta-info.com\/hr\/wp-json\/wp\/v2\/users\/3"}],"replies":[{"embeddable":true,"href":"https:\/\/planeta-info.com\/hr\/wp-json\/wp\/v2\/comments?post=7529"}],"version-history":[{"count":1,"href":"https:\/\/planeta-info.com\/hr\/wp-json\/wp\/v2\/pages\/7529\/revisions"}],"predecessor-version":[{"id":7530,"href":"https:\/\/planeta-info.com\/hr\/wp-json\/wp\/v2\/pages\/7529\/revisions\/7530"}],"wp:attachment":[{"href":"https:\/\/planeta-info.com\/hr\/wp-json\/wp\/v2\/media?parent=7529"}],"curies":[{"name":"radni list","href":"https:\/\/api.w.org\/{rel}","templated":true}]}}