{"id":331,"date":"2021-01-15T11:45:26","date_gmt":"2021-01-15T11:45:26","guid":{"rendered":"https:\/\/smartmag.theme-sphere.com\/tech-drop\/typography-post-elements\/"},"modified":"2021-01-15T11:45:26","modified_gmt":"2021-01-15T11:45:26","slug":"tipografski-elementi-posta","status":"publish","type":"page","link":"https:\/\/planeta-info.com\/hr\/typography-post-elements\/","title":{"rendered":"Elementi tipografije"},"content":{"rendered":"<p>Ova stranica prikazuje elemente vezane uz tipografiju i tekst postova i stranica u zadanom ure\u0111iva\u010du WordPressa. Ostale elemente mo\u017eete vidjeti u <a href=\"https:\/\/smartmag.theme-sphere.com\/tech-drop\/welcome-to-the-future-of-wordpress-with-gutenberg\/\" data-type=\"post\" data-id=\"338\"><strong>Gutenbergovi stilovi<\/strong><\/a> objaviti.<\/p>\n\n\n\n<p>Exercitation photo booth stumptown velika torba Banksy, elit small batch freegan sed. Craft pivo elit seitan <a href=\"#\">vje\u017ebanje<\/a>, foto kabina i 8-bitni \u010dips od kelja proident chillwave deep u laborum.<\/p>\n\n\n\n<hr class=\"wp-block-separator has-css-opacity is-style-wide\"\/>\n\n\n\n<p><strong>1. Zadani Pullquote<\/strong><\/p>\n\n\n\n<figure class=\"wp-block-pullquote\"><blockquote><p>Samo \u010detvrtina mladih odraslih je financijski pismena. Ne \u017eelite ih zatrpati u\u017easnim savjetima.<\/p><cite>James Matthews<\/cite><\/blockquote><\/figure>\n\n\n\n<p>Uobi\u010dajeni stil pullquote dostupan je samo s Gutenberg Editorom.<\/p>\n\n\n\n<p><strong>2. Pullquotes Modern<\/strong><\/p>\n\n\n\n<p>Moderni citat dostupan je u klasi\u010dnom i Gutenbergovom ure\u0111iva\u010du. U Gutenbergovom ure\u0111iva\u010du dostupan je kao velika stilska varijanta, dok je u klasi\u010dnom ure\u0111iva\u010du dostupan pod Vi\u0161e stilova kao moderni citat.<\/p>\n\n\n\n<figure class=\"wp-block-pullquote is-style-modern\"><blockquote><p>Ljudi misle da fokus zna\u010di re\u0107i da stvari na koju se morate fokusirati. Ali to uop\u0107e ne zna\u010di. To zna\u010di re\u0107i ne stotinu drugih dobrih ideja koje postoje. Morate pa\u017eljivo birati.<\/p><cite>Shane Doe<\/cite><\/blockquote><\/figure>\n\n\n\n<p><strong>3. Povucite citate u boji<\/strong><\/p>\n\n\n\n<p>S ovom opcijom u Gutenbergu mo\u017eete koristiti bilo koju od opcija boja i za boju pozadine i za tekst.<\/p>\n\n\n\n<figure class=\"wp-block-pullquote is-style-solid-bg has-black-color has-pale-cyan-blue-background-color has-text-color has-background\"><blockquote><p>Samo \u010detvrtina mladih odraslih je financijski pismena. Ne \u017eelite ih zatrpati u\u017easnim savjetima.<\/p><cite><mark style=\"background-color:rgba(0, 0, 0, 0)\" class=\"has-inline-color has-black-color\">Shane Doe<\/mark><\/cite><\/blockquote><\/figure>\n\n\n\n<p><strong>4. Blockquote Default<\/strong><\/p>\n\n\n\n<blockquote class=\"wp-block-quote is-layout-flow wp-block-quote-is-layout-flow\"><p>Ljudi misle da fokus zna\u010di re\u0107i da stvari na koju se morate fokusirati. Ali to uop\u0107e ne zna\u010di. To zna\u010di re\u0107i ne stotinu drugih dobrih ideja koje postoje. Morate pa\u017eljivo birati.<\/p><cite>Shane Doe<\/cite><\/blockquote>\n\n\n\n<p><strong>5. Blockquote Large<\/strong><\/p>\n\n\n\n<blockquote class=\"wp-block-quote is-style-large is-layout-flow wp-block-quote-is-layout-flow\"><p>Ljudi misle da fokus zna\u010di re\u0107i da stvari na koju se morate fokusirati. Ali to uop\u0107e ne zna\u010di. <\/p><\/blockquote>\n\n\n\n<p>Tonx cray commodo, vje\u017ebajte za koju vjerojatno niste \u010duli za njih beard cred. Selfies iPhone Kickstarter, drinking ocat jean shorts fixie consequat.<\/p>\n\n\n\n<hr class=\"wp-block-separator has-css-opacity is-style-dots\"\/>\n\n\n\n<figure class=\"wp-block-pullquote alignright\"><blockquote><p>Evo desno poravnatog citata za povla\u010denje za prikaz ne\u010dega iz \u010dlanka.<\/p><cite>Shane Doe<\/cite><\/blockquote><\/figure>\n\n\n\n<p><strong>Citat povla\u010denja poravnat udesno<\/strong>. Doctor spectrum kilowog lieberman flash gordon wasp the rose tip gardner deadpool spawn master chief guardian, magog ant-man.\u201d Metamorpho trey langstrom crveni \u010duvar, &quot;paklena ma\u010dka, jane foster betty brant stacy x paklena ma\u010dka emma mraz inercija \u017eaba kvazar?&quot; Deadpool, &quot;fancy i grimizni kri\u017ear, bijela kraljica pokolja hiperion.&quot; <\/p>\n\n\n\n<p>Arcanna captain italy thing phoenix jennifer kale robbie burchill, &quot;the rose spawn, unicorn elektra.&quot;<\/p>\n\n\n\n<h2 class=\"wp-block-heading\">Normalne liste<\/h2>\n\n\n\n<p>Exercitation photo booth stumptown velika torba Banksy, elit small batch freegan sed. Craft pivo elit seitan&nbsp;<a href=\"#\">vje\u017ebanje<\/a>, foto kabina i 8-bitni \u010dips od kelja proident chillwave deep u laborum.<\/p>\n\n\n\n<ul class=\"wp-block-list\"><li>Aliquam erat volutpat<\/li><li>Exercitation photo booth stumptown velika torba Banksy<\/li><li>Tempor duis kava jednog porijekla<\/li><li>Magnis dis parturient montes<\/li><\/ul>\n\n\n\n<h2 class=\"wp-block-heading\">Numerirani popisi<\/h2>\n\n\n\n<p>Karirano stumptown po mjeri, biodizel mini brada High Life incidence retro odr\u017eivo 90&#039;s Echo Park Tumblr. Foto kabina i 8-bitni \u010dips od kelja proident chillwave deep u laborum.<\/p>\n\n\n\n<ol class=\"wp-block-list\"><li>Aliquam erat volutpat<\/li><li>Exercitation photo booth stumptown velika torba Banksy<\/li><li>Tempor duis kava jednog porijekla<\/li><li>Magnis dis parturient montes<\/li><\/ol>\n\n\n\n<h1 class=\"wp-block-heading\">Naslov 1<\/h1>\n\n\n\n<p>Meh synth Schlitz, tempor two single-origin kava i sljede\u0107a razina etni\u010dke ki\u010dme s brkovima.<\/p>\n\n\n\n<h2 class=\"wp-block-heading\">Naslov 2<\/h2>\n\n\n\n<p>Sed ut perspiciatis unde omnis iste natus error sit voluptatem Accusantium doloremque laudantium, totam rem aperiam, eaque ipsa.<\/p>\n\n\n\n<h3 class=\"wp-block-heading\">Naslov 3<\/h3>\n\n\n\n<p>Sed ut perspiciatis unde omnis iste natus error sit voluptatem Accusantium doloremque laudantium, totam rem aperiam, eaque ipsa.<\/p>\n\n\n\n<h4 class=\"wp-block-heading\">Naslov 4<\/h4>\n\n\n\n<p>Exercitation photo booth stumptown velika torba Banksy, elit small batch freegan sed.<\/p>\n\n\n\n<h5 class=\"wp-block-heading\">Naslov 5<\/h5>\n\n\n\n<p>Photo booth anim 8-bit hella, PBR 3 vu\u010dja mjese\u010deva brada Helvetica.<\/p>\n\n\n\n<h6 class=\"wp-block-heading\">Naslov 6<\/h6>\n\n\n\n<p>Meh synth Schlitz, tempor two single-origin kava i sljede\u0107a razina etni\u010dke ki\u010dme s brkovima.<\/p>\n\n\n\n<h3 class=\"wp-block-heading\">Uobi\u010dajeni osnovni stilovi<\/h3>\n\n\n\n<p>Fotografija vje\u017ebe&nbsp;<strong>podebljan tekst<\/strong>&nbsp;velika torba&nbsp;<em>kurziv<\/em>, elit mali \u0161areni sed.&nbsp;<a href=\"#\">Link ovdje<\/a>&nbsp;elit seitan&nbsp;<a href=\"#\">vje\u017ebanje<\/a>, fotografija&nbsp;<del>precrtano<\/del>&nbsp;et 8-bitni kale inline kod:&nbsp;<code>strip_tags()<\/code>&nbsp;i kre\u0107e dalje.<\/p>\n\n\n\n<pre class=\"wp-block-preformatted\">uzorak_koda funkcije($tekst) { $tekst = izra\u010dunati_uzorak($tekst); povratak $tekst; }<\/pre>\n\n\n\n<p class=\"has-drop-cap\">Primjer velikih slova ovdje. Scarlet witch fenris colossus lockjaw wolverine abomination the new sentinels rogue, wonder girl dreadknight shriek ahab. Darkman shadow king jaha\u010d duhova sokol neuropat montana oblik barun zemo?<\/p>\n\n\n\n<p>Tra\u017eite vi\u0161e stilova i elemenata? Vidjeti <a href=\"https:\/\/smartmag.theme-sphere.com\/tech-drop\/welcome-to-the-future-of-wordpress-with-gutenberg\/\"><strong>Gutenbergovi stilovi<\/strong><\/a> objaviti.<\/p>","protected":false},"excerpt":{"rendered":"<p>This page shows typography and text related elements of the posts and pages in the default WordPress editor. You can see other elements in the Gutenberg Styles post. Exercitation photo booth stumptown tote bag Banksy, elit small batch freegan sed. Craft beer elit seitan exercitation, photo booth et 8-bit kale chips proident chillwave deep v [&hellip;]<\/p>\n","protected":false},"author":3,"featured_media":0,"parent":0,"menu_order":0,"comment_status":"closed","ping_status":"closed","template":"","meta":{"footnotes":""},"class_list":["post-331","page","type-page","status-publish"],"_links":{"self":[{"href":"https:\/\/planeta-info.com\/hr\/wp-json\/wp\/v2\/pages\/331","targetHints":{"allow":["GET"]}}],"collection":[{"href":"https:\/\/planeta-info.com\/hr\/wp-json\/wp\/v2\/pages"}],"about":[{"href":"https:\/\/planeta-info.com\/hr\/wp-json\/wp\/v2\/types\/page"}],"author":[{"embeddable":true,"href":"https:\/\/planeta-info.com\/hr\/wp-json\/wp\/v2\/users\/3"}],"replies":[{"embeddable":true,"href":"https:\/\/planeta-info.com\/hr\/wp-json\/wp\/v2\/comments?post=331"}],"version-history":[{"count":0,"href":"https:\/\/planeta-info.com\/hr\/wp-json\/wp\/v2\/pages\/331\/revisions"}],"wp:attachment":[{"href":"https:\/\/planeta-info.com\/hr\/wp-json\/wp\/v2\/media?parent=331"}],"curies":[{"name":"radni list","href":"https:\/\/api.w.org\/{rel}","templated":true}]}}