{"id":331,"date":"2021-01-15T11:45:26","date_gmt":"2021-01-15T11:45:26","guid":{"rendered":"https:\/\/smartmag.theme-sphere.com\/tech-drop\/typography-post-elements\/"},"modified":"2021-01-15T11:45:26","modified_gmt":"2021-01-15T11:45:26","slug":"elements-de-publication-de-typographie","status":"publish","type":"page","link":"https:\/\/planeta-info.com\/fr\/typography-post-elements\/","title":{"rendered":"\u00c9l\u00e9ments de typographie"},"content":{"rendered":"<p>Cette page affiche la typographie et les \u00e9l\u00e9ments li\u00e9s au texte des articles et des pages dans l&#039;\u00e9diteur WordPress par d\u00e9faut. Vous pouvez voir d&#039;autres \u00e9l\u00e9ments dans le <a href=\"https:\/\/smartmag.theme-sphere.com\/tech-drop\/welcome-to-the-future-of-wordpress-with-gutenberg\/\" data-type=\"post\" data-id=\"338\"><strong>Styles Gutenberg<\/strong><\/a> poste.<\/p>\n\n\n\n<p>Sac fourre-tout Stumptown pour photomaton d&#039;exercice Banksy, \u00e9lite en petit lot freegan sed. Bi\u00e8re artisanale \u00e9lite seitan <a href=\"#\">exercice<\/a>, photo booth et chips de chou fris\u00e9 8 bits proident chillwave deep v laborum.<\/p>\n\n\n\n<hr class=\"wp-block-separator has-css-opacity is-style-wide\"\/>\n\n\n\n<p><strong>1. Citation par d\u00e9faut<\/strong><\/p>\n\n\n\n<figure class=\"wp-block-pullquote\"><blockquote><p>Seul un quart des jeunes adultes poss\u00e8dent des comp\u00e9tences financi\u00e8res. Vous ne voulez pas les submerger de terribles conseils.<\/p><cite>James Matthieu<\/cite><\/blockquote><\/figure>\n\n\n\n<p>Le style pullquote normal est disponible uniquement avec l\u2019\u00e9diteur Gutenberg.<\/p>\n\n\n\n<p><strong>2. Pullquotes modernes<\/strong><\/p>\n\n\n\n<p>La citation moderne est disponible \u00e0 la fois dans l\u2019\u00e9diteur classique et dans l\u2019\u00e9diteur Gutenberg. Dans l&#039;\u00e9diteur Gutenberg, il est disponible en tant que variante de style Large, tandis que dans l&#039;\u00e9diteur classique, il est disponible sous Plus de styles en tant que citation moderne.<\/p>\n\n\n\n<figure class=\"wp-block-pullquote is-style-modern\"><blockquote><p>Les gens pensent que se concentrer signifie dire oui \u00e0 ce sur quoi on doit se concentrer. Mais ce n\u2019est pas du tout ce que cela signifie. C\u2019est dire non aux centaines d\u2019autres bonnes id\u00e9es qui existent. Il faut choisir avec soin.<\/p><cite>Shane Doe<\/cite><\/blockquote><\/figure>\n\n\n\n<p><strong>3. Pullquotes color\u00e9es<\/strong><\/p>\n\n\n\n<p>Vous pouvez utiliser n\u2019importe quelle option de couleur sur la couleur de l\u2019arri\u00e8re-plan et du texte avec cette option dans Gutenberg.<\/p>\n\n\n\n<figure class=\"wp-block-pullquote is-style-solid-bg has-black-color has-pale-cyan-blue-background-color has-text-color has-background\"><blockquote><p>Seul un quart des jeunes adultes poss\u00e8dent des comp\u00e9tences financi\u00e8res. Vous ne voulez pas les submerger de terribles conseils.<\/p><cite><mark style=\"background-color:rgba(0, 0, 0, 0)\" class=\"has-inline-color has-black-color\">Shane Doe<\/mark><\/cite><\/blockquote><\/figure>\n\n\n\n<p><strong>4. Blockquote par d\u00e9faut<\/strong><\/p>\n\n\n\n<blockquote class=\"wp-block-quote is-layout-flow wp-block-quote-is-layout-flow\"><p>Les gens pensent que se concentrer signifie dire oui \u00e0 ce sur quoi on doit se concentrer. Mais ce n\u2019est pas du tout ce que cela signifie. C\u2019est dire non aux centaines d\u2019autres bonnes id\u00e9es qui existent. Il faut choisir avec soin.<\/p><cite>Shane Doe<\/cite><\/blockquote>\n\n\n\n<p><strong>5. Citation de bloc grande<\/strong><\/p>\n\n\n\n<blockquote class=\"wp-block-quote is-style-large is-layout-flow wp-block-quote-is-layout-flow\"><p>Les gens pensent que se concentrer signifie dire oui \u00e0 ce sur quoi on doit se concentrer. Mais ce n\u2019est pas du tout ce que cela signifie. <\/p><\/blockquote>\n\n\n\n<p>Tonx cray commodo, exercice dont vous n&#039;avez probablement pas entendu parler barbe cred. Selfies iPhone Kickstarter, boire du vinaigre short en jean fixie consequat.<\/p>\n\n\n\n<hr class=\"wp-block-separator has-css-opacity is-style-dots\"\/>\n\n\n\n<figure class=\"wp-block-pullquote alignright\"><blockquote><p>Voici une citation align\u00e9e \u00e0 droite pour montrer quelque chose de l&#039;article.<\/p><cite>Shane Doe<\/cite><\/blockquote><\/figure>\n\n\n\n<p><strong>Pullquote align\u00e9 \u00e0 droite<\/strong>. Docteur Spectrum Kilowog Lieberman Flash Gordon Wasp le gars rose Gardner Deadpool spawn master gardien en chef, Magog Ant-Man. Metamorpho Trey Langstrom Red Guardian, &quot;Hellcat, Jane Foster Betty Brant Stacy x Hellcat Emma Frost Inertia Toad Quasar?&quot; Deadpool, \u00ab le crois\u00e9 cramoisi fantaisie, la reine blanche du carnage hyperion \u00bb. <\/p>\n\n\n\n<p>Arcanna capitaine italie chose ph\u00e9nix jennifer kale robbie burchill, &quot;la rose spawn, licorne elektra&quot;.<\/p>\n\n\n\n<h2 class=\"wp-block-heading\">Listes normales<\/h2>\n\n\n\n<p>Sac fourre-tout Stumptown pour photomaton d&#039;exercice Banksy, \u00e9lite en petit lot freegan sed. Bi\u00e8re artisanale \u00e9lite seitan&nbsp;<a href=\"#\">exercice<\/a>, photo booth et chips de chou fris\u00e9 8 bits proident chillwave deep v laborum.<\/p>\n\n\n\n<ul class=\"wp-block-list\"><li>Aliquam erat volutpat<\/li><li>Sac fourre-tout Stumptown pour cabine photo d&#039;exercice Banksy<\/li><li>Caf\u00e9 d&#039;origine unique Tempor duis<\/li><li>Magnis dis parturient monte<\/li><\/ul>\n\n\n\n<h2 class=\"wp-block-heading\">Listes num\u00e9rot\u00e9es<\/h2>\n\n\n\n<p>Plaid Stumptown sur mesure, mini barbe biodiesel High Life incident r\u00e9tro durable Echo Park Tumblr des ann\u00e9es 90. Photo booth et chips de chou fris\u00e9 8 bits proident chillwave deep v laborum.<\/p>\n\n\n\n<ol class=\"wp-block-list\"><li>Aliquam erat volutpat<\/li><li>Sac fourre-tout Stumptown pour cabine photo d&#039;exercice Banksy<\/li><li>Caf\u00e9 d&#039;origine unique Tempor duis<\/li><li>Magnis dis parturient monte<\/li><\/ol>\n\n\n\n<h1 class=\"wp-block-heading\">Titre 1<\/h1>\n\n\n\n<p>Meh synth\u00e9 Schlitz, tempo deux caf\u00e9s d&#039;origine unique et un sac banane ethnique \u00e0 doigts de niveau sup\u00e9rieur nostrud.<\/p>\n\n\n\n<h2 class=\"wp-block-heading\">Titre 2<\/h2>\n\n\n\n<p>Sed ut perspiciatis unde omnis iste natus error sit voluptatem accusantium doloremque laudantium, totam rem aperiam, eaque ipsa.<\/p>\n\n\n\n<h3 class=\"wp-block-heading\">Titre 3<\/h3>\n\n\n\n<p>Sed ut perspiciatis unde omnis iste natus error sit voluptatem accusantium doloremque laudantium, totam rem aperiam, eaque ipsa.<\/p>\n\n\n\n<h4 class=\"wp-block-heading\">Titre 4<\/h4>\n\n\n\n<p>Sac fourre-tout Stumptown pour photomaton d&#039;exercice Banksy, \u00e9lite en petit lot freegan sed.<\/p>\n\n\n\n<h5 class=\"wp-block-heading\">Titre 5<\/h5>\n\n\n\n<p>Photomaton anim\u00e9 8 bits hella, PBR 3 loup lune barbe Helvetica.<\/p>\n\n\n\n<h6 class=\"wp-block-heading\">Titre 6<\/h6>\n\n\n\n<p>Meh synth\u00e9 Schlitz, tempo deux caf\u00e9s d&#039;origine unique et un sac banane ethnique \u00e0 doigts de niveau sup\u00e9rieur nostrud.<\/p>\n\n\n\n<h3 class=\"wp-block-heading\">Styles de base courants<\/h3>\n\n\n\n<p>Photo d&#039;exercice&nbsp;<strong>texte en gras<\/strong>&nbsp;sac \u00e0 main&nbsp;<em>les italiques<\/em>, \u00e9lite petit sed color\u00e9.&nbsp;<a href=\"#\">Le lien ici<\/a>&nbsp;seitan \u00e9lite&nbsp;<a href=\"#\">exercice<\/a>, photo&nbsp;<del>barr\u00e9<\/del>&nbsp;et code en ligne chou fris\u00e9 8 bits\u00a0:&nbsp;<code>strip_tags()<\/code>&nbsp;et passer \u00e0 autre chose.<\/p>\n\n\n\n<pre class=\"wp-block-preformatted\">function code_sample($text) { $text = calculate_sample($text); renvoie $texte\u00a0; }<\/pre>\n\n\n\n<p class=\"has-drop-cap\">Exemple de lettrines ici. Sorci\u00e8re \u00e9carlate Fenris colossus lockjaw wolverine abomination le nouveau voyou des sentinelles, Wonder Girl Dreadknight crie Achab. Darkman Shadow King Ghost Rider Faucon Neuropathe Montana Forme Baron Zemo ?<\/p>\n\n\n\n<p>Vous recherchez plus de styles et d\u2019\u00e9l\u00e9ments ? Voir <a href=\"https:\/\/smartmag.theme-sphere.com\/tech-drop\/welcome-to-the-future-of-wordpress-with-gutenberg\/\"><strong>Styles Gutenberg<\/strong><\/a> poste.<\/p>","protected":false},"excerpt":{"rendered":"<p>This page shows typography and text related elements of the posts and pages in the default WordPress editor. You can see other elements in the Gutenberg Styles post. Exercitation photo booth stumptown tote bag Banksy, elit small batch freegan sed. Craft beer elit seitan exercitation, photo booth et 8-bit kale chips proident chillwave deep v [&hellip;]<\/p>\n","protected":false},"author":3,"featured_media":0,"parent":0,"menu_order":0,"comment_status":"closed","ping_status":"closed","template":"","meta":{"footnotes":""},"class_list":["post-331","page","type-page","status-publish"],"_links":{"self":[{"href":"https:\/\/planeta-info.com\/fr\/wp-json\/wp\/v2\/pages\/331","targetHints":{"allow":["GET"]}}],"collection":[{"href":"https:\/\/planeta-info.com\/fr\/wp-json\/wp\/v2\/pages"}],"about":[{"href":"https:\/\/planeta-info.com\/fr\/wp-json\/wp\/v2\/types\/page"}],"author":[{"embeddable":true,"href":"https:\/\/planeta-info.com\/fr\/wp-json\/wp\/v2\/users\/3"}],"replies":[{"embeddable":true,"href":"https:\/\/planeta-info.com\/fr\/wp-json\/wp\/v2\/comments?post=331"}],"version-history":[{"count":0,"href":"https:\/\/planeta-info.com\/fr\/wp-json\/wp\/v2\/pages\/331\/revisions"}],"wp:attachment":[{"href":"https:\/\/planeta-info.com\/fr\/wp-json\/wp\/v2\/media?parent=331"}],"curies":[{"name":"wp","href":"https:\/\/api.w.org\/{rel}","templated":true}]}}