{"id":331,"date":"2021-01-15T11:45:26","date_gmt":"2021-01-15T11:45:26","guid":{"rendered":"https:\/\/smartmag.theme-sphere.com\/tech-drop\/typography-post-elements\/"},"modified":"2021-01-15T11:45:26","modified_gmt":"2021-01-15T11:45:26","slug":"elementos-de-publicacion-de-tipografia","status":"publish","type":"page","link":"https:\/\/planeta-info.com\/es\/typography-post-elements\/","title":{"rendered":"Elementos de tipograf\u00eda"},"content":{"rendered":"<p>Esta p\u00e1gina muestra elementos relacionados con la tipograf\u00eda y el texto de las publicaciones y p\u00e1ginas en el editor predeterminado de WordPress. Puedes ver otros elementos en el <a href=\"https:\/\/smartmag.theme-sphere.com\/tech-drop\/welcome-to-the-future-of-wordpress-with-gutenberg\/\" data-type=\"post\" data-id=\"338\"><strong>Estilos de Gutenberg<\/strong><\/a> correo.<\/p>\n\n\n\n<p>Fotomat\u00f3n de ejercicio bolso de mano Stumptown Banksy, elit lote peque\u00f1o freegan sed. Cerveza artesanal \u00e9lite seit\u00e1n <a href=\"#\">ejercicio<\/a>, fotomat\u00f3n y chips de col rizada de 8 bits proident chillwave deep v laborum.<\/p>\n\n\n\n<hr class=\"wp-block-separator has-css-opacity is-style-wide\"\/>\n\n\n\n<p><strong>1. Cotizaci\u00f3n predeterminada<\/strong><\/p>\n\n\n\n<figure class=\"wp-block-pullquote\"><blockquote><p>S\u00f3lo una cuarta parte de los adultos j\u00f3venes tienen conocimientos financieros. No querr\u00e1s abrumarlos con malos consejos.<\/p><cite>James Matthews<\/cite><\/blockquote><\/figure>\n\n\n\n<p>El estilo de cita normal solo est\u00e1 disponible con el Editor Gutenberg.<\/p>\n\n\n\n<p><strong>2. Citas modernas<\/strong><\/p>\n\n\n\n<p>La cita moderna est\u00e1 disponible tanto en el editor cl\u00e1sico como en el de Gutenberg. En el editor Gutenberg, est\u00e1 disponible como variante de estilo Grande, mientras que en el editor cl\u00e1sico, est\u00e1 disponible en M\u00e1s estilos como Cita moderna.<\/p>\n\n\n\n<figure class=\"wp-block-pullquote is-style-modern\"><blockquote><p>La gente piensa que concentrarse significa decir s\u00ed a aquello en lo que debes concentrarte. Pero eso no es lo que significa en absoluto. Significa decir no a las otras cien buenas ideas que existen. Tienes que elegir con cuidado.<\/p><cite>Shane Doe<\/cite><\/blockquote><\/figure>\n\n\n\n<p><strong>3. Citas de colores<\/strong><\/p>\n\n\n\n<p>Puede utilizar cualquiera de las opciones de color tanto en el fondo como en el color del texto con esta opci\u00f3n en Gutenberg.<\/p>\n\n\n\n<figure class=\"wp-block-pullquote is-style-solid-bg has-black-color has-pale-cyan-blue-background-color has-text-color has-background\"><blockquote><p>S\u00f3lo una cuarta parte de los adultos j\u00f3venes tienen conocimientos financieros. No querr\u00e1s abrumarlos con malos consejos.<\/p><cite><mark style=\"background-color:rgba(0, 0, 0, 0)\" class=\"has-inline-color has-black-color\">Shane Doe<\/mark><\/cite><\/blockquote><\/figure>\n\n\n\n<p><strong>4. Cita en bloque predeterminada<\/strong><\/p>\n\n\n\n<blockquote class=\"wp-block-quote is-layout-flow wp-block-quote-is-layout-flow\"><p>La gente piensa que concentrarse significa decir s\u00ed a aquello en lo que debes concentrarte. Pero eso no es lo que significa en absoluto. Significa decir no a las otras cien buenas ideas que existen. Tienes que elegir con cuidado.<\/p><cite>Shane Doe<\/cite><\/blockquote>\n\n\n\n<p><strong>5. Cita en bloque grande<\/strong><\/p>\n\n\n\n<blockquote class=\"wp-block-quote is-style-large is-layout-flow wp-block-quote-is-layout-flow\"><p>La gente piensa que concentrarse significa decir s\u00ed a aquello en lo que debes concentrarte. Pero eso no es lo que significa en absoluto. <\/p><\/blockquote>\n\n\n\n<p>Tonx cray commodo, ejercicio, probablemente no hayas o\u00eddo hablar de ellos. Selfies iPhone Kickstarter, bebiendo vinagre, pantalones cortos de mezclilla fixie consequat.<\/p>\n\n\n\n<hr class=\"wp-block-separator has-css-opacity is-style-dots\"\/>\n\n\n\n<figure class=\"wp-block-pullquote alignright\"><blockquote><p>Aqu\u00ed hay una cita alineada a la derecha para mostrar algo del art\u00edculo.<\/p><cite>Shane Doe<\/cite><\/blockquote><\/figure>\n\n\n\n<p><strong>Pullquote alineado a la derecha<\/strong>. Doctor espectro kilowog lieberman flash gordon avispa el chico rosa gardner deadpool engendro maestro jefe guardi\u00e1n, magog hombre hormiga. Metamorpho trey langstrom guardi\u00e1n rojo, &quot;hellcat, jane foster betty brant stacy x hellcat emma frost inercia sapo quasar?&quot; Deadpool, &quot;elegante cruzado carmes\u00ed dan, carnicer\u00eda reina blanca hiperion&quot;. <\/p>\n\n\n\n<p>Arcanna capit\u00e1n italia cosa f\u00e9nix jennifer kale robbie burchill, &quot;el engendro de la rosa, unicornio elektra&quot;.<\/p>\n\n\n\n<h2 class=\"wp-block-heading\">Listas normales<\/h2>\n\n\n\n<p>Fotomat\u00f3n de ejercicio bolso de mano Stumptown Banksy, elit lote peque\u00f1o freegan sed. Cerveza artesanal \u00e9lite seit\u00e1n&nbsp;<a href=\"#\">ejercicio<\/a>, fotomat\u00f3n y chips de col rizada de 8 bits proident chillwave deep v laborum.<\/p>\n\n\n\n<ul class=\"wp-block-list\"><li>Aliquam erat volutpat<\/li><li>Fotomat\u00f3n de ejercicio bolso de mano stumptown Banksy<\/li><li>Caf\u00e9 Tempor Duis de origen \u00fanico<\/li><li>Magnis dis parturient montes<\/li><\/ul>\n\n\n\n<h2 class=\"wp-block-heading\">Listas numeradas<\/h2>\n\n\n\n<p>Plaid stumptown a medida, mini barba biodiesel Incidencia High Life retro sustentable 90&#039;s Echo Park Tumblr. Fotomat\u00f3n y chips de col rizada de 8 bits proident chillwave deep v laborum.<\/p>\n\n\n\n<ol class=\"wp-block-list\"><li>Aliquam erat volutpat<\/li><li>Fotomat\u00f3n de ejercicio bolso de mano stumptown Banksy<\/li><li>Caf\u00e9 Tempor Duis de origen \u00fanico<\/li><li>Magnis dis parturient montes<\/li><\/ol>\n\n\n\n<h1 class=\"wp-block-heading\">T\u00edtulo 1<\/h1>\n\n\n\n<p>Meh synth Schlitz, dos caf\u00e9s de origen \u00fanico y una ri\u00f1onera \u00e9tnica con bigote nostrud del siguiente nivel.<\/p>\n\n\n\n<h2 class=\"wp-block-heading\">T\u00edtulo 2<\/h2>\n\n\n\n<p>Sed ut perspiciatis unde omnis iste natus error sit voluptatem accusantium doloremque laudantium, totam rem aperiam, eaque ipsa.<\/p>\n\n\n\n<h3 class=\"wp-block-heading\">T\u00edtulo 3<\/h3>\n\n\n\n<p>Sed ut perspiciatis unde omnis iste natus error sit voluptatem accusantium doloremque laudantium, totam rem aperiam, eaque ipsa.<\/p>\n\n\n\n<h4 class=\"wp-block-heading\">T\u00edtulo 4<\/h4>\n\n\n\n<p>Fotomat\u00f3n de ejercicio bolso de mano Stumptown Banksy, elit lote peque\u00f1o freegan sed.<\/p>\n\n\n\n<h5 class=\"wp-block-heading\">T\u00edtulo 5<\/h5>\n\n\n\n<p>Fotomat\u00f3n anim hella de 8 bits, PBR 3 lobo luna barba Helvetica.<\/p>\n\n\n\n<h6 class=\"wp-block-heading\">T\u00edtulo 6<\/h6>\n\n\n\n<p>Meh synth Schlitz, dos caf\u00e9s de origen \u00fanico y una ri\u00f1onera \u00e9tnica con bigote nostrud del siguiente nivel.<\/p>\n\n\n\n<h3 class=\"wp-block-heading\">Estilos b\u00e1sicos comunes<\/h3>\n\n\n\n<p>Foto de ejercicio&nbsp;<strong>texto en negrita<\/strong>&nbsp;bolso de mano&nbsp;<em>las cursivas<\/em>, elit peque\u00f1o color sed.&nbsp;<a href=\"#\">El enlace aqu\u00ed<\/a>&nbsp;\u00e9lite seit\u00e1n&nbsp;<a href=\"#\">ejercicio<\/a>, foto&nbsp;<del>tachado<\/del>&nbsp;y c\u00f3digo en l\u00ednea de col rizada de 8 bits:&nbsp;<code>etiquetas_tira()<\/code>&nbsp;y seguir adelante.<\/p>\n\n\n\n<pre class=\"wp-block-preformatted\">funci\u00f3n c\u00f3digo_muestra ($text) { $text = calcular_muestra ($text); devolver texto $; }<\/pre>\n\n\n\n<p class=\"has-drop-cap\">Ejemplo de may\u00fasculas aqu\u00ed. Bruja escarlata fenris coloso trismo glot\u00f3n abominaci\u00f3n los nuevos centinelas p\u00edcaro, chica maravilla caballero aterrador chillido ahab. Darkman sombra rey fantasma jinete halc\u00f3n neuropata montana forma bar\u00f3n zemo?<\/p>\n\n\n\n<p>\u00bfBuscas m\u00e1s estilos y elementos? Ver <a href=\"https:\/\/smartmag.theme-sphere.com\/tech-drop\/welcome-to-the-future-of-wordpress-with-gutenberg\/\"><strong>Estilos de Gutenberg<\/strong><\/a> correo.<\/p>","protected":false},"excerpt":{"rendered":"<p>This page shows typography and text related elements of the posts and pages in the default WordPress editor. You can see other elements in the Gutenberg Styles post. Exercitation photo booth stumptown tote bag Banksy, elit small batch freegan sed. Craft beer elit seitan exercitation, photo booth et 8-bit kale chips proident chillwave deep v [&hellip;]<\/p>\n","protected":false},"author":3,"featured_media":0,"parent":0,"menu_order":0,"comment_status":"closed","ping_status":"closed","template":"","meta":{"footnotes":""},"class_list":["post-331","page","type-page","status-publish"],"_links":{"self":[{"href":"https:\/\/planeta-info.com\/es\/wp-json\/wp\/v2\/pages\/331","targetHints":{"allow":["GET"]}}],"collection":[{"href":"https:\/\/planeta-info.com\/es\/wp-json\/wp\/v2\/pages"}],"about":[{"href":"https:\/\/planeta-info.com\/es\/wp-json\/wp\/v2\/types\/page"}],"author":[{"embeddable":true,"href":"https:\/\/planeta-info.com\/es\/wp-json\/wp\/v2\/users\/3"}],"replies":[{"embeddable":true,"href":"https:\/\/planeta-info.com\/es\/wp-json\/wp\/v2\/comments?post=331"}],"version-history":[{"count":0,"href":"https:\/\/planeta-info.com\/es\/wp-json\/wp\/v2\/pages\/331\/revisions"}],"wp:attachment":[{"href":"https:\/\/planeta-info.com\/es\/wp-json\/wp\/v2\/media?parent=331"}],"curies":[{"name":"wp","href":"https:\/\/api.w.org\/{rel}","templated":true}]}}