{"id":7529,"date":"2023-10-21T22:33:55","date_gmt":"2023-10-21T22:33:55","guid":{"rendered":"https:\/\/planeta-info.com\/?page_id=7529"},"modified":"2023-10-21T22:33:56","modified_gmt":"2023-10-21T22:33:56","slug":"datenschutzrichtlinie","status":"publish","type":"page","link":"https:\/\/planeta-info.com\/de\/politica-de-privacidade\/","title":{"rendered":"Datenschutzrichtlinie"},"content":{"rendered":"<p>Ihre Privatsph\u00e4re ist uns wichtig. Es ist die Richtlinie von Planeta Info, Ihre Privatsph\u00e4re in Bezug auf alle Informationen zu respektieren, die wir auf der Website sammeln. <a href=\"https:\/\/planeta-info.com\/de\/\">Planeteninformationen<\/a>, und andere Websites, die wir besitzen und betreiben.<\/p>\n<p>Wir fordern personenbezogene Daten nur dann an, wenn wir sie wirklich ben\u00f6tigen, um Ihnen eine Dienstleistung bereitzustellen. Wir tun dies auf faire und legale Weise, mit Ihrem Wissen und Ihrer Zustimmung. Wir erkl\u00e4ren Ihnen auch, warum wir sie sammeln und wie sie verwendet werden.<\/p>\n<p>Wir bewahren die erfassten Informationen nur so lange auf, wie es f\u00fcr die Bereitstellung der angeforderten Dienstleistung erforderlich ist. Wenn wir Daten speichern, sch\u00fctzen wir sie mit kommerziell akzeptablen Mitteln, um Verlust und Diebstahl sowie unbefugten Zugriff, unbefugte Offenlegung, Vervielf\u00e4ltigung, Verwendung oder \u00c4nderung zu verhindern.<\/p>\n<p>Wir geben personenbezogene Daten nicht \u00f6ffentlich oder an Dritte weiter, es sei denn, dies ist gesetzlich vorgeschrieben.<\/p>\n<p>Unsere Website kann Links zu externen Websites enthalten, die nicht von uns betrieben werden. Bitte beachten Sie, dass wir keine Kontrolle \u00fcber den Inhalt und die Praktiken dieser Websites haben und keine Verantwortung f\u00fcr deren jeweilige Datenschutzrichtlinien \u00fcbernehmen k\u00f6nnen.<\/p>\n<p>Es steht Ihnen frei, unsere Anfrage nach Ihren pers\u00f6nlichen Daten abzulehnen, mit der Ma\u00dfgabe, dass wir Ihnen m\u00f6glicherweise einige der von Ihnen gew\u00fcnschten Dienstleistungen nicht anbieten k\u00f6nnen.<\/p>\n<p>Ihre fortgesetzte Nutzung unserer Website gilt als Zustimmung zu unseren Praktiken in Bezug auf Datenschutz und pers\u00f6nliche Daten. Wenn Sie Fragen zum Umgang mit Nutzerdaten und pers\u00f6nlichen Informationen haben, kontaktieren Sie uns bitte.<\/p>\n<h3>Cookie-Richtlinie von Planeta Info<\/h3>\n<h3>Was sind Cookies?<\/h3>\n<p>Wie bei fast allen professionellen Websites \u00fcblich, verwendet diese Website Cookies, kleine Dateien, die auf Ihren Computer heruntergeladen werden, um Ihr Erlebnis zu verbessern. Auf dieser Seite wird beschrieben, welche Informationen sie sammeln, wie wir sie verwenden und warum wir diese Cookies manchmal speichern m\u00fcssen. Wir erkl\u00e4ren Ihnen auch, wie Sie die Speicherung dieser Cookies verhindern k\u00f6nnen. Dies kann jedoch zu einer Beeintr\u00e4chtigung oder \u201eBeeintr\u00e4chtigung\u201c bestimmter Elemente der Website-Funktionalit\u00e4t f\u00fchren.<\/p>\n<h3>Wie verwenden wir Cookies?<\/h3>\n<p>Wir verwenden Cookies aus mehreren Gr\u00fcnden, die im Folgenden n\u00e4her erl\u00e4utert werden. Leider gibt es in den meisten F\u00e4llen keine branchen\u00fcblichen Optionen zum Deaktivieren von Cookies, ohne die Funktionalit\u00e4t und Features, die sie dieser Website hinzuf\u00fcgen, vollst\u00e4ndig zu deaktivieren. Es wird empfohlen, alle Cookies zu belassen, wenn Sie nicht sicher sind, ob Sie sie ben\u00f6tigen oder nicht, falls sie zur Bereitstellung eines von Ihnen genutzten Dienstes verwendet werden.<\/p>\n<h3>Cookies deaktivieren<\/h3>\n<p>Sie k\u00f6nnen das Setzen von Cookies verhindern, indem Sie die Einstellungen Ihres Browsers anpassen (Informationen dazu finden Sie in der Hilfe Ihres Browsers). Bitte beachten Sie, dass die Deaktivierung von Cookies die Funktionalit\u00e4t dieser und vieler anderer von Ihnen besuchter Websites beeintr\u00e4chtigt. Das Deaktivieren von Cookies f\u00fchrt im Allgemeinen dazu, dass bestimmte Funktionen und Merkmale dieser Website deaktiviert werden. Daher wird empfohlen, Cookies nicht zu deaktivieren.<\/p>\n<h3>Von uns gesetzte Cookies<\/h3>\n<ul>\n<li>Kontobezogene CookiesWenn Sie ein Konto bei uns erstellen, verwenden wir Cookies, um den Anmeldevorgang und die allgemeine Verwaltung zu verwalten. Diese Cookies werden in der Regel gel\u00f6scht, wenn Sie sich abmelden. In einigen F\u00e4llen k\u00f6nnen sie jedoch auch danach bestehen bleiben, um Ihre Website-Einstellungen zu speichern, wenn Sie sich abmelden.<\/li>\n<li>Anmeldebezogene CookiesWir verwenden Cookies, wenn Sie angemeldet sind, damit wir uns an diese Aktion erinnern k\u00f6nnen. Dies erspart Ihnen die erneute Anmeldung bei jedem Besuch einer neuen Seite. Diese Cookies werden normalerweise beim Abmelden entfernt oder gel\u00f6scht, um sicherzustellen, dass Sie beim Anmelden nur auf eingeschr\u00e4nkte Funktionen und Bereiche zugreifen k\u00f6nnen.<\/li>\n<li>Cookies im Zusammenhang mit E-Mail-Newslettern: Diese Website bietet Newsletter- oder E-Mail-Abonnementdienste an und Cookies k\u00f6nnen verwendet werden, um sich zu merken, ob Sie bereits registriert sind, und um bestimmte Benachrichtigungen anzuzeigen, die nur f\u00fcr abonnierte\/abgemeldete Benutzer g\u00fcltig sind.<\/li>\n<li>Mit der Verarbeitung von Bestellungen verbundene CookiesDiese Website bietet E-Commerce- oder Zahlungsfunktionen und einige Cookies sind unerl\u00e4sslich, um sicherzustellen, dass Ihre Bestellung zwischen den Seiten gespeichert wird, damit wir sie ordnungsgem\u00e4\u00df verarbeiten k\u00f6nnen.<\/li>\n<li>Umfragebezogene Cookies: Wir bieten regelm\u00e4\u00dfig Umfragen und Frageb\u00f6gen an, um interessante Informationen und n\u00fctzliche Tools bereitzustellen oder um unsere Benutzerbasis genauer zu verstehen. Diese Umfragen k\u00f6nnen Cookies verwenden, um sich zu merken, wer bereits an einer Umfrage teilgenommen hat, oder um genaue Ergebnisse zu liefern, nachdem Sie die Seite gewechselt haben.<\/li>\n<li>Formularbezogene Cookies: Wenn Sie Daten \u00fcber ein Formular \u00fcbermitteln, wie es beispielsweise auf Kontaktseiten oder Kommentarformularen zu finden ist, k\u00f6nnen Cookies gesetzt werden, um Ihre Benutzerdaten f\u00fcr zuk\u00fcnftige Korrespondenz zu speichern.<\/li>\n<li>Cookies f\u00fcr Website-Pr\u00e4ferenzen Um Ihnen ein gro\u00dfartiges Erlebnis auf dieser Website zu bieten, bieten wir die Funktion, Ihre Pr\u00e4ferenzen f\u00fcr die Funktionsweise dieser Website festzulegen, wenn Sie sie verwenden. Um Ihre Pr\u00e4ferenzen zu speichern, m\u00fcssen wir Cookies setzen, damit diese Informationen immer dann abgerufen werden k\u00f6nnen, wenn Sie mit einer Seite interagieren, die von Ihren Pr\u00e4ferenzen betroffen ist.<\/li>\n<\/ul>\n<h3>Personalisierte Werbung<\/h3>\n<p>Benutzer k\u00f6nnen personalisierte Werbung deaktivieren, indem sie die besuchen <a href=\"https:\/\/adssettings.google.com\/authenticated\">Anzeigeneinstellungen<\/a>. Alternativ k\u00f6nnen Sie Benutzer anweisen, auf die Website zuzugreifen <a href=\"http:\/\/www.aboutads.info\">www.aboutads.info<\/a> um die Verwendung personalisierter Werbecookies von Drittanbietern zu deaktivieren.<\/p>\n<h3>Cookies von Drittanbietern<\/h3>\n<p>In einigen Sonderf\u00e4llen verwenden wir auch Cookies von vertrauensw\u00fcrdigen Dritten. Im folgenden Abschnitt erfahren Sie, welche Cookies von Drittanbietern Sie auf dieser Website finden k\u00f6nnen.<\/p>\n<ul>\n<li>Diese Website verwendet Google Analytics, eine der am weitesten verbreiteten und vertrauensw\u00fcrdigsten Analysel\u00f6sungen im Internet, die uns hilft zu verstehen, wie Sie die Website nutzen und wie wir Ihr Erlebnis verbessern k\u00f6nnen. Diese Cookies k\u00f6nnen beispielsweise erfassen, wie lange Sie auf der Website verbringen und welche Seiten Sie besuchen, damit wir weiterhin ansprechende Inhalte erstellen k\u00f6nnen.<\/li>\n<\/ul>\n<p>Weitere Informationen zu Google Analytics-Cookies finden Sie auf der offiziellen Google Analytics-Seite.<\/p>\n<ul>\n<li>Analysen von Drittanbietern werden verwendet, um die Nutzung dieser Website zu verfolgen und zu messen, damit wir weiterhin ansprechende Inhalte produzieren k\u00f6nnen. Diese Cookies k\u00f6nnen Dinge wie die Zeit, die Sie auf der Website verbringen, oder die von Ihnen besuchten Seiten verfolgen, was uns hilft zu verstehen, wie wir die Website f\u00fcr Sie verbessern k\u00f6nnen.<\/li>\n<li>In regelm\u00e4\u00dfigen Abst\u00e4nden testen wir neue Funktionen und nehmen geringf\u00fcgige \u00c4nderungen an der Darstellung der Website vor. Wenn wir noch neue Funktionen testen, k\u00f6nnen diese Cookies verwendet werden, um sicherzustellen, dass Sie auf der Website ein einheitliches Erlebnis haben, w\u00e4hrend wir verstehen, welche Optimierungen unsere Benutzer am meisten sch\u00e4tzen.<\/li>\n<li>Da wir Produkte verkaufen, ist es wichtig, dass wir Statistiken dar\u00fcber haben, wie viele Besucher unserer Website tats\u00e4chlich etwas kaufen. Diese Art von Daten werden daher von diesen Cookies erfasst. Dies ist f\u00fcr Sie wichtig, da wir so genaue Gesch\u00e4ftsprognosen erstellen k\u00f6nnen, die es uns erm\u00f6glichen, unsere Werbe- und Produktkosten zu analysieren, um den bestm\u00f6glichen Preis sicherzustellen.<\/li>\n<li>Der Google AdSense-Dienst, den wir zur Schaltung von Werbung verwenden, verwendet ein DoubleClick-Cookie, um relevantere Anzeigen im gesamten Web zu schalten und die H\u00e4ufigkeit zu begrenzen, mit der Ihnen eine bestimmte Anzeige angezeigt wird.<br \/>\nWeitere Informationen zu Google AdSense finden Sie in den offiziellen Google AdSense-Datenschutz-FAQs.<\/li>\n<li>Wir verwenden Werbung, um die Kosten f\u00fcr den Betrieb dieser Website auszugleichen und Mittel f\u00fcr die zuk\u00fcnftige Entwicklung bereitzustellen. Die von dieser Website verwendeten Cookies f\u00fcr verhaltensbezogene Werbung sollen sicherstellen, dass wir Ihnen m\u00f6glichst relevante Werbung liefern, indem wir Ihre Interessen anonym verfolgen und \u00e4hnliche Dinge pr\u00e4sentieren, die f\u00fcr Sie von Interesse sein k\u00f6nnten.<\/li>\n<li>Mehrere Partner werben in unserem Namen und Affiliate-Tracking-Cookies erm\u00f6glichen es uns lediglich zu sehen, ob unsere Kunden \u00fcber die Websites unserer Partner auf die Website zugegriffen haben, damit wir ihnen eine entsprechende Gutschrift geben k\u00f6nnen und unseren Affiliate-Partnern gegebenenfalls die M\u00f6glichkeit geben k\u00f6nnen, entsprechende Werbeaktionen anzubieten kann Ihnen die M\u00f6glichkeit bieten, einen Kauf zu t\u00e4tigen.<\/li>\n<\/ul>\n<h3>Benutzerverpflichtung<\/h3>\n<p>Der Nutzer verpflichtet sich, die Inhalte und Informationen, die Planeta Info auf der Website anbietet, angemessen zu nutzen und zwar mit aussagekr\u00e4ftigem, aber nicht einschr\u00e4nkendem Charakter:<\/p>\n<ul>\n<li>A) sich nicht an Aktivit\u00e4ten zu beteiligen, die illegal sind oder gegen Treu und Glauben und die \u00f6ffentliche Ordnung versto\u00dfen;<\/li>\n<li>B) Keine Propaganda oder Inhalte rassistischer, fremdenfeindlicher oder b\u00f6sartiger Art, keine illegale Pornografie jeglicher Art, zur Unterst\u00fctzung des Terrorismus oder gegen die Menschenrechte verbreiten;<\/li>\n<li>C) Den physischen (Hardware) und logischen (Software) Systemen von Planeta Info, seinen Lieferanten oder Dritten keinen Schaden zuf\u00fcgen, keine Computerviren oder andere Hardware- oder Softwaresysteme einschleusen oder verbreiten, die die oben genannten Sch\u00e4den verursachen k\u00f6nnen.<\/li>\n<\/ul>\n<h3>Mehr Informationen<\/h3>\n<p>Hoffentlich ist das klar, und wie bereits erw\u00e4hnt: Wenn Sie sich bei etwas nicht sicher sind, ob Sie es ben\u00f6tigen oder nicht, ist es normalerweise sicherer, Cookies aktiviert zu lassen, falls es mit einer der Funktionen interagiert, die Sie auf unserer Website verwenden.<\/p>\n<p>Diese Richtlinie gilt ab <strong>Januar<\/strong>\/<strong>2022<\/strong>.<\/p>","protected":false},"excerpt":{"rendered":"<p>A sua privacidade \u00e9 importante para n\u00f3s. \u00c9 pol\u00edtica do Planeta Info respeitar a sua privacidade em rela\u00e7\u00e3o a qualquer informa\u00e7\u00e3o sua que possamos coletar no site Planeta Info, e outros sites que possu\u00edmos e operamos. Solicitamos informa\u00e7\u00f5es pessoais apenas quando realmente precisamos delas para lhe fornecer um servi\u00e7o. Fazemo-lo por meios justos e legais, [&hellip;]<\/p>\n","protected":false},"author":3,"featured_media":0,"parent":0,"menu_order":0,"comment_status":"closed","ping_status":"closed","template":"","meta":{"footnotes":""},"class_list":["post-7529","page","type-page","status-publish"],"_links":{"self":[{"href":"https:\/\/planeta-info.com\/de\/wp-json\/wp\/v2\/pages\/7529","targetHints":{"allow":["GET"]}}],"collection":[{"href":"https:\/\/planeta-info.com\/de\/wp-json\/wp\/v2\/pages"}],"about":[{"href":"https:\/\/planeta-info.com\/de\/wp-json\/wp\/v2\/types\/page"}],"author":[{"embeddable":true,"href":"https:\/\/planeta-info.com\/de\/wp-json\/wp\/v2\/users\/3"}],"replies":[{"embeddable":true,"href":"https:\/\/planeta-info.com\/de\/wp-json\/wp\/v2\/comments?post=7529"}],"version-history":[{"count":1,"href":"https:\/\/planeta-info.com\/de\/wp-json\/wp\/v2\/pages\/7529\/revisions"}],"predecessor-version":[{"id":7530,"href":"https:\/\/planeta-info.com\/de\/wp-json\/wp\/v2\/pages\/7529\/revisions\/7530"}],"wp:attachment":[{"href":"https:\/\/planeta-info.com\/de\/wp-json\/wp\/v2\/media?parent=7529"}],"curies":[{"name":"wp","href":"https:\/\/api.w.org\/{rel}","templated":true}]}}