{"id":331,"date":"2021-01-15T11:45:26","date_gmt":"2021-01-15T11:45:26","guid":{"rendered":"https:\/\/smartmag.theme-sphere.com\/tech-drop\/typography-post-elements\/"},"modified":"2021-01-15T11:45:26","modified_gmt":"2021-01-15T11:45:26","slug":"typografie-post-elemente","status":"publish","type":"page","link":"https:\/\/planeta-info.com\/de\/typography-post-elements\/","title":{"rendered":"Typografische Elemente"},"content":{"rendered":"<p>Diese Seite zeigt typografische und textbezogene Elemente der Beitr\u00e4ge und Seiten im Standard-WordPress-Editor. Weitere Elemente finden Sie im <a href=\"https:\/\/smartmag.theme-sphere.com\/tech-drop\/welcome-to-the-future-of-wordpress-with-gutenberg\/\" data-type=\"post\" data-id=\"338\"><strong>Gutenberg-Stile<\/strong><\/a> Post.<\/p>\n\n\n\n<p>\u00dcbung Fotokabine Stumptown Einkaufstasche Banksy, Elit Kleinserie Freegan Sed. Craft Beer Elit Seitan <a href=\"#\">\u00dcbung<\/a>, Fotokabine und 8-Bit-Gr\u00fcnkohlchips proident chillwave deep v laborum.<\/p>\n\n\n\n<hr class=\"wp-block-separator has-css-opacity is-style-wide\"\/>\n\n\n\n<p><strong>1. Standard-Pullquote<\/strong><\/p>\n\n\n\n<figure class=\"wp-block-pullquote\"><blockquote><p>Nur ein Viertel der jungen Erwachsenen ist finanziell gebildet. Sie m\u00f6chten sie nicht mit schrecklichen Ratschl\u00e4gen \u00fcberh\u00e4ufen.<\/p><cite>James Matthews<\/cite><\/blockquote><\/figure>\n\n\n\n<p>Der normale Pullquote-Stil ist nur mit dem Gutenberg-Editor verf\u00fcgbar.<\/p>\n\n\n\n<p><strong>2. Pullquotes Modern<\/strong><\/p>\n\n\n\n<p>Das moderne Zitat ist sowohl im klassischen als auch im Gutenberg-Editor verf\u00fcgbar. Im Gutenberg-Editor ist es in der Stilvariante \u201eGro\u00df\u201c verf\u00fcgbar, w\u00e4hrend es im klassischen Editor unter \u201eWeitere Stile\u201c als \u201eModernes Zitat\u201c verf\u00fcgbar ist.<\/p>\n\n\n\n<figure class=\"wp-block-pullquote is-style-modern\"><blockquote><p>Die Leute denken, Fokus bedeute, Ja zu dem zu sagen, worauf man sich konzentrieren muss. Aber das ist \u00fcberhaupt nicht die Bedeutung. Es bedeutet, Nein zu den hundert anderen guten Ideen zu sagen, die es gibt. Sie m\u00fcssen sorgf\u00e4ltig ausw\u00e4hlen.<\/p><cite>Shane Doe<\/cite><\/blockquote><\/figure>\n\n\n\n<p><strong>3. Farbige Pullquotes<\/strong><\/p>\n\n\n\n<p>Mit dieser Option in Gutenberg k\u00f6nnen Sie jede der Farboptionen sowohl f\u00fcr die Hintergrund- als auch f\u00fcr die Textfarbe verwenden.<\/p>\n\n\n\n<figure class=\"wp-block-pullquote is-style-solid-bg has-black-color has-pale-cyan-blue-background-color has-text-color has-background\"><blockquote><p>Nur ein Viertel der jungen Erwachsenen ist finanziell gebildet. Sie m\u00f6chten sie nicht mit schrecklichen Ratschl\u00e4gen \u00fcberh\u00e4ufen.<\/p><cite><mark style=\"background-color:rgba(0, 0, 0, 0)\" class=\"has-inline-color has-black-color\">Shane Doe<\/mark><\/cite><\/blockquote><\/figure>\n\n\n\n<p><strong>4. Blockquote-Standard<\/strong><\/p>\n\n\n\n<blockquote class=\"wp-block-quote is-layout-flow wp-block-quote-is-layout-flow\"><p>Die Leute denken, Fokus bedeute, Ja zu dem zu sagen, worauf man sich konzentrieren muss. Aber das ist \u00fcberhaupt nicht die Bedeutung. Es bedeutet, Nein zu den hundert anderen guten Ideen zu sagen, die es gibt. Sie m\u00fcssen sorgf\u00e4ltig ausw\u00e4hlen.<\/p><cite>Shane Doe<\/cite><\/blockquote>\n\n\n\n<p><strong>5. Blockquote Gro\u00df<\/strong><\/p>\n\n\n\n<blockquote class=\"wp-block-quote is-style-large is-layout-flow wp-block-quote-is-layout-flow\"><p>Die Leute denken, Fokus bedeute, Ja zu dem zu sagen, worauf man sich konzentrieren muss. Aber das ist \u00fcberhaupt nicht die Bedeutung. <\/p><\/blockquote>\n\n\n\n<p>Tonx Cray Commodo, \u00dcbung, von der Sie wahrscheinlich noch nie geh\u00f6rt haben. Selfies iPhone Kickstarter, Essig trinken Jeansshorts Fixie Consequat.<\/p>\n\n\n\n<hr class=\"wp-block-separator has-css-opacity is-style-dots\"\/>\n\n\n\n<figure class=\"wp-block-pullquote alignright\"><blockquote><p>Hier ist ein rechtsb\u00fcndiges Pullquote, um etwas aus dem Artikel anzuzeigen.<\/p><cite>Shane Doe<\/cite><\/blockquote><\/figure>\n\n\n\n<p><strong>Pullquote rechtsb\u00fcndig ausgerichtet<\/strong>. Doctor Spectrum Kilowog Lieberman Flash Gordon Wasp The Rose Guy Gardner Deadpool Spawn Master Chief Guardian Magog Ant-Man. Metamorpho Trey Langstrom Red Guardian, \u201eH\u00f6llenkatze, Jane Foster Betty Brant Stacy x H\u00f6llenkatze Emma Frost Tr\u00e4gheit Kr\u00f6te Quasar?\u201c Deadpool, \u201eFancy Dan Crimson Crusader, Carnage White Queen Hyperion.\u201c <\/p>\n\n\n\n<p>Arcanna, Kapit\u00e4n Italien, Ph\u00f6nix, Jennifer Gr\u00fcnkohl, Robbie Burchill, \u201eDer Rosenbrut, Einhorn Elektra.\u201c<\/p>\n\n\n\n<h2 class=\"wp-block-heading\">Normale Listen<\/h2>\n\n\n\n<p>\u00dcbung Fotokabine Stumptown Einkaufstasche Banksy, Elit Kleinserie Freegan Sed. Craft Beer Elit Seitan&nbsp;<a href=\"#\">\u00dcbung<\/a>, Fotokabine und 8-Bit-Gr\u00fcnkohlchips proident chillwave deep v laborum.<\/p>\n\n\n\n<ul class=\"wp-block-list\"><li>Aliquam erat volutpat<\/li><li>\u00dcbung Fotokabine Stumptown Einkaufstasche Banksy<\/li><li>Tempor duis Single-Origin-Kaffee<\/li><li>Magnis dis parturient montes<\/li><\/ul>\n\n\n\n<h2 class=\"wp-block-heading\">Nummerierte Listen<\/h2>\n\n\n\n<p>Plaid Stumptown ma\u00dfgeschneidert, Biodiesel-Minibart High Life Inzidenz Retro nachhaltig 90er Echo Park Tumblr. Photo Booth und 8-Bit-Gr\u00fcnkohl-Chips proident Chillwave Deep V Laborum.<\/p>\n\n\n\n<ol class=\"wp-block-list\"><li>Aliquam erat volutpat<\/li><li>\u00dcbung Fotokabine Stumptown Einkaufstasche Banksy<\/li><li>Tempor duis Single-Origin-Kaffee<\/li><li>Magnis dis parturient montes<\/li><\/ol>\n\n\n\n<h1 class=\"wp-block-heading\">\u00dcberschrift 1<\/h1>\n\n\n\n<p>Meh Synth Schlitz, tempor zwei Single-Origin-Kaffee und eine ethnische Fingerstache-G\u00fcrteltasche der n\u00e4chsten Stufe Nostrud.<\/p>\n\n\n\n<h2 class=\"wp-block-heading\">\u00dcberschrift 2<\/h2>\n\n\n\n<p>Ich bin der Meinung, dass die ganze Zeit ein Fehler ist, und l\u00fcge nicht, ich werde nichts mehr sagen, ich werde nichts mehr sagen, alles ist falsch.<\/p>\n\n\n\n<h3 class=\"wp-block-heading\">\u00dcberschrift 3<\/h3>\n\n\n\n<p>Ich bin der Meinung, dass die ganze Zeit ein Fehler ist, und l\u00fcge nicht, ich werde nichts mehr sagen, ich werde nichts mehr sagen, alles ist falsch.<\/p>\n\n\n\n<h4 class=\"wp-block-heading\">\u00dcberschrift 4<\/h4>\n\n\n\n<p>\u00dcbung Fotokabine Stumptown Einkaufstasche Banksy, Elit Kleinserie Freegan Sed.<\/p>\n\n\n\n<h5 class=\"wp-block-heading\">\u00dcberschrift 5<\/h5>\n\n\n\n<p>Photo Booth Animation 8-Bit Hella, PBR 3 Wolf Mondbart Helvetica.<\/p>\n\n\n\n<h6 class=\"wp-block-heading\">\u00dcberschrift 6<\/h6>\n\n\n\n<p>Meh Synth Schlitz, tempor zwei Single-Origin-Kaffee und eine ethnische Fingerstache-G\u00fcrteltasche der n\u00e4chsten Stufe Nostrud.<\/p>\n\n\n\n<h3 class=\"wp-block-heading\">Gemeinsame Grundstile<\/h3>\n\n\n\n<p>\u00dcbungsfoto&nbsp;<strong>fetter Text<\/strong>&nbsp;Tragetasche&nbsp;<em>die Kursivschrift<\/em>, Elit kleine farbige Sed.&nbsp;<a href=\"#\">Der Link hier<\/a>&nbsp;Elit-Seitan&nbsp;<a href=\"#\">\u00dcbung<\/a>, Foto&nbsp;<del>durchgestrichen<\/del>&nbsp;und 8-Bit-Gr\u00fcnkohl-Inline-Code:&nbsp;<code>strip_tags()<\/code>&nbsp;und weitermachen.<\/p>\n\n\n\n<pre class=\"wp-block-preformatted\">function code_sample($text) { $text = compute_sample($text); return $text; }<\/pre>\n\n\n\n<p class=\"has-drop-cap\">Beispiel f\u00fcr Initialen hier. Scharlachrote Hexe, Fenris, Koloss, Wundstarrkrampf, Vielfra\u00df, Abscheulichkeit, der neue W\u00e4chter, Schurke, Wunderm\u00e4dchen, Schreckensritter, Schrei, Ahab. Darkman Schattenk\u00f6nig Geisterreiter Falke Neuropath Montana Form Baron Zemo?<\/p>\n\n\n\n<p>Suchen Sie nach weiteren Stilen und Elementen? Sehen <a href=\"https:\/\/smartmag.theme-sphere.com\/tech-drop\/welcome-to-the-future-of-wordpress-with-gutenberg\/\"><strong>Gutenberg-Stile<\/strong><\/a> Post.<\/p>","protected":false},"excerpt":{"rendered":"<p>This page shows typography and text related elements of the posts and pages in the default WordPress editor. You can see other elements in the Gutenberg Styles post. Exercitation photo booth stumptown tote bag Banksy, elit small batch freegan sed. Craft beer elit seitan exercitation, photo booth et 8-bit kale chips proident chillwave deep v [&hellip;]<\/p>\n","protected":false},"author":3,"featured_media":0,"parent":0,"menu_order":0,"comment_status":"closed","ping_status":"closed","template":"","meta":{"footnotes":""},"class_list":["post-331","page","type-page","status-publish"],"_links":{"self":[{"href":"https:\/\/planeta-info.com\/de\/wp-json\/wp\/v2\/pages\/331","targetHints":{"allow":["GET"]}}],"collection":[{"href":"https:\/\/planeta-info.com\/de\/wp-json\/wp\/v2\/pages"}],"about":[{"href":"https:\/\/planeta-info.com\/de\/wp-json\/wp\/v2\/types\/page"}],"author":[{"embeddable":true,"href":"https:\/\/planeta-info.com\/de\/wp-json\/wp\/v2\/users\/3"}],"replies":[{"embeddable":true,"href":"https:\/\/planeta-info.com\/de\/wp-json\/wp\/v2\/comments?post=331"}],"version-history":[{"count":0,"href":"https:\/\/planeta-info.com\/de\/wp-json\/wp\/v2\/pages\/331\/revisions"}],"wp:attachment":[{"href":"https:\/\/planeta-info.com\/de\/wp-json\/wp\/v2\/media?parent=331"}],"curies":[{"name":"wp","href":"https:\/\/api.w.org\/{rel}","templated":true}]}}