{"id":331,"date":"2021-01-15T11:45:26","date_gmt":"2021-01-15T11:45:26","guid":{"rendered":"https:\/\/smartmag.theme-sphere.com\/tech-drop\/typography-post-elements\/"},"modified":"2021-01-15T11:45:26","modified_gmt":"2021-01-15T11:45:26","slug":"prvky-typografickeho-prispevku","status":"publish","type":"page","link":"https:\/\/planeta-info.com\/cs\/typography-post-elements\/","title":{"rendered":"Prvky typografie"},"content":{"rendered":"<p>Tato str\u00e1nka zobrazuje typografii a prvky souvisej\u00edc\u00ed s textem p\u0159\u00edsp\u011bvk\u016f a str\u00e1nek ve v\u00fdchoz\u00edm editoru WordPress. Dal\u0161\u00ed prvky m\u016f\u017eete vid\u011bt v <a href=\"https:\/\/smartmag.theme-sphere.com\/tech-drop\/welcome-to-the-future-of-wordpress-with-gutenberg\/\" data-type=\"post\" data-id=\"338\"><strong>Gutenberg Styles<\/strong><\/a> po\u0161ta.<\/p>\n\n\n\n<p>Exercita\u010dn\u00ed fotobudka stumptown tote bag Banksy, elitn\u00ed malos\u00e9riov\u00fd freegan sed. \u0158emesln\u00e9 pivo elitn\u00ed seitan <a href=\"#\">cvi\u010den\u00ed<\/a>, fotobudka a 8bitov\u00e9 kale chips proident chillwave deep v laborum.<\/p>\n\n\n\n<hr class=\"wp-block-separator has-css-opacity is-style-wide\"\/>\n\n\n\n<p><strong>1. V\u00fdchoz\u00ed Pullquote<\/strong><\/p>\n\n\n\n<figure class=\"wp-block-pullquote\"><blockquote><p>Pouze \u010dtvrtina mlad\u00fdch dosp\u011bl\u00fdch je finan\u010dn\u011b gramotn\u00e1. Nechcete je zahltit hrozn\u00fdmi radami.<\/p><cite>James Matthews<\/cite><\/blockquote><\/figure>\n\n\n\n<p>Norm\u00e1ln\u00ed styl pullquote je dostupn\u00fd pouze s Gutenberg Editorem.<\/p>\n\n\n\n<p><strong>2. Pullquotes Modern<\/strong><\/p>\n\n\n\n<p>Modern\u00ed citace je k dispozici v klasick\u00e9m i Gutenbergov\u011b editoru. V editoru Gutenberg je k dispozici jako varianta velk\u00e9ho stylu, zat\u00edmco v klasick\u00e9m editoru je k dispozici v \u010d\u00e1sti Dal\u0161\u00ed styly jako Modern Quote.<\/p>\n\n\n\n<figure class=\"wp-block-pullquote is-style-modern\"><blockquote><p>Lid\u00e9 si mysl\u00ed, \u017ee zam\u011b\u0159en\u00ed znamen\u00e1 \u0159\u00edci ano v\u011bci, na kterou se mus\u00edte soust\u0159edit. To ale v\u016fbec neznamen\u00e1. Znamen\u00e1 to \u0159\u00edci ne stovce dal\u0161\u00edch dobr\u00fdch n\u00e1pad\u016f, kter\u00e9 existuj\u00ed. Je t\u0159eba pe\u010dliv\u011b vyb\u00edrat.<\/p><cite>Shane Doe<\/cite><\/blockquote><\/figure>\n\n\n\n<p><strong>3. Vyt\u00e1hn\u011bte barevn\u00e9 uvozovky<\/strong><\/p>\n\n\n\n<p>S touto mo\u017enost\u00ed v Gutenberg m\u016f\u017eete pou\u017e\u00edt kteroukoli z barevn\u00fdch mo\u017enost\u00ed pro barvu pozad\u00ed i textu.<\/p>\n\n\n\n<figure class=\"wp-block-pullquote is-style-solid-bg has-black-color has-pale-cyan-blue-background-color has-text-color has-background\"><blockquote><p>Pouze \u010dtvrtina mlad\u00fdch dosp\u011bl\u00fdch je finan\u010dn\u011b gramotn\u00e1. Nechcete je zahltit hrozn\u00fdmi radami.<\/p><cite><mark style=\"background-color:rgba(0, 0, 0, 0)\" class=\"has-inline-color has-black-color\">Shane Doe<\/mark><\/cite><\/blockquote><\/figure>\n\n\n\n<p><strong>4. Blockquote Default<\/strong><\/p>\n\n\n\n<blockquote class=\"wp-block-quote is-layout-flow wp-block-quote-is-layout-flow\"><p>Lid\u00e9 si mysl\u00ed, \u017ee zam\u011b\u0159en\u00ed znamen\u00e1 \u0159\u00edci ano v\u011bci, na kterou se mus\u00edte soust\u0159edit. To ale v\u016fbec neznamen\u00e1. Znamen\u00e1 to \u0159\u00edci ne stovce dal\u0161\u00edch dobr\u00fdch n\u00e1pad\u016f, kter\u00e9 existuj\u00ed. Je t\u0159eba pe\u010dliv\u011b vyb\u00edrat.<\/p><cite>Shane Doe<\/cite><\/blockquote>\n\n\n\n<p><strong>5. Blockquote Large<\/strong><\/p>\n\n\n\n<blockquote class=\"wp-block-quote is-style-large is-layout-flow wp-block-quote-is-layout-flow\"><p>Lid\u00e9 si mysl\u00ed, \u017ee zam\u011b\u0159en\u00ed znamen\u00e1 \u0159\u00edci ano v\u011bci, na kterou se mus\u00edte soust\u0159edit. To ale v\u016fbec neznamen\u00e1. <\/p><\/blockquote>\n\n\n\n<p>Tonx cray commodo, cvi\u010den\u00ed, kter\u00e9 jste o nich pravd\u011bpodobn\u011b nesly\u0161eli. Selfies iPhone Kickstarter, pit\u00ed octa d\u017e\u00ednov\u00e9 \u0161ortky fixie consequat.<\/p>\n\n\n\n<hr class=\"wp-block-separator has-css-opacity is-style-dots\"\/>\n\n\n\n<figure class=\"wp-block-pullquote alignright\"><blockquote><p>Zde je citace zarovnan\u00e1 vpravo, kter\u00e1 ukazuje n\u011bco z \u010dl\u00e1nku.<\/p><cite>Shane Doe<\/cite><\/blockquote><\/figure>\n\n\n\n<p><strong>Uvozovky zarovnan\u00e9 doprava<\/strong>. Doktorsk\u00e9 spektrum kilowog lieberman flash gordon vosa r\u016f\u017eov\u00fd chl\u00e1pek gardner deadpool spawn mistr hlavn\u00ed opatrovn\u00edk, magog ant-man.\u201c Metamorpho trey langstrom \u010derven\u00fd str\u00e1\u017ece, &quot;hellcat, jane Foster betty brant stacy x hellcat emma frost setrva\u010dnost ropucha kvasar?&quot; Deadpool, \u201eefektn\u00ed dan crimson k\u0159i\u017e\u00e1k, krveprolit\u00ed b\u00edl\u00e9 kr\u00e1lovny hyperion\u201c. <\/p>\n\n\n\n<p>Kapit\u00e1n Arcanny, it\u00e1lie, v\u011bc f\u00e9nix jennifer kale robbie burchill, \u201ev\u00fdt\u011br r\u016f\u017ee, jednoro\u017eec elektra\u201c.<\/p>\n\n\n\n<h2 class=\"wp-block-heading\">Norm\u00e1ln\u00ed seznamy<\/h2>\n\n\n\n<p>Exercita\u010dn\u00ed fotobudka stumptown tote bag Banksy, elitn\u00ed malos\u00e9riov\u00fd freegan sed. \u0158emesln\u00e9 pivo elitn\u00ed seitan&nbsp;<a href=\"#\">cvi\u010den\u00ed<\/a>, fotobudka a 8bitov\u00e9 kale chips proident chillwave deep v laborum.<\/p>\n\n\n\n<ul class=\"wp-block-list\"><li>Aliquam erat volutpat<\/li><li>Cvi\u010den\u00ed fotobudka stumptown tote bag Banksy<\/li><li>Jednozlo\u017ekov\u00e1 k\u00e1va Tempor duis<\/li><li>Magnis disparturient montes<\/li><\/ul>\n\n\n\n<h2 class=\"wp-block-heading\">\u010c\u00edslovan\u00e9 seznamy<\/h2>\n\n\n\n<p>Kostkovan\u00e9 stumptown na m\u00edru, biodieselov\u00e9 mini vousy High Life Incidence retro udr\u017eiteln\u00e9 90. l\u00e9ta Echo Park Tumblr. Fotobudka a 8bitov\u00e9 kale chips proident chillwave deep v laborum.<\/p>\n\n\n\n<ol class=\"wp-block-list\"><li>Aliquam erat volutpat<\/li><li>Cvi\u010den\u00ed fotobudka stumptown tote bag Banksy<\/li><li>Jednozlo\u017ekov\u00e1 k\u00e1va Tempor duis<\/li><li>Magnis disparturient montes<\/li><\/ol>\n\n\n\n<h1 class=\"wp-block-heading\">Nadpis 1<\/h1>\n\n\n\n<p>Meh synth Schlitz, do\u010dasn\u00fd dva single-origin coffee a dal\u0161\u00ed \u00farove\u0148 etnick\u00e9 fingerstache fanny pack nostrud.<\/p>\n\n\n\n<h2 class=\"wp-block-heading\">Nadpis 2<\/h2>\n\n\n\n<p>Sed ut perspiciatis unde omnis iste natus error sit voluptatem accusantium doloremque laudantium, totam rem aperiam, eaque ipsa.<\/p>\n\n\n\n<h3 class=\"wp-block-heading\">Nadpis 3<\/h3>\n\n\n\n<p>Sed ut perspiciatis unde omnis iste natus error sit voluptatem accusantium doloremque laudantium, totam rem aperiam, eaque ipsa.<\/p>\n\n\n\n<h4 class=\"wp-block-heading\">Nadpis 4<\/h4>\n\n\n\n<p>Exercita\u010dn\u00ed fotobudka stumptown tote bag Banksy, elitn\u00ed mal\u00e1 d\u00e1vka freegan sed.<\/p>\n\n\n\n<h5 class=\"wp-block-heading\">Nadpis 5<\/h5>\n\n\n\n<p>Fotobudka anim 8-bit hella, PBR 3 vl\u010d\u00ed m\u011bs\u00edc vousy Helvetica.<\/p>\n\n\n\n<h6 class=\"wp-block-heading\">Nadpis 6<\/h6>\n\n\n\n<p>Meh synth Schlitz, do\u010dasn\u00fd dva single-origin coffee a dal\u0161\u00ed \u00farove\u0148 etnick\u00e9 fingerstache fanny pack nostrud.<\/p>\n\n\n\n<h3 class=\"wp-block-heading\">Spole\u010dn\u00e9 z\u00e1kladn\u00ed styly<\/h3>\n\n\n\n<p>Foto cvi\u010den\u00ed&nbsp;<strong>tu\u010dn\u00e9 p\u00edsmo<\/strong>&nbsp;ta\u0161ka na p\u0159en\u00e1\u0161en\u00ed&nbsp;<em>kurz\u00edva<\/em>, elitn\u00ed mal\u00fd barevn\u00fd sed.&nbsp;<a href=\"#\">Odkaz zde<\/a>&nbsp;elitn\u00ed seitan&nbsp;<a href=\"#\">cvi\u010den\u00ed<\/a>, foto&nbsp;<del>p\u0159e\u0161krtnout<\/del>&nbsp;et 8bitov\u00fd vlo\u017een\u00fd k\u00f3d kale:&nbsp;<code>strip_tags()<\/code>&nbsp;a j\u00edt d\u00e1l.<\/p>\n\n\n\n<pre class=\"wp-block-preformatted\">function code_sample($text) { $text = compute_sample($text); n\u00e1vrat $text; }<\/pre>\n\n\n\n<p class=\"has-drop-cap\">P\u0159\u00edklad v\u00ed\u010dka zde. \u0160arlatov\u00e1 \u010darod\u011bjnice Fenris kolos lockjaw rosom\u00e1k ohavnost nov\u00ed str\u00e1\u017eci dareb\u00e1ci, divn\u00e1 d\u00edvka, d\u011bsn\u00fd ryt\u00ed\u0159 je\u010det ahab. Darkman st\u00ednov\u00fd kr\u00e1l duch jezdec sokol neuropat montana tvar baron zemo?<\/p>\n\n\n\n<p>Hled\u00e1te v\u00edce styl\u016f a prvk\u016f? Vid\u011bt <a href=\"https:\/\/smartmag.theme-sphere.com\/tech-drop\/welcome-to-the-future-of-wordpress-with-gutenberg\/\"><strong>Gutenberg Styles<\/strong><\/a> po\u0161ta.<\/p>","protected":false},"excerpt":{"rendered":"<p>This page shows typography and text related elements of the posts and pages in the default WordPress editor. You can see other elements in the Gutenberg Styles post. Exercitation photo booth stumptown tote bag Banksy, elit small batch freegan sed. Craft beer elit seitan exercitation, photo booth et 8-bit kale chips proident chillwave deep v [&hellip;]<\/p>\n","protected":false},"author":3,"featured_media":0,"parent":0,"menu_order":0,"comment_status":"closed","ping_status":"closed","template":"","meta":{"footnotes":""},"class_list":["post-331","page","type-page","status-publish"],"_links":{"self":[{"href":"https:\/\/planeta-info.com\/cs\/wp-json\/wp\/v2\/pages\/331","targetHints":{"allow":["GET"]}}],"collection":[{"href":"https:\/\/planeta-info.com\/cs\/wp-json\/wp\/v2\/pages"}],"about":[{"href":"https:\/\/planeta-info.com\/cs\/wp-json\/wp\/v2\/types\/page"}],"author":[{"embeddable":true,"href":"https:\/\/planeta-info.com\/cs\/wp-json\/wp\/v2\/users\/3"}],"replies":[{"embeddable":true,"href":"https:\/\/planeta-info.com\/cs\/wp-json\/wp\/v2\/comments?post=331"}],"version-history":[{"count":0,"href":"https:\/\/planeta-info.com\/cs\/wp-json\/wp\/v2\/pages\/331\/revisions"}],"wp:attachment":[{"href":"https:\/\/planeta-info.com\/cs\/wp-json\/wp\/v2\/media?parent=331"}],"curies":[{"name":"wp","href":"https:\/\/api.w.org\/{rel}","templated":true}]}}